{"id":975,"date":"2023-04-11T14:41:16","date_gmt":"2023-04-11T11:41:16","guid":{"rendered":"https:\/\/taikalyhty.fi\/?post_type=product&#038;p=975"},"modified":"2023-04-11T14:43:32","modified_gmt":"2023-04-11T11:43:32","slug":"led-nauha-cob-vihrea","status":"publish","type":"product","link":"https:\/\/taikalyhty.fi\/en\/product\/led-nauha-cob-vihrea\/","title":{"rendered":"LED-nauha COB, Vihre\u00e4"},"content":{"rendered":"<div data-elementor-type=\"wp-post\" data-elementor-id=\"975\" class=\"elementor elementor-975 elementor-bc-flex-widget\" data-elementor-post-type=\"product\">\n\t\t\t\t\t\t<section class=\"elementor-section elementor-top-section elementor-element elementor-element-7e5055d elementor-section-boxed elementor-section-height-default elementor-section-height-default\" data-id=\"7e5055d\" data-element_type=\"section\" data-e-type=\"section\">\n\t\t\t\t\t\t<div class=\"elementor-container elementor-column-gap-default\">\n\t\t\t\t\t<div class=\"elementor-column elementor-col-100 elementor-top-column elementor-element elementor-element-e2d53fa\" data-id=\"e2d53fa\" data-element_type=\"column\" data-e-type=\"column\">\n\t\t\t<div class=\"elementor-widget-wrap elementor-element-populated\">\n\t\t\t\t\t\t<div class=\"elementor-element elementor-element-c8c594a elementor-widget elementor-widget-text-editor\" data-id=\"c8c594a\" data-element_type=\"widget\" data-e-type=\"widget\" data-widget_type=\"text-editor.default\">\n\t\t\t\t<div class=\"elementor-widget-container\">\n\t\t\t\t\t\t\t\t\t<p>Uuden ajan LED -nauha. T\u00e4ss\u00e4 valonauhassa ledit eiv\u00e4t erotu yksitt\u00e4isin\u00e4 pistein\u00e4, vaan yhten\u00e4isen\u00e4 viivana.\u00a0<ul><li>Hinta 28 \u20ac \/ m<li>504 LED \/ m<li>Himmennett\u00e4viss\u00e4<li>Kirkkaimmillaan eritt\u00e4in kirkas valo<li>V\u00e4ril\u00e4mp\u00f6tila 4000K<li>&gt;90Ra\/1150lm\/m<li>K\u00e4ytt\u00f6j\u00e4nnite 24V DC\u00a0<li>Valaisukulma 180 astetta\t\t\t\t\t\t\t\t<\/div>\n\t\t\t\t<\/div>\n\t\t\t\t\t<\/div>\n\t\t<\/div>\n\t\t\t\t\t<\/div>\n\t\t<\/section>\n\t\t\t\t<section class=\"elementor-section elementor-top-section elementor-element elementor-element-50b2e14 elementor-section-boxed elementor-section-height-default elementor-section-height-default\" data-id=\"50b2e14\" data-element_type=\"section\" data-e-type=\"section\">\n\t\t\t\t\t\t<div class=\"elementor-container elementor-column-gap-default\">\n\t\t\t\t\t<div class=\"elementor-column elementor-col-100 elementor-top-column elementor-element elementor-element-22b89e1\" data-id=\"22b89e1\" data-element_type=\"column\" data-e-type=\"column\">\n\t\t\t<div class=\"elementor-widget-wrap elementor-element-populated\">\n\t\t\t\t\t\t<div class=\"elementor-element elementor-element-b96f979 elementor-widget elementor-widget-image\" data-id=\"b96f979\" data-element_type=\"widget\" data-e-type=\"widget\" data-widget_type=\"image.default\">\n\t\t\t\t<div class=\"elementor-widget-container\">\n\t\t\t\t\t\t\t\t\t\t\t\t\t\t\t<img decoding=\"async\" src=\"https:\/\/taikalyhty.fi\/wp-content\/uploads\/2019\/12\/IMG_8132.jpg\" title=\"\" alt=\"\" loading=\"lazy\" \/>\t\t\t\t\t\t\t\t\t\t\t\t\t\t\t<\/div>\n\t\t\t\t<\/div>\n\t\t\t\t\t<\/div>\n\t\t<\/div>\n\t\t\t\t\t<\/div>\n\t\t<\/section>\n\t\t\t\t<section class=\"elementor-section elementor-top-section elementor-element elementor-element-b2e0073 elementor-section-boxed elementor-section-height-default elementor-section-height-default\" data-id=\"b2e0073\" data-element_type=\"section\" data-e-type=\"section\">\n\t\t\t\t\t\t<div class=\"elementor-container elementor-column-gap-default\">\n\t\t\t\t\t<div class=\"elementor-column elementor-col-100 elementor-top-column elementor-element elementor-element-69d0ce2\" data-id=\"69d0ce2\" data-element_type=\"column\" data-e-type=\"column\">\n\t\t\t<div class=\"elementor-widget-wrap elementor-element-populated\">\n\t\t\t\t\t\t<div class=\"elementor-element elementor-element-3419c1d elementor-widget elementor-widget-image-gallery\" data-id=\"3419c1d\" data-element_type=\"widget\" data-e-type=\"widget\" data-widget_type=\"image-gallery.default\">\n\t\t\t\t<div class=\"elementor-widget-container\">\n\t\t\t\t\t\t\t<div class=\"elementor-image-gallery\">\n\t\t\t\t\t<\/div>\n\t\t\t\t\t\t<\/div>\n\t\t\t\t<\/div>\n\t\t\t\t\t<\/div>\n\t\t<\/div>\n\t\t\t\t\t<\/div>\n\t\t<\/section>\n\t\t\t\t<\/div>","protected":false},"excerpt":{"rendered":"<p>Uuden ajan LED -nauha. T\u00e4ss\u00e4 valonauhassa ledit eiv\u00e4t erotu yksitt\u00e4isin\u00e4 pistein\u00e4, vaan yhten\u00e4isen\u00e4 viivana.\u00a0 Hinta 28 \u20ac \/ m 504 LED \/ m Himmennett\u00e4viss\u00e4 Kirkkaimmillaan eritt\u00e4in kirkas valo V\u00e4ril\u00e4mp\u00f6tila 4000K &gt;90Ra\/1150lm\/m K\u00e4ytt\u00f6j\u00e4nnite 24V DC\u00a0 Valaisukulma 180 astetta<\/p>","protected":false},"featured_media":1036,"template":"","meta":{"_joinchat":[]},"product_brand":[],"product_cat":[44],"product_tag":[],"class_list":{"0":"post-975","1":"product","2":"type-product","3":"status-publish","4":"has-post-thumbnail","6":"product_cat-valot","8":"first","9":"instock","10":"shipping-taxable","11":"purchasable","12":"product-type-simple"},"_links":{"self":[{"href":"https:\/\/taikalyhty.fi\/en\/wp-json\/wp\/v2\/product\/975","targetHints":{"allow":["GET"]}}],"collection":[{"href":"https:\/\/taikalyhty.fi\/en\/wp-json\/wp\/v2\/product"}],"about":[{"href":"https:\/\/taikalyhty.fi\/en\/wp-json\/wp\/v2\/types\/product"}],"wp:featuredmedia":[{"embeddable":true,"href":"https:\/\/taikalyhty.fi\/en\/wp-json\/wp\/v2\/media\/1036"}],"wp:attachment":[{"href":"https:\/\/taikalyhty.fi\/en\/wp-json\/wp\/v2\/media?parent=975"}],"wp:term":[{"taxonomy":"product_brand","embeddable":true,"href":"https:\/\/taikalyhty.fi\/en\/wp-json\/wp\/v2\/product_brand?post=975"},{"taxonomy":"product_cat","embeddable":true,"href":"https:\/\/taikalyhty.fi\/en\/wp-json\/wp\/v2\/product_cat?post=975"},{"taxonomy":"product_tag","embeddable":true,"href":"https:\/\/taikalyhty.fi\/en\/wp-json\/wp\/v2\/product_tag?post=975"}],"curies":[{"name":"wp","href":"https:\/\/api.w.org\/{rel}","templated":true}]}}