{"id":965,"date":"2023-04-11T14:40:52","date_gmt":"2023-04-11T11:40:52","guid":{"rendered":"https:\/\/taikalyhty.fi\/?post_type=product&#038;p=965"},"modified":"2023-04-11T14:43:26","modified_gmt":"2023-04-11T11:43:26","slug":"syma-molto-90x90mm","status":"publish","type":"product","link":"https:\/\/taikalyhty.fi\/en\/product\/syma-molto-90x90mm\/","title":{"rendered":"SYMA-Molto 90x90mm"},"content":{"rendered":"<div data-elementor-type=\"wp-post\" data-elementor-id=\"965\" class=\"elementor elementor-965 elementor-bc-flex-widget\" data-elementor-post-type=\"product\">\n\t\t\t\t\t\t<section class=\"elementor-section elementor-top-section elementor-element elementor-element-1b715ca elementor-section-boxed elementor-section-height-default elementor-section-height-default\" data-id=\"1b715ca\" data-element_type=\"section\" data-e-type=\"section\">\n\t\t\t\t\t\t<div class=\"elementor-container elementor-column-gap-default\">\n\t\t\t\t\t<div class=\"elementor-column elementor-col-100 elementor-top-column elementor-element elementor-element-6df47ff\" data-id=\"6df47ff\" data-element_type=\"column\" data-e-type=\"column\">\n\t\t\t<div class=\"elementor-widget-wrap elementor-element-populated\">\n\t\t\t\t\t\t<div class=\"elementor-element elementor-element-6a10a43 elementor-widget elementor-widget-image\" data-id=\"6a10a43\" data-element_type=\"widget\" data-e-type=\"widget\" data-widget_type=\"image.default\">\n\t\t\t\t<div class=\"elementor-widget-container\">\n\t\t\t\t\t\t\t\t\t\t\t\t\t\t\t<img decoding=\"async\" src=\"https:\/\/taikalyhty.fi\/wp-content\/uploads\/2019\/12\/VMp-interior-Apteekkaripa\u0308ivilla\u0308-2018_edited.jpg\" title=\"\" alt=\"\" loading=\"lazy\" \/>\t\t\t\t\t\t\t\t\t\t\t\t\t\t\t<\/div>\n\t\t\t\t<\/div>\n\t\t\t\t\t<\/div>\n\t\t<\/div>\n\t\t\t\t\t<\/div>\n\t\t<\/section>\n\t\t\t\t<section class=\"elementor-section elementor-top-section elementor-element elementor-element-0db9c77 elementor-section-boxed elementor-section-height-default elementor-section-height-default\" data-id=\"0db9c77\" data-element_type=\"section\" data-e-type=\"section\">\n\t\t\t\t\t\t<div class=\"elementor-container elementor-column-gap-default\">\n\t\t\t\t\t<div class=\"elementor-column elementor-col-100 elementor-top-column elementor-element elementor-element-275b9ec\" data-id=\"275b9ec\" data-element_type=\"column\" data-e-type=\"column\">\n\t\t\t<div class=\"elementor-widget-wrap elementor-element-populated\">\n\t\t\t\t\t\t<div class=\"elementor-element elementor-element-9b6c916 elementor-widget elementor-widget-text-editor\" data-id=\"9b6c916\" data-element_type=\"widget\" data-e-type=\"widget\" data-widget_type=\"text-editor.default\">\n\t\t\t\t<div class=\"elementor-widget-container\">\n\t\t\t\t\t\t\t\t\t<p>SYMA-Molto 90x90mm j\u00e4rjestelm\u00e4\u00e4n meilt\u00e4 l\u00f6ytyy runsaat ev\u00e4\u00e4t. Monipuolinen SYMA on integroitavissa mm. Consta -j\u00e4rjestelm\u00e4\u00e4n luoden n\u00e4in ratkaisut moneen eri ongelmaan. Massiivisuutensa ansiosta SYMA ei kalpene isojenkaan toteutusten edess\u00e4<p>Standardipituudet:<ul><li>910 mm<li>1910 mm<li>2500 mm<li>2910 mm<li>3910 mm<li>4910 mm<p>Tasametrit j\u00e4rjestelm\u00e4ss\u00e4 saavutetaan asentamalla putken p\u00e4\u00e4h\u00e4n 90 x 90 mm kuutio. Lis\u00e4ksi hyllyss\u00e4 raskaita metallijalkoja, jotka piilotettavissa esimerkiksi osaston maton alle ja joilla korkeakin rakenne saadaan n\u00e4pp\u00e4r\u00e4sti pysym\u00e4\u00e4n pystyss\u00e4 ilman ylim\u00e4\u00e4r\u00e4isi\u00e4 tukipuita.<p>Isojenkin kangaspintojen kiinnitt\u00e4minen onnistuu SYMAssa helposti integroitavien nylon -listojen avulla. Kysy rohkeasti ehdotustamme SYMA-Molto -ratkaisuista!\u00a0\t\t\t\t\t\t\t\t<\/div>\n\t\t\t\t<\/div>\n\t\t\t\t\t<\/div>\n\t\t<\/div>\n\t\t\t\t\t<\/div>\n\t\t<\/section>\n\t\t\t\t<section class=\"elementor-section elementor-top-section elementor-element elementor-element-118649b elementor-section-boxed elementor-section-height-default elementor-section-height-default\" data-id=\"118649b\" data-element_type=\"section\" data-e-type=\"section\">\n\t\t\t\t\t\t<div class=\"elementor-container elementor-column-gap-default\">\n\t\t\t\t\t<div class=\"elementor-column elementor-col-100 elementor-top-column elementor-element elementor-element-45ca700\" data-id=\"45ca700\" data-element_type=\"column\" data-e-type=\"column\">\n\t\t\t<div class=\"elementor-widget-wrap elementor-element-populated\">\n\t\t\t\t\t\t<div class=\"elementor-element elementor-element-d7d7db0 elementor-widget elementor-widget-image-gallery\" data-id=\"d7d7db0\" data-element_type=\"widget\" data-e-type=\"widget\" data-widget_type=\"image-gallery.default\">\n\t\t\t\t<div class=\"elementor-widget-container\">\n\t\t\t\t\t\t\t<div class=\"elementor-image-gallery\">\n\t\t\t\t\t<\/div>\n\t\t\t\t\t\t<\/div>\n\t\t\t\t<\/div>\n\t\t\t\t\t<\/div>\n\t\t<\/div>\n\t\t\t\t\t<\/div>\n\t\t<\/section>\n\t\t\t\t<\/div>","protected":false},"excerpt":{"rendered":"<p>15 \u20ac \/ jm. Mahdollista teipata eriv\u00e4riseksi. Teippaus hyllyv\u00e4rill\u00e4 5 \u20ac \/ jm.<\/p>","protected":false},"featured_media":1034,"template":"","meta":{"_joinchat":[]},"product_brand":[],"product_cat":[102],"product_tag":[],"class_list":{"0":"post-965","1":"product","2":"type-product","3":"status-publish","4":"has-post-thumbnail","6":"product_cat-syma-molto","8":"first","9":"instock","10":"shipping-taxable","11":"purchasable","12":"product-type-simple"},"_links":{"self":[{"href":"https:\/\/taikalyhty.fi\/en\/wp-json\/wp\/v2\/product\/965","targetHints":{"allow":["GET"]}}],"collection":[{"href":"https:\/\/taikalyhty.fi\/en\/wp-json\/wp\/v2\/product"}],"about":[{"href":"https:\/\/taikalyhty.fi\/en\/wp-json\/wp\/v2\/types\/product"}],"wp:featuredmedia":[{"embeddable":true,"href":"https:\/\/taikalyhty.fi\/en\/wp-json\/wp\/v2\/media\/1034"}],"wp:attachment":[{"href":"https:\/\/taikalyhty.fi\/en\/wp-json\/wp\/v2\/media?parent=965"}],"wp:term":[{"taxonomy":"product_brand","embeddable":true,"href":"https:\/\/taikalyhty.fi\/en\/wp-json\/wp\/v2\/product_brand?post=965"},{"taxonomy":"product_cat","embeddable":true,"href":"https:\/\/taikalyhty.fi\/en\/wp-json\/wp\/v2\/product_cat?post=965"},{"taxonomy":"product_tag","embeddable":true,"href":"https:\/\/taikalyhty.fi\/en\/wp-json\/wp\/v2\/product_tag?post=965"}],"curies":[{"name":"wp","href":"https:\/\/api.w.org\/{rel}","templated":true}]}}