{"id":961,"date":"2023-04-11T14:40:52","date_gmt":"2023-04-11T11:40:52","guid":{"rendered":"https:\/\/taikalyhty.fi\/?post_type=product&#038;p=961"},"modified":"2023-04-11T14:43:15","modified_gmt":"2023-04-11T11:43:15","slug":"led-nauha-cob","status":"publish","type":"product","link":"https:\/\/taikalyhty.fi\/en\/product\/led-nauha-cob\/","title":{"rendered":"LED-nauha COB"},"content":{"rendered":"<div data-elementor-type=\"wp-post\" data-elementor-id=\"961\" class=\"elementor elementor-961 elementor-bc-flex-widget\" data-elementor-post-type=\"product\">\n\t\t\t\t\t\t<section class=\"elementor-section elementor-top-section elementor-element elementor-element-7e5055d elementor-section-boxed elementor-section-height-default elementor-section-height-default\" data-id=\"7e5055d\" data-element_type=\"section\" data-e-type=\"section\">\n\t\t\t\t\t\t<div class=\"elementor-container elementor-column-gap-default\">\n\t\t\t\t\t<div class=\"elementor-column elementor-col-100 elementor-top-column elementor-element elementor-element-e2d53fa\" data-id=\"e2d53fa\" data-element_type=\"column\" data-e-type=\"column\">\n\t\t\t<div class=\"elementor-widget-wrap elementor-element-populated\">\n\t\t\t\t\t\t<div class=\"elementor-element elementor-element-c8c594a elementor-widget elementor-widget-text-editor\" data-id=\"c8c594a\" data-element_type=\"widget\" data-e-type=\"widget\" data-widget_type=\"text-editor.default\">\n\t\t\t\t<div class=\"elementor-widget-container\">\n\t\t\t\t\t\t\t\t\t<p>Uuden ajan LED -nauha. T\u00e4ss\u00e4 valonauhassa ledit eiv\u00e4t erotu yksitt\u00e4isin\u00e4 pistein\u00e4, vaan yhten\u00e4isen\u00e4 viivana.\u00a0<ul><li>Hinta 28 \u20ac \/ m<li>504 LED \/ m<li>Himmennett\u00e4viss\u00e4<li>Kirkkaimmillaan eritt\u00e4in kirkas valo<li>V\u00e4ril\u00e4mp\u00f6tila 4000K<li>&gt;90Ra\/1150lm\/m<li>K\u00e4ytt\u00f6j\u00e4nnite 24V DC\u00a0<li>Valaisukulma 180 astetta\t\t\t\t\t\t\t\t<\/div>\n\t\t\t\t<\/div>\n\t\t\t\t\t<\/div>\n\t\t<\/div>\n\t\t\t\t\t<\/div>\n\t\t<\/section>\n\t\t\t\t<section class=\"elementor-section elementor-top-section elementor-element elementor-element-50b2e14 elementor-section-boxed elementor-section-height-default elementor-section-height-default\" data-id=\"50b2e14\" data-element_type=\"section\" data-e-type=\"section\">\n\t\t\t\t\t\t<div class=\"elementor-container elementor-column-gap-default\">\n\t\t\t\t\t<div class=\"elementor-column elementor-col-100 elementor-top-column elementor-element elementor-element-22b89e1\" data-id=\"22b89e1\" data-element_type=\"column\" data-e-type=\"column\">\n\t\t\t<div class=\"elementor-widget-wrap elementor-element-populated\">\n\t\t\t\t\t\t<div class=\"elementor-element elementor-element-b96f979 elementor-widget elementor-widget-image\" data-id=\"b96f979\" data-element_type=\"widget\" data-e-type=\"widget\" data-widget_type=\"image.default\">\n\t\t\t\t<div class=\"elementor-widget-container\">\n\t\t\t\t\t\t\t\t\t\t\t\t\t\t\t<img fetchpriority=\"high\" decoding=\"async\" width=\"800\" height=\"640\" src=\"https:\/\/taikalyhty.fi\/wp-content\/uploads\/2023\/05\/posteri-1024x819.png\" class=\"attachment-large size-large wp-image-3788\" alt=\"\" srcset=\"https:\/\/taikalyhty.fi\/wp-content\/uploads\/2023\/05\/posteri-1024x819.png 1024w, https:\/\/taikalyhty.fi\/wp-content\/uploads\/2023\/05\/posteri-300x240.png 300w, https:\/\/taikalyhty.fi\/wp-content\/uploads\/2023\/05\/posteri-150x120.png 150w, https:\/\/taikalyhty.fi\/wp-content\/uploads\/2023\/05\/posteri-768x614.png 768w, https:\/\/taikalyhty.fi\/wp-content\/uploads\/2023\/05\/posteri-15x12.png 15w, https:\/\/taikalyhty.fi\/wp-content\/uploads\/2023\/05\/posteri-400x320.png 400w, https:\/\/taikalyhty.fi\/wp-content\/uploads\/2023\/05\/posteri.png 1500w\" sizes=\"(max-width: 800px) 100vw, 800px\" \/>\t\t\t\t\t\t\t\t\t\t\t\t\t\t\t<\/div>\n\t\t\t\t<\/div>\n\t\t\t\t\t<\/div>\n\t\t<\/div>\n\t\t\t\t\t<\/div>\n\t\t<\/section>\n\t\t\t\t<section class=\"elementor-section elementor-top-section elementor-element elementor-element-b2e0073 elementor-section-boxed elementor-section-height-default elementor-section-height-default\" data-id=\"b2e0073\" data-element_type=\"section\" data-e-type=\"section\">\n\t\t\t\t\t\t<div class=\"elementor-container elementor-column-gap-default\">\n\t\t\t\t\t<div class=\"elementor-column elementor-col-100 elementor-top-column elementor-element elementor-element-69d0ce2\" data-id=\"69d0ce2\" data-element_type=\"column\" data-e-type=\"column\">\n\t\t\t<div class=\"elementor-widget-wrap elementor-element-populated\">\n\t\t\t\t\t\t<div class=\"elementor-element elementor-element-3419c1d elementor-widget elementor-widget-image-gallery\" data-id=\"3419c1d\" data-element_type=\"widget\" data-e-type=\"widget\" data-widget_type=\"image-gallery.default\">\n\t\t\t\t<div class=\"elementor-widget-container\">\n\t\t\t\t\t\t\t<div class=\"elementor-image-gallery\">\n\t\t\t<div id='gallery-1' class='gallery galleryid-961 gallery-columns-2 gallery-size-large'><figure class='gallery-item'>\n\t\t\t<div class='gallery-icon landscape'>\n\t\t\t\t<a data-elementor-open-lightbox=\"yes\" data-elementor-lightbox-slideshow=\"3419c1d\" data-elementor-lightbox-title=\"consta\" data-e-action-hash=\"#elementor-action%3Aaction%3Dlightbox%26settings%3DeyJpZCI6Mzc5MSwidXJsIjoiaHR0cHM6XC9cL3RhaWthbHlodHkuZmlcL3dwLWNvbnRlbnRcL3VwbG9hZHNcLzIwMjNcLzA1XC9jb25zdGEuanBnIiwic2xpZGVzaG93IjoiMzQxOWMxZCJ9\" href='https:\/\/taikalyhty.fi\/wp-content\/uploads\/2023\/05\/consta.jpg'><img decoding=\"async\" width=\"800\" height=\"640\" src=\"https:\/\/taikalyhty.fi\/wp-content\/uploads\/2023\/05\/consta-1024x819.jpg\" class=\"attachment-large size-large\" alt=\"\" srcset=\"https:\/\/taikalyhty.fi\/wp-content\/uploads\/2023\/05\/consta-1024x819.jpg 1024w, https:\/\/taikalyhty.fi\/wp-content\/uploads\/2023\/05\/consta-300x240.jpg 300w, https:\/\/taikalyhty.fi\/wp-content\/uploads\/2023\/05\/consta-150x120.jpg 150w, https:\/\/taikalyhty.fi\/wp-content\/uploads\/2023\/05\/consta-768x614.jpg 768w, https:\/\/taikalyhty.fi\/wp-content\/uploads\/2023\/05\/consta-15x12.jpg 15w, https:\/\/taikalyhty.fi\/wp-content\/uploads\/2023\/05\/consta-400x320.jpg 400w, https:\/\/taikalyhty.fi\/wp-content\/uploads\/2023\/05\/consta.jpg 1500w\" sizes=\"(max-width: 800px) 100vw, 800px\" \/><\/a>\n\t\t\t<\/div><\/figure><figure class='gallery-item'>\n\t\t\t<div class='gallery-icon portrait'>\n\t\t\t\t<a data-elementor-open-lightbox=\"yes\" data-elementor-lightbox-slideshow=\"3419c1d\" data-elementor-lightbox-title=\"High Noon\" data-e-action-hash=\"#elementor-action%3Aaction%3Dlightbox%26settings%3DeyJpZCI6Mzc5MywidXJsIjoiaHR0cHM6XC9cL3RhaWthbHlodHkuZmlcL3dwLWNvbnRlbnRcL3VwbG9hZHNcLzIwMjNcLzA1XC9zb3NpYWFsaS5qcGciLCJzbGlkZXNob3ciOiIzNDE5YzFkIn0%3D\" href='https:\/\/taikalyhty.fi\/wp-content\/uploads\/2023\/05\/sosiaali.jpg'><img decoding=\"async\" width=\"510\" height=\"765\" src=\"https:\/\/taikalyhty.fi\/wp-content\/uploads\/2023\/05\/sosiaali.jpg\" class=\"attachment-large size-large\" alt=\"\" aria-describedby=\"gallery-1-3793\" srcset=\"https:\/\/taikalyhty.fi\/wp-content\/uploads\/2023\/05\/sosiaali.jpg 510w, https:\/\/taikalyhty.fi\/wp-content\/uploads\/2023\/05\/sosiaali-200x300.jpg 200w, https:\/\/taikalyhty.fi\/wp-content\/uploads\/2023\/05\/sosiaali-100x150.jpg 100w, https:\/\/taikalyhty.fi\/wp-content\/uploads\/2023\/05\/sosiaali-8x12.jpg 8w, https:\/\/taikalyhty.fi\/wp-content\/uploads\/2023\/05\/sosiaali-267x400.jpg 267w\" sizes=\"(max-width: 510px) 100vw, 510px\" \/><\/a>\n\t\t\t<\/div>\n\t\t\t\t<figcaption class='wp-caption-text gallery-caption' id='gallery-1-3793'>\n\t\t\t\thyppa\u0308a\u0308ja\u0308110214structure\n\t\t\t\t<\/figcaption><\/figure>\n\t\t<\/div>\n\t\t<\/div>\n\t\t\t\t\t\t<\/div>\n\t\t\t\t<\/div>\n\t\t\t\t\t<\/div>\n\t\t<\/div>\n\t\t\t\t\t<\/div>\n\t\t<\/section>\n\t\t\t\t<\/div>","protected":false},"excerpt":{"rendered":"<p>Uuden ajan LED -nauha. T\u00e4ss\u00e4 valonauhassa ledit eiv\u00e4t erotu yksitt\u00e4isin\u00e4 pistein\u00e4, vaan yhten\u00e4isen\u00e4 viivana. Hinta 28 \u20ac \/ m 504 LED \/ m Himmennett\u00e4viss\u00e4 Kirkkaimmillaan eritt\u00e4in kirkas valo V\u00e4ril\u00e4mp\u00f6tila 4000K &gt;90Ra\/1150lm\/m K\u00e4ytt\u00f6j\u00e4nnite 24V DC Valaisukulma 180 astetta &nbsp; &nbsp;<\/p>","protected":false},"featured_media":1029,"template":"","meta":{"_joinchat":[]},"product_brand":[],"product_cat":[44],"product_tag":[],"class_list":{"0":"post-961","1":"product","2":"type-product","3":"status-publish","4":"has-post-thumbnail","6":"product_cat-valot","8":"first","9":"instock","10":"shipping-taxable","11":"purchasable","12":"product-type-simple"},"_links":{"self":[{"href":"https:\/\/taikalyhty.fi\/en\/wp-json\/wp\/v2\/product\/961","targetHints":{"allow":["GET"]}}],"collection":[{"href":"https:\/\/taikalyhty.fi\/en\/wp-json\/wp\/v2\/product"}],"about":[{"href":"https:\/\/taikalyhty.fi\/en\/wp-json\/wp\/v2\/types\/product"}],"wp:featuredmedia":[{"embeddable":true,"href":"https:\/\/taikalyhty.fi\/en\/wp-json\/wp\/v2\/media\/1029"}],"wp:attachment":[{"href":"https:\/\/taikalyhty.fi\/en\/wp-json\/wp\/v2\/media?parent=961"}],"wp:term":[{"taxonomy":"product_brand","embeddable":true,"href":"https:\/\/taikalyhty.fi\/en\/wp-json\/wp\/v2\/product_brand?post=961"},{"taxonomy":"product_cat","embeddable":true,"href":"https:\/\/taikalyhty.fi\/en\/wp-json\/wp\/v2\/product_cat?post=961"},{"taxonomy":"product_tag","embeddable":true,"href":"https:\/\/taikalyhty.fi\/en\/wp-json\/wp\/v2\/product_tag?post=961"}],"curies":[{"name":"wp","href":"https:\/\/api.w.org\/{rel}","templated":true}]}}