{"id":945,"date":"2023-04-11T14:40:25","date_gmt":"2023-04-11T11:40:25","guid":{"rendered":"https:\/\/taikalyhty.fi\/?post_type=product&#038;p=945"},"modified":"2024-10-31T13:20:49","modified_gmt":"2024-10-31T11:20:49","slug":"valkoinen-baarituoli-matala-k25v-8","status":"publish","type":"product","link":"https:\/\/taikalyhty.fi\/en\/product\/valkoinen-baarituoli-matala-k25v-8\/","title":{"rendered":"Valkoinen baarituoli, matala, K25V (11)"},"content":{"rendered":"<div data-elementor-type=\"wp-post\" data-elementor-id=\"945\" class=\"elementor elementor-945\" data-elementor-post-type=\"product\">\n\t\t\t\t\t\t<section class=\"elementor-section elementor-top-section elementor-element elementor-element-ddfebf8 elementor-section-boxed elementor-section-height-default elementor-section-height-default\" data-id=\"ddfebf8\" data-element_type=\"section\" data-e-type=\"section\">\n\t\t\t\t\t\t<div class=\"elementor-container elementor-column-gap-default\">\n\t\t\t\t\t<div class=\"elementor-column elementor-col-100 elementor-top-column elementor-element elementor-element-643ad36\" data-id=\"643ad36\" data-element_type=\"column\" data-e-type=\"column\">\n\t\t\t<div class=\"elementor-widget-wrap elementor-element-populated\">\n\t\t\t\t\t\t<div class=\"elementor-element elementor-element-6770f91 elementor-widget elementor-widget-text-editor\" data-id=\"6770f91\" data-element_type=\"widget\" data-e-type=\"widget\" data-widget_type=\"text-editor.default\">\n\t\t\t\t<div class=\"elementor-widget-container\">\n\t\t\t\t\t\t\t\t\t<p>Valkoisen baarituolin matalampi malli. Matalampi istumakorkeus sopii optimaalisesti esittelytiskin yhteydess\u00e4 k\u00e4ytett\u00e4v\u00e4ksi.\t\t\t\t\t\t\t\t<\/div>\n\t\t\t\t<\/div>\n\t\t\t\t<div class=\"elementor-element elementor-element-3da1730 elementor-widget elementor-widget-image\" data-id=\"3da1730\" data-element_type=\"widget\" data-e-type=\"widget\" data-widget_type=\"image.default\">\n\t\t\t\t<div class=\"elementor-widget-container\">\n\t\t\t\t\t\t\t\t\t\t\t\t\t\t\t<img decoding=\"async\" src=\"https:\/\/taikalyhty.fi\/wp-content\/uploads\/2018\/08\/IMG_0456-e1535613476838.jpg\" title=\"\" alt=\"\" loading=\"lazy\" \/>\t\t\t\t\t\t\t\t\t\t\t\t\t\t\t<\/div>\n\t\t\t\t<\/div>\n\t\t\t\t\t<\/div>\n\t\t<\/div>\n\t\t\t\t\t<\/div>\n\t\t<\/section>\n\t\t\t\t<\/div>","protected":false},"excerpt":{"rendered":"<p><strong>Istuinkorkeus:<\/strong> 64 cm.<\/p>\n<p>Tyylik\u00e4s valkoinen tuoli joko esittelytiskin tai baarip\u00f6yd\u00e4n yhteyteen. Tuolin selk\u00e4noja tekee osastolle istahtamisesta houkuttelevaa.<\/p>","protected":false},"featured_media":1016,"template":"","meta":{"_joinchat":[]},"product_brand":[],"product_cat":[69,42,107],"product_tag":[],"class_list":{"0":"post-945","1":"product","2":"type-product","3":"status-publish","4":"has-post-thumbnail","6":"product_cat-baarituolit","7":"product_cat-perustuotteet-messuille","8":"product_cat-terveys-ja-talous-paivat-helsinki-27-28-8-2025","10":"first","11":"instock","12":"shipping-taxable","13":"purchasable","14":"product-type-simple"},"_links":{"self":[{"href":"https:\/\/taikalyhty.fi\/en\/wp-json\/wp\/v2\/product\/945","targetHints":{"allow":["GET"]}}],"collection":[{"href":"https:\/\/taikalyhty.fi\/en\/wp-json\/wp\/v2\/product"}],"about":[{"href":"https:\/\/taikalyhty.fi\/en\/wp-json\/wp\/v2\/types\/product"}],"wp:featuredmedia":[{"embeddable":true,"href":"https:\/\/taikalyhty.fi\/en\/wp-json\/wp\/v2\/media\/1016"}],"wp:attachment":[{"href":"https:\/\/taikalyhty.fi\/en\/wp-json\/wp\/v2\/media?parent=945"}],"wp:term":[{"taxonomy":"product_brand","embeddable":true,"href":"https:\/\/taikalyhty.fi\/en\/wp-json\/wp\/v2\/product_brand?post=945"},{"taxonomy":"product_cat","embeddable":true,"href":"https:\/\/taikalyhty.fi\/en\/wp-json\/wp\/v2\/product_cat?post=945"},{"taxonomy":"product_tag","embeddable":true,"href":"https:\/\/taikalyhty.fi\/en\/wp-json\/wp\/v2\/product_tag?post=945"}],"curies":[{"name":"wp","href":"https:\/\/api.w.org\/{rel}","templated":true}]}}