{"id":930,"date":"2023-04-11T14:39:55","date_gmt":"2023-04-11T11:39:55","guid":{"rendered":"https:\/\/taikalyhty.fi\/?post_type=product&#038;p=930"},"modified":"2023-04-11T14:43:20","modified_gmt":"2023-04-11T11:43:20","slug":"xiaomi-mi-laserlahiprojektori","status":"publish","type":"product","link":"https:\/\/taikalyhty.fi\/en\/product\/xiaomi-mi-laserlahiprojektori\/","title":{"rendered":"Xiaomi Mi Laser Projector"},"content":{"rendered":"<p><img fetchpriority=\"high\" decoding=\"async\" src=\"https:\/\/taikalyhty.fi\/wp-content\/uploads\/2019\/12\/Xiaomi-1024x576.jpeg\" sizes=\"(max-width: 1024px) 100vw, 1024px\" srcset=\"https:\/\/taikalyhty.fi\/wp-content\/uploads\/2019\/12\/Xiaomi-1024x576.jpeg 1024w, https:\/\/taikalyhty.fi\/wp-content\/uploads\/2019\/12\/Xiaomi-300x169.jpeg 300w, https:\/\/taikalyhty.fi\/wp-content\/uploads\/2019\/12\/Xiaomi-768x432.jpeg 768w, https:\/\/taikalyhty.fi\/wp-content\/uploads\/2019\/12\/Xiaomi-845x475.jpeg 845w, https:\/\/taikalyhty.fi\/wp-content\/uploads\/2019\/12\/Xiaomi-600x338.jpeg 600w, https:\/\/taikalyhty.fi\/wp-content\/uploads\/2019\/12\/Xiaomi.jpeg 1440w\" alt=\"\" width=\"1024\" height=\"576\" \/><\/p>\n<p>Laserl\u00e4hiprojektorilla teet sein\u00e4st\u00e4 kuin sein\u00e4st\u00e4 eritt\u00e4in tarkan kuvapinnan. T\u00e4m\u00e4 projektori asetetaan yksinkertaisesti sein\u00e4n eteen ja kuvapinnan kokoa saadaan muutettua siirt\u00e4m\u00e4ll\u00e4 projektoria l\u00e4hemm\u00e4s \/ kauemmas sein\u00e4\u00e4 \/ sein\u00e4st\u00e4. 5000 Ansi Lumenin teho takaa hyv\u00e4n n\u00e4kyvyyden my\u00f6s valoisassa tilassa.<\/p>\n<ul aria-label=\"Tuotteesta lyhyesti\">\n<li>5000 Ansi Lumenia<\/li>\n<li>N\u00e4ytt\u00f6 70 &#8211; 150&#8221;<\/li>\n<li>Eritt\u00e4in lyhyt heijastuset\u00e4isyys<\/li>\n<li>Laser valonl\u00e4hde<\/li>\n<li>Toimii hyvin my\u00f6s valoisassa tilassa<\/li>\n<li>\u00a0Sis\u00e4\u00e4nrakennetut eritt\u00e4in tehokkaat Stereo -kaiuttimet<\/li>\n<li>Tarkkuus: Full HD 1080p, WUXGA, 1920 x 1200<\/li>\n<li>Kuvasuhde: 16:9 \/ 16:10<\/li>\n<\/ul>\n<dl class=\"gallery-item\">\n<dt class=\"gallery-icon landscape\"><a href=\"https:\/\/taikalyhty.fi\/wp-content\/uploads\/2019\/12\/IMG_7506.jpg\" data-elementor-open-lightbox=\"default\" data-elementor-lightbox-slideshow=\"c1d857f\"><img decoding=\"async\" src=\"https:\/\/taikalyhty.fi\/wp-content\/uploads\/2019\/12\/IMG_7506-150x150.jpg\" sizes=\"(max-width: 150px) 100vw, 150px\" srcset=\"https:\/\/taikalyhty.fi\/wp-content\/uploads\/2019\/12\/IMG_7506-150x150.jpg 150w, https:\/\/taikalyhty.fi\/wp-content\/uploads\/2019\/12\/IMG_7506-300x300.jpg 300w, https:\/\/taikalyhty.fi\/wp-content\/uploads\/2019\/12\/IMG_7506-100x100.jpg 100w\" alt=\"\" width=\"150\" height=\"150\" \/><\/a><\/dt>\n<\/dl>\n<dl class=\"gallery-item\">\n<dt class=\"gallery-icon landscape\"><a href=\"https:\/\/taikalyhty.fi\/wp-content\/uploads\/2019\/12\/IMG_7513.jpg\" data-elementor-open-lightbox=\"default\" data-elementor-lightbox-slideshow=\"c1d857f\"><img decoding=\"async\" src=\"https:\/\/taikalyhty.fi\/wp-content\/uploads\/2019\/12\/IMG_7513-150x150.jpg\" sizes=\"(max-width: 150px) 100vw, 150px\" srcset=\"https:\/\/taikalyhty.fi\/wp-content\/uploads\/2019\/12\/IMG_7513-150x150.jpg 150w, https:\/\/taikalyhty.fi\/wp-content\/uploads\/2019\/12\/IMG_7513-300x300.jpg 300w, https:\/\/taikalyhty.fi\/wp-content\/uploads\/2019\/12\/IMG_7513-100x100.jpg 100w\" alt=\"\" width=\"150\" height=\"150\" \/><\/a><\/dt>\n<\/dl>\n<p>&nbsp;<\/p>\n<dl class=\"gallery-item\">\n<dt class=\"gallery-icon landscape\"><a href=\"https:\/\/taikalyhty.fi\/wp-content\/uploads\/2019\/12\/Screenshot-2019-12-12-10.25.03.png\" data-elementor-open-lightbox=\"default\" data-elementor-lightbox-slideshow=\"c1d857f\"><img loading=\"lazy\" decoding=\"async\" src=\"https:\/\/taikalyhty.fi\/wp-content\/uploads\/2019\/12\/Screenshot-2019-12-12-10.25.03-150x150.png\" sizes=\"(max-width: 150px) 100vw, 150px\" srcset=\"https:\/\/taikalyhty.fi\/wp-content\/uploads\/2019\/12\/Screenshot-2019-12-12-10.25.03-150x150.png 150w, https:\/\/taikalyhty.fi\/wp-content\/uploads\/2019\/12\/Screenshot-2019-12-12-10.25.03-300x300.png 300w, https:\/\/taikalyhty.fi\/wp-content\/uploads\/2019\/12\/Screenshot-2019-12-12-10.25.03-100x100.png 100w\" alt=\"\" width=\"150\" height=\"150\" \/><\/a><\/dt>\n<\/dl>\n<dl class=\"gallery-item\">\n<dt class=\"gallery-icon landscape\"><a href=\"https:\/\/taikalyhty.fi\/wp-content\/uploads\/2019\/12\/Xiaomi.jpeg\" data-elementor-open-lightbox=\"default\" data-elementor-lightbox-slideshow=\"c1d857f\"><img loading=\"lazy\" decoding=\"async\" src=\"https:\/\/taikalyhty.fi\/wp-content\/uploads\/2019\/12\/Xiaomi-150x150.jpeg\" sizes=\"(max-width: 150px) 100vw, 150px\" srcset=\"https:\/\/taikalyhty.fi\/wp-content\/uploads\/2019\/12\/Xiaomi-150x150.jpeg 150w, https:\/\/taikalyhty.fi\/wp-content\/uploads\/2019\/12\/Xiaomi-300x300.jpeg 300w, https:\/\/taikalyhty.fi\/wp-content\/uploads\/2019\/12\/Xiaomi-100x100.jpeg 100w\" alt=\"\" width=\"150\" height=\"150\" \/><\/a><\/dt>\n<\/dl>\n<p><br style=\"clear: both;\" \/>https:\/\/youtu.be\/m37o09QONEU<\/p>","protected":false},"excerpt":{"rendered":"<p>Laserl\u00e4hiprojektorilla teet sein\u00e4st\u00e4 kuin sein\u00e4st\u00e4 eritt\u00e4in tarkan kuvapinnan. T\u00e4m\u00e4 projektori asetetaan yksinkertaisesti sein\u00e4n eteen ja kuvapinnan kokoa saadaan muutettua siirt\u00e4m\u00e4ll\u00e4 projektoria l\u00e4hemm\u00e4s \/ kauemmas sein\u00e4\u00e4 \/ sein\u00e4st\u00e4. 5000 Ansi Lumenin teho takaa hyv\u00e4n n\u00e4kyvyyden my\u00f6s valoisassa tilassa. 5000 Ansi Lumenia N\u00e4ytt\u00f6 70 &#8211; 150&#8221; Eritt\u00e4in lyhyt heijastuset\u00e4isyys Laser valonl\u00e4hde Toimii hyvin my\u00f6s valoisassa tilassa \u00a0Sis\u00e4\u00e4nrakennetut [&hellip;]<\/p>\n","protected":false},"featured_media":1033,"template":"","meta":{"_joinchat":[]},"product_brand":[],"product_cat":[67,63],"product_tag":[],"class_list":{"0":"post-930","1":"product","2":"type-product","3":"status-publish","4":"has-post-thumbnail","6":"product_cat-naytot","7":"product_cat-screenit-projektorit","9":"first","10":"instock","11":"shipping-taxable","12":"purchasable","13":"product-type-simple"},"_links":{"self":[{"href":"https:\/\/taikalyhty.fi\/en\/wp-json\/wp\/v2\/product\/930","targetHints":{"allow":["GET"]}}],"collection":[{"href":"https:\/\/taikalyhty.fi\/en\/wp-json\/wp\/v2\/product"}],"about":[{"href":"https:\/\/taikalyhty.fi\/en\/wp-json\/wp\/v2\/types\/product"}],"wp:featuredmedia":[{"embeddable":true,"href":"https:\/\/taikalyhty.fi\/en\/wp-json\/wp\/v2\/media\/1033"}],"wp:attachment":[{"href":"https:\/\/taikalyhty.fi\/en\/wp-json\/wp\/v2\/media?parent=930"}],"wp:term":[{"taxonomy":"product_brand","embeddable":true,"href":"https:\/\/taikalyhty.fi\/en\/wp-json\/wp\/v2\/product_brand?post=930"},{"taxonomy":"product_cat","embeddable":true,"href":"https:\/\/taikalyhty.fi\/en\/wp-json\/wp\/v2\/product_cat?post=930"},{"taxonomy":"product_tag","embeddable":true,"href":"https:\/\/taikalyhty.fi\/en\/wp-json\/wp\/v2\/product_tag?post=930"}],"curies":[{"name":"wp","href":"https:\/\/api.w.org\/{rel}","templated":true}]}}