{"id":929,"date":"2023-04-11T14:39:55","date_gmt":"2023-04-11T11:39:55","guid":{"rendered":"https:\/\/taikalyhty.fi\/?post_type=product&#038;p=929"},"modified":"2024-05-02T10:44:46","modified_gmt":"2024-05-02T07:44:46","slug":"varillinen-baaripoydan-kansi","status":"publish","type":"product","link":"https:\/\/taikalyhty.fi\/en\/product\/varillinen-baaripoydan-kansi\/","title":{"rendered":"V\u00e4rillinen baarip\u00f6yd\u00e4n kansi"},"content":{"rendered":"<div data-elementor-type=\"wp-post\" data-elementor-id=\"929\" class=\"elementor elementor-929 elementor-bc-flex-widget\" data-elementor-post-type=\"product\">\n\t\t\t\t\t\t<section class=\"elementor-section elementor-top-section elementor-element elementor-element-7e4dd8c elementor-section-boxed elementor-section-height-default elementor-section-height-default\" data-id=\"7e4dd8c\" data-element_type=\"section\" data-e-type=\"section\">\n\t\t\t\t\t\t<div class=\"elementor-container elementor-column-gap-default\">\n\t\t\t\t\t<div class=\"elementor-column elementor-col-100 elementor-top-column elementor-element elementor-element-f26abd0\" data-id=\"f26abd0\" data-element_type=\"column\" data-e-type=\"column\">\n\t\t\t<div class=\"elementor-widget-wrap elementor-element-populated\">\n\t\t\t\t\t\t<div class=\"elementor-element elementor-element-509831b elementor-widget elementor-widget-image-gallery\" data-id=\"509831b\" data-element_type=\"widget\" data-e-type=\"widget\" data-widget_type=\"image-gallery.default\">\n\t\t\t\t<div class=\"elementor-widget-container\">\n\t\t\t\t\t\t\t<div class=\"elementor-image-gallery\">\n\t\t\t\t\t<\/div>\n\t\t\t\t\t\t<\/div>\n\t\t\t\t<\/div>\n\t\t\t\t\t<\/div>\n\t\t<\/div>\n\t\t\t\t\t<\/div>\n\t\t<\/section>\n\t\t\t\t<\/div>","protected":false},"excerpt":{"rendered":"<p>Kysy rohkeasti vaihtoehtoja!<\/p>\n<p>taikalyhty@taikalyhty.fi<\/p>\n<p>-V\u00e4rivaihtoehtoja esimerkiksi: Vihre\u00e4, punainen, Harmaa<\/p>","protected":false},"featured_media":998,"template":"","meta":{"_joinchat":[]},"product_brand":[],"product_cat":[56,55],"product_tag":[98,79,93,99,100],"class_list":{"0":"post-929","1":"product","2":"type-product","3":"status-publish","4":"has-post-thumbnail","6":"product_cat-baaripoydat","7":"product_cat-poydat","8":"product_tag-baaripoyta","9":"product_tag-harmaa","10":"product_tag-poyta","11":"product_tag-punainen","12":"product_tag-vihrea","14":"first","15":"instock","16":"shipping-taxable","17":"purchasable","18":"product-type-simple"},"_links":{"self":[{"href":"https:\/\/taikalyhty.fi\/en\/wp-json\/wp\/v2\/product\/929","targetHints":{"allow":["GET"]}}],"collection":[{"href":"https:\/\/taikalyhty.fi\/en\/wp-json\/wp\/v2\/product"}],"about":[{"href":"https:\/\/taikalyhty.fi\/en\/wp-json\/wp\/v2\/types\/product"}],"wp:featuredmedia":[{"embeddable":true,"href":"https:\/\/taikalyhty.fi\/en\/wp-json\/wp\/v2\/media\/998"}],"wp:attachment":[{"href":"https:\/\/taikalyhty.fi\/en\/wp-json\/wp\/v2\/media?parent=929"}],"wp:term":[{"taxonomy":"product_brand","embeddable":true,"href":"https:\/\/taikalyhty.fi\/en\/wp-json\/wp\/v2\/product_brand?post=929"},{"taxonomy":"product_cat","embeddable":true,"href":"https:\/\/taikalyhty.fi\/en\/wp-json\/wp\/v2\/product_cat?post=929"},{"taxonomy":"product_tag","embeddable":true,"href":"https:\/\/taikalyhty.fi\/en\/wp-json\/wp\/v2\/product_tag?post=929"}],"curies":[{"name":"wp","href":"https:\/\/api.w.org\/{rel}","templated":true}]}}