{"id":916,"date":"2023-04-11T14:39:30","date_gmt":"2023-04-11T11:39:30","guid":{"rendered":"https:\/\/taikalyhty.fi\/?post_type=product&#038;p=916"},"modified":"2023-04-11T14:45:32","modified_gmt":"2023-04-11T11:45:32","slug":"onnenpyora-profiilimalli","status":"publish","type":"product","link":"https:\/\/taikalyhty.fi\/en\/product\/onnenpyora-profiilimalli\/","title":{"rendered":"Onnenpy\u00f6r\u00e4, profiilimalli"},"content":{"rendered":"<div data-elementor-type=\"wp-post\" data-elementor-id=\"916\" class=\"elementor elementor-916 elementor-bc-flex-widget\" data-elementor-post-type=\"product\">\n\t\t\t\t\t\t<section class=\"elementor-section elementor-top-section elementor-element elementor-element-68b4606 elementor-section-boxed elementor-section-height-default elementor-section-height-default\" data-id=\"68b4606\" data-element_type=\"section\" data-e-type=\"section\">\n\t\t\t\t\t\t<div class=\"elementor-container elementor-column-gap-default\">\n\t\t\t\t\t<div class=\"elementor-column elementor-col-100 elementor-top-column elementor-element elementor-element-5544a3d\" data-id=\"5544a3d\" data-element_type=\"column\" data-e-type=\"column\">\n\t\t\t<div class=\"elementor-widget-wrap elementor-element-populated\">\n\t\t\t\t\t\t<div class=\"elementor-element elementor-element-56a31ad elementor-widget elementor-widget-image\" data-id=\"56a31ad\" data-element_type=\"widget\" data-e-type=\"widget\" data-widget_type=\"image.default\">\n\t\t\t\t<div class=\"elementor-widget-container\">\n\t\t\t\t\t\t\t\t\t\t\t\t\t\t\t<img decoding=\"async\" src=\"https:\/\/taikalyhty.fi\/wp-content\/uploads\/2018\/11\/IMG_3947.jpg\" title=\"\" alt=\"\" loading=\"lazy\" \/>\t\t\t\t\t\t\t\t\t\t\t\t\t\t\t<\/div>\n\t\t\t\t<\/div>\n\t\t\t\t\t<\/div>\n\t\t<\/div>\n\t\t\t\t\t<\/div>\n\t\t<\/section>\n\t\t\t\t<\/div>","protected":false},"excerpt":{"rendered":"<p><strong>Vuokrahinta 130 \u20ac sis\u00e4lt\u00e4\u00e4 uuden kuvakiekon painatuksen.<\/strong><\/p>\n<ul>\n<li>Voidaan asentaa p\u00f6yd\u00e4lle, omille jaloille tai suoraan rakenteeseen (=sein\u00e4\u00e4n)<\/li>\n<li>Laatikko 83 x 98 cm<\/li>\n<li>Tappikiekon halkaisija 64 cm<\/li>\n<li>Kuvakiekon halkaisija 57 cm<\/li>\n<li>V\u00e4litappeja (=v\u00e4lej\u00e4) 32 kpl<\/li>\n<li>Kuvakiekko tehd\u00e4\u00e4n asiakkaan aineistosta<\/li>\n<\/ul>","protected":false},"featured_media":982,"template":"","meta":{"_joinchat":[]},"product_brand":[],"product_cat":[97],"product_tag":[],"class_list":{"0":"post-916","1":"product","2":"type-product","3":"status-publish","4":"has-post-thumbnail","6":"product_cat-onnenpyorat","8":"first","9":"instock","10":"shipping-taxable","11":"purchasable","12":"product-type-variable"},"_links":{"self":[{"href":"https:\/\/taikalyhty.fi\/en\/wp-json\/wp\/v2\/product\/916","targetHints":{"allow":["GET"]}}],"collection":[{"href":"https:\/\/taikalyhty.fi\/en\/wp-json\/wp\/v2\/product"}],"about":[{"href":"https:\/\/taikalyhty.fi\/en\/wp-json\/wp\/v2\/types\/product"}],"wp:featuredmedia":[{"embeddable":true,"href":"https:\/\/taikalyhty.fi\/en\/wp-json\/wp\/v2\/media\/982"}],"wp:attachment":[{"href":"https:\/\/taikalyhty.fi\/en\/wp-json\/wp\/v2\/media?parent=916"}],"wp:term":[{"taxonomy":"product_brand","embeddable":true,"href":"https:\/\/taikalyhty.fi\/en\/wp-json\/wp\/v2\/product_brand?post=916"},{"taxonomy":"product_cat","embeddable":true,"href":"https:\/\/taikalyhty.fi\/en\/wp-json\/wp\/v2\/product_cat?post=916"},{"taxonomy":"product_tag","embeddable":true,"href":"https:\/\/taikalyhty.fi\/en\/wp-json\/wp\/v2\/product_tag?post=916"}],"curies":[{"name":"wp","href":"https:\/\/api.w.org\/{rel}","templated":true}]}}