{"id":907,"date":"2023-04-11T14:39:00","date_gmt":"2023-04-11T11:39:00","guid":{"rendered":"https:\/\/taikalyhty.fi\/?post_type=product&#038;p=907"},"modified":"2025-11-03T13:32:56","modified_gmt":"2025-11-03T11:32:56","slug":"messumatto-r10","status":"publish","type":"product","link":"https:\/\/taikalyhty.fi\/en\/product\/messumatto-r10\/","title":{"rendered":"Fair mat R10"},"content":{"rendered":"","protected":false},"excerpt":{"rendered":"<p>Messumatto asennettuna.\u00a0Tilaa tarvitsemasi neli\u00f6m\u00e4\u00e4r\u00e4 sek\u00e4 ilmoita toivomasi v\u00e4ri tilauksen yhteydess\u00e4.<\/p>\n<p><strong>9 \u20ac \/ m2. <\/strong><\/p>\n<p>Muista my\u00f6s kattava valikoimamme eri lattiavaihtoehdoista:\u00a0https:\/\/taikalyhty.fi\/tuote-osasto\/matot\/<\/p>","protected":false},"featured_media":772,"template":"","meta":{"_joinchat":[]},"product_brand":[],"product_cat":[42],"product_tag":[],"class_list":{"0":"post-907","1":"product","2":"type-product","3":"status-publish","4":"has-post-thumbnail","6":"product_cat-perustuotteet-messuille","8":"first","9":"instock","10":"shipping-taxable","11":"purchasable","12":"product-type-simple"},"_links":{"self":[{"href":"https:\/\/taikalyhty.fi\/en\/wp-json\/wp\/v2\/product\/907","targetHints":{"allow":["GET"]}}],"collection":[{"href":"https:\/\/taikalyhty.fi\/en\/wp-json\/wp\/v2\/product"}],"about":[{"href":"https:\/\/taikalyhty.fi\/en\/wp-json\/wp\/v2\/types\/product"}],"wp:featuredmedia":[{"embeddable":true,"href":"https:\/\/taikalyhty.fi\/en\/wp-json\/wp\/v2\/media\/772"}],"wp:attachment":[{"href":"https:\/\/taikalyhty.fi\/en\/wp-json\/wp\/v2\/media?parent=907"}],"wp:term":[{"taxonomy":"product_brand","embeddable":true,"href":"https:\/\/taikalyhty.fi\/en\/wp-json\/wp\/v2\/product_brand?post=907"},{"taxonomy":"product_cat","embeddable":true,"href":"https:\/\/taikalyhty.fi\/en\/wp-json\/wp\/v2\/product_cat?post=907"},{"taxonomy":"product_tag","embeddable":true,"href":"https:\/\/taikalyhty.fi\/en\/wp-json\/wp\/v2\/product_tag?post=907"}],"curies":[{"name":"wp","href":"https:\/\/api.w.org\/{rel}","templated":true}]}}