{"id":906,"date":"2023-04-11T14:39:00","date_gmt":"2023-04-11T11:39:00","guid":{"rendered":"https:\/\/taikalyhty.fi\/?post_type=product&#038;p=906"},"modified":"2023-04-11T14:41:07","modified_gmt":"2023-04-11T11:41:07","slug":"ruohomatto","status":"publish","type":"product","link":"https:\/\/taikalyhty.fi\/en\/product\/ruohomatto\/","title":{"rendered":"Grass mat"},"content":{"rendered":"","protected":false},"excerpt":{"rendered":"<p>Ruohomatto asennettuna.<\/p>\n<p><strong>15 \u20ac \/ m2<\/strong><\/p>\n<p>Ilmoita tarvitsemasi m\u00e4\u00e4r\u00e4 tilauksen yhteydess\u00e4.<\/p>","protected":false},"featured_media":971,"template":"","meta":{"_joinchat":[]},"product_brand":[],"product_cat":[81],"product_tag":[],"class_list":{"0":"post-906","1":"product","2":"type-product","3":"status-publish","4":"has-post-thumbnail","6":"product_cat-matot-lattiat","8":"first","9":"instock","10":"shipping-taxable","11":"purchasable","12":"product-type-simple"},"_links":{"self":[{"href":"https:\/\/taikalyhty.fi\/en\/wp-json\/wp\/v2\/product\/906","targetHints":{"allow":["GET"]}}],"collection":[{"href":"https:\/\/taikalyhty.fi\/en\/wp-json\/wp\/v2\/product"}],"about":[{"href":"https:\/\/taikalyhty.fi\/en\/wp-json\/wp\/v2\/types\/product"}],"wp:featuredmedia":[{"embeddable":true,"href":"https:\/\/taikalyhty.fi\/en\/wp-json\/wp\/v2\/media\/971"}],"wp:attachment":[{"href":"https:\/\/taikalyhty.fi\/en\/wp-json\/wp\/v2\/media?parent=906"}],"wp:term":[{"taxonomy":"product_brand","embeddable":true,"href":"https:\/\/taikalyhty.fi\/en\/wp-json\/wp\/v2\/product_brand?post=906"},{"taxonomy":"product_cat","embeddable":true,"href":"https:\/\/taikalyhty.fi\/en\/wp-json\/wp\/v2\/product_cat?post=906"},{"taxonomy":"product_tag","embeddable":true,"href":"https:\/\/taikalyhty.fi\/en\/wp-json\/wp\/v2\/product_tag?post=906"}],"curies":[{"name":"wp","href":"https:\/\/api.w.org\/{rel}","templated":true}]}}