{"id":899,"date":"2023-04-11T14:38:59","date_gmt":"2023-04-11T11:38:59","guid":{"rendered":"https:\/\/taikalyhty.fi\/?post_type=product&#038;p=899"},"modified":"2025-09-05T13:42:01","modified_gmt":"2025-09-05T10:42:01","slug":"messumatto-fuchsia","status":"publish","type":"product","link":"https:\/\/taikalyhty.fi\/en\/product\/messumatto-fuchsia\/","title":{"rendered":"Messumatto Rewind, fuchsia"},"content":{"rendered":"","protected":false},"excerpt":{"rendered":"<p>Fuchsia Rewind Flat \u267b\ufe0f-messumatto asennettuna.<\/p>\n<p><strong>11 \u20ac \/ m2<\/strong><\/p>\n<p>Materiaali: 100% polyolefine, kierr\u00e4tysmateriaali<br \/>\nRullakoko: 2 x 50m<br \/>\nPaino: 230g\/m2<br \/>\nVahvuus: 2mm<br \/>\nPaloluokka: EN 13501-1, Bfl \/ s1<\/p>\n<p>Ilmoita tarvitsemasi m\u00e4\u00e4r\u00e4 tilauksen yhteydess\u00e4.<\/p>","protected":false},"featured_media":11747,"template":"","meta":{"_joinchat":[]},"product_brand":[],"product_cat":[81],"product_tag":[],"class_list":{"0":"post-899","1":"product","2":"type-product","3":"status-publish","4":"has-post-thumbnail","6":"product_cat-matot-lattiat","8":"first","9":"instock","10":"shipping-taxable","11":"purchasable","12":"product-type-simple"},"_links":{"self":[{"href":"https:\/\/taikalyhty.fi\/en\/wp-json\/wp\/v2\/product\/899","targetHints":{"allow":["GET"]}}],"collection":[{"href":"https:\/\/taikalyhty.fi\/en\/wp-json\/wp\/v2\/product"}],"about":[{"href":"https:\/\/taikalyhty.fi\/en\/wp-json\/wp\/v2\/types\/product"}],"wp:featuredmedia":[{"embeddable":true,"href":"https:\/\/taikalyhty.fi\/en\/wp-json\/wp\/v2\/media\/11747"}],"wp:attachment":[{"href":"https:\/\/taikalyhty.fi\/en\/wp-json\/wp\/v2\/media?parent=899"}],"wp:term":[{"taxonomy":"product_brand","embeddable":true,"href":"https:\/\/taikalyhty.fi\/en\/wp-json\/wp\/v2\/product_brand?post=899"},{"taxonomy":"product_cat","embeddable":true,"href":"https:\/\/taikalyhty.fi\/en\/wp-json\/wp\/v2\/product_cat?post=899"},{"taxonomy":"product_tag","embeddable":true,"href":"https:\/\/taikalyhty.fi\/en\/wp-json\/wp\/v2\/product_tag?post=899"}],"curies":[{"name":"wp","href":"https:\/\/api.w.org\/{rel}","templated":true}]}}