{"id":844,"date":"2023-04-11T14:36:52","date_gmt":"2023-04-11T11:36:52","guid":{"rendered":"https:\/\/taikalyhty.fi\/?post_type=product&#038;p=844"},"modified":"2023-04-11T14:39:49","modified_gmt":"2023-04-11T11:39:49","slug":"k24pp-valkoinen-matala-tuoli-16","status":"publish","type":"product","link":"https:\/\/taikalyhty.fi\/en\/product\/k24pp-valkoinen-matala-tuoli-16\/","title":{"rendered":"K24PP, White low chair (16)"},"content":{"rendered":"<p><img loading=\"lazy\" decoding=\"async\" width=\"1024\" height=\"681\" src=\"https:\/\/taikalyhty.fi\/wp-content\/uploads\/2018\/08\/K25PPvalkoinen_tuoli_alumiinikehikolla_selkanoja6-1024x681.jpg\" alt=\"\" srcset=\"https:\/\/taikalyhty.fi\/wp-content\/uploads\/2018\/08\/K25PPvalkoinen_tuoli_alumiinikehikolla_selkanoja6-1024x681.jpg 1024w, https:\/\/taikalyhty.fi\/wp-content\/uploads\/2018\/08\/K25PPvalkoinen_tuoli_alumiinikehikolla_selkanoja6-300x199.jpg 300w, https:\/\/taikalyhty.fi\/wp-content\/uploads\/2018\/08\/K25PPvalkoinen_tuoli_alumiinikehikolla_selkanoja6-768x511.jpg 768w, https:\/\/taikalyhty.fi\/wp-content\/uploads\/2018\/08\/K25PPvalkoinen_tuoli_alumiinikehikolla_selkanoja6-845x562.jpg 845w, https:\/\/taikalyhty.fi\/wp-content\/uploads\/2018\/08\/K25PPvalkoinen_tuoli_alumiinikehikolla_selkanoja6-600x399.jpg 600w\" sizes=\"auto, (max-width: 1024px) 100vw, 1024px\" \/><br \/>\n\t\t\t\t\t\t\t\t\t\t\t\t<img loading=\"lazy\" decoding=\"async\" width=\"681\" height=\"1024\" src=\"https:\/\/taikalyhty.fi\/wp-content\/uploads\/2014\/08\/DSC_0500-e1544600976995-681x1024.jpg\" alt=\"\" srcset=\"https:\/\/taikalyhty.fi\/wp-content\/uploads\/2014\/08\/DSC_0500-e1544600976995-681x1024.jpg 681w, https:\/\/taikalyhty.fi\/wp-content\/uploads\/2014\/08\/DSC_0500-e1544600976995-199x300.jpg 199w, https:\/\/taikalyhty.fi\/wp-content\/uploads\/2014\/08\/DSC_0500-e1544600976995-768x1155.jpg 768w, https:\/\/taikalyhty.fi\/wp-content\/uploads\/2014\/08\/DSC_0500-e1544600976995-1021x1536.jpg 1021w, https:\/\/taikalyhty.fi\/wp-content\/uploads\/2014\/08\/DSC_0500-e1544600976995-1362x2048.jpg 1362w, https:\/\/taikalyhty.fi\/wp-content\/uploads\/2014\/08\/DSC_0500-e1544600976995-845x1271.jpg 845w, https:\/\/taikalyhty.fi\/wp-content\/uploads\/2014\/08\/DSC_0500-e1544600976995-600x902.jpg 600w, https:\/\/taikalyhty.fi\/wp-content\/uploads\/2014\/08\/DSC_0500-e1544600976995.jpg 2000w\" sizes=\"auto, (max-width: 681px) 100vw, 681px\" \/><br \/>\n\t\t\t\t\t\t\t\t\t\t\t\t<img loading=\"lazy\" decoding=\"async\" width=\"1024\" height=\"768\" src=\"https:\/\/taikalyhty.fi\/wp-content\/uploads\/2018\/12\/IMG_3986-1024x768.jpg\" alt=\"\" srcset=\"https:\/\/taikalyhty.fi\/wp-content\/uploads\/2018\/12\/IMG_3986-1024x768.jpg 1024w, https:\/\/taikalyhty.fi\/wp-content\/uploads\/2018\/12\/IMG_3986-300x225.jpg 300w, https:\/\/taikalyhty.fi\/wp-content\/uploads\/2018\/12\/IMG_3986-768x576.jpg 768w, https:\/\/taikalyhty.fi\/wp-content\/uploads\/2018\/12\/IMG_3986-1536x1152.jpg 1536w, https:\/\/taikalyhty.fi\/wp-content\/uploads\/2018\/12\/IMG_3986-2048x1536.jpg 2048w, https:\/\/taikalyhty.fi\/wp-content\/uploads\/2018\/12\/IMG_3986-845x634.jpg 845w, https:\/\/taikalyhty.fi\/wp-content\/uploads\/2018\/12\/IMG_3986-600x450.jpg 600w\" sizes=\"auto, (max-width: 1024px) 100vw, 1024px\" \/>\t\t\t\t\t\t\t\t\t\t\t\t\t\t<\/p>\n<p>N\u00e4pp\u00e4r\u00e4 ja tyylik\u00e4s matala tuoli alumiinirungolla ja puisilla istuinosilla. Mahtuu hyvin mm. pieneen neuvottelutilaan.<\/p>\n<p>\t\t\t\t\t\t\t\t\t\t\t\t<img loading=\"lazy\" decoding=\"async\" width=\"768\" height=\"1024\" src=\"https:\/\/taikalyhty.fi\/wp-content\/uploads\/2018\/11\/IMG_3990-768x1024.jpg\" alt=\"\" srcset=\"https:\/\/taikalyhty.fi\/wp-content\/uploads\/2018\/11\/IMG_3990-768x1024.jpg 768w, https:\/\/taikalyhty.fi\/wp-content\/uploads\/2018\/11\/IMG_3990-225x300.jpg 225w, https:\/\/taikalyhty.fi\/wp-content\/uploads\/2018\/11\/IMG_3990-845x1127.jpg 845w, https:\/\/taikalyhty.fi\/wp-content\/uploads\/2018\/11\/IMG_3990-600x800.jpg 600w\" sizes=\"auto, (max-width: 768px) 100vw, 768px\" \/><\/p>","protected":false},"excerpt":{"rendered":"<p>N\u00e4pp\u00e4r\u00e4 ja tyylik\u00e4s matala tuoli alumiinirungolla ja puisilla istuinosilla. Mahtuu hyvin mm. pieneen neuvottelutilaan.<\/p>","protected":false},"featured_media":921,"template":"","meta":{"_joinchat":[]},"product_brand":[],"product_cat":[70,91],"product_tag":[],"class_list":{"0":"post-844","1":"product","2":"type-product","3":"status-publish","4":"has-post-thumbnail","6":"product_cat-tervesos-2026-hameenlinna","7":"product_cat-tuolit","9":"first","10":"instock","11":"shipping-taxable","12":"purchasable","13":"product-type-simple"},"_links":{"self":[{"href":"https:\/\/taikalyhty.fi\/en\/wp-json\/wp\/v2\/product\/844","targetHints":{"allow":["GET"]}}],"collection":[{"href":"https:\/\/taikalyhty.fi\/en\/wp-json\/wp\/v2\/product"}],"about":[{"href":"https:\/\/taikalyhty.fi\/en\/wp-json\/wp\/v2\/types\/product"}],"wp:featuredmedia":[{"embeddable":true,"href":"https:\/\/taikalyhty.fi\/en\/wp-json\/wp\/v2\/media\/921"}],"wp:attachment":[{"href":"https:\/\/taikalyhty.fi\/en\/wp-json\/wp\/v2\/media?parent=844"}],"wp:term":[{"taxonomy":"product_brand","embeddable":true,"href":"https:\/\/taikalyhty.fi\/en\/wp-json\/wp\/v2\/product_brand?post=844"},{"taxonomy":"product_cat","embeddable":true,"href":"https:\/\/taikalyhty.fi\/en\/wp-json\/wp\/v2\/product_cat?post=844"},{"taxonomy":"product_tag","embeddable":true,"href":"https:\/\/taikalyhty.fi\/en\/wp-json\/wp\/v2\/product_tag?post=844"}],"curies":[{"name":"wp","href":"https:\/\/api.w.org\/{rel}","templated":true}]}}