{"id":841,"date":"2023-04-11T14:36:52","date_gmt":"2023-04-11T11:36:52","guid":{"rendered":"https:\/\/taikalyhty.fi\/?post_type=product&#038;p=841"},"modified":"2024-04-04T14:45:50","modified_gmt":"2024-04-04T11:45:50","slug":"k24km-pyoriva-pehmustettu-tuoli-12","status":"publish","type":"product","link":"https:\/\/taikalyhty.fi\/en\/product\/k24km-pyoriva-pehmustettu-tuoli-12\/","title":{"rendered":"K24KM, Py\u00f6riv\u00e4 pehmustettu tuoli (12)"},"content":{"rendered":"","protected":false},"excerpt":{"rendered":"<p>Kangasp\u00e4\u00e4llysteinen. Hyllyss\u00e4 24 kpl.<\/p>","protected":false},"featured_media":917,"template":"","meta":{"_joinchat":[]},"product_brand":[],"product_cat":[91],"product_tag":[],"class_list":{"0":"post-841","1":"product","2":"type-product","3":"status-publish","4":"has-post-thumbnail","6":"product_cat-tuolit","8":"first","9":"instock","10":"shipping-taxable","11":"purchasable","12":"product-type-simple"},"_links":{"self":[{"href":"https:\/\/taikalyhty.fi\/en\/wp-json\/wp\/v2\/product\/841","targetHints":{"allow":["GET"]}}],"collection":[{"href":"https:\/\/taikalyhty.fi\/en\/wp-json\/wp\/v2\/product"}],"about":[{"href":"https:\/\/taikalyhty.fi\/en\/wp-json\/wp\/v2\/types\/product"}],"wp:featuredmedia":[{"embeddable":true,"href":"https:\/\/taikalyhty.fi\/en\/wp-json\/wp\/v2\/media\/917"}],"wp:attachment":[{"href":"https:\/\/taikalyhty.fi\/en\/wp-json\/wp\/v2\/media?parent=841"}],"wp:term":[{"taxonomy":"product_brand","embeddable":true,"href":"https:\/\/taikalyhty.fi\/en\/wp-json\/wp\/v2\/product_brand?post=841"},{"taxonomy":"product_cat","embeddable":true,"href":"https:\/\/taikalyhty.fi\/en\/wp-json\/wp\/v2\/product_cat?post=841"},{"taxonomy":"product_tag","embeddable":true,"href":"https:\/\/taikalyhty.fi\/en\/wp-json\/wp\/v2\/product_tag?post=841"}],"curies":[{"name":"wp","href":"https:\/\/api.w.org\/{rel}","templated":true}]}}