{"id":836,"date":"2023-04-11T14:36:51","date_gmt":"2023-04-11T11:36:51","guid":{"rendered":"https:\/\/taikalyhty.fi\/?post_type=product&#038;p=836"},"modified":"2023-04-11T14:45:58","modified_gmt":"2023-04-11T11:45:58","slug":"k40a-akryyli-display-esiteteline-3","status":"publish","type":"product","link":"https:\/\/taikalyhty.fi\/en\/product\/k40a-akryyli-display-esiteteline-3\/","title":{"rendered":"K40A, Acrylic Display brochure stand (3)"},"content":{"rendered":"","protected":false},"excerpt":{"rendered":"<p>Korkeus 180 cm. Leveys 70 cm. Pleksihyllyjen leveys 63 cm. Nelj\u00e4 2-puolista hylly\u00e4, esitekorkeus max 34 cm. Yl\u00e4levyn korkeus 21 cm. Vuokrahinta 80 e &#8211; osto omaksi 160 e.<\/p>","protected":false},"featured_media":885,"template":"","meta":{"_joinchat":[]},"product_brand":[],"product_cat":[65],"product_tag":[],"class_list":{"0":"post-836","1":"product","2":"type-product","3":"status-publish","4":"has-post-thumbnail","6":"product_cat-esitetelineet","8":"first","9":"instock","10":"shipping-taxable","11":"purchasable","12":"product-type-variable"},"_links":{"self":[{"href":"https:\/\/taikalyhty.fi\/en\/wp-json\/wp\/v2\/product\/836","targetHints":{"allow":["GET"]}}],"collection":[{"href":"https:\/\/taikalyhty.fi\/en\/wp-json\/wp\/v2\/product"}],"about":[{"href":"https:\/\/taikalyhty.fi\/en\/wp-json\/wp\/v2\/types\/product"}],"wp:featuredmedia":[{"embeddable":true,"href":"https:\/\/taikalyhty.fi\/en\/wp-json\/wp\/v2\/media\/885"}],"wp:attachment":[{"href":"https:\/\/taikalyhty.fi\/en\/wp-json\/wp\/v2\/media?parent=836"}],"wp:term":[{"taxonomy":"product_brand","embeddable":true,"href":"https:\/\/taikalyhty.fi\/en\/wp-json\/wp\/v2\/product_brand?post=836"},{"taxonomy":"product_cat","embeddable":true,"href":"https:\/\/taikalyhty.fi\/en\/wp-json\/wp\/v2\/product_cat?post=836"},{"taxonomy":"product_tag","embeddable":true,"href":"https:\/\/taikalyhty.fi\/en\/wp-json\/wp\/v2\/product_tag?post=836"}],"curies":[{"name":"wp","href":"https:\/\/api.w.org\/{rel}","templated":true}]}}