{"id":831,"date":"2023-04-11T14:36:50","date_gmt":"2023-04-11T11:36:50","guid":{"rendered":"https:\/\/taikalyhty.fi\/?post_type=product&#038;p=831"},"modified":"2025-12-09T11:12:57","modified_gmt":"2025-12-09T09:12:57","slug":"kiintea-internet-liittyma-ensimmainen-tyoasema","status":"publish","type":"product","link":"https:\/\/taikalyhty.fi\/en\/product\/kiintea-internet-liittyma-ensimmainen-tyoasema\/","title":{"rendered":"Kiinte\u00e4 Internet -liittym\u00e4 (ensimm\u00e4inen ty\u00f6asema)"},"content":{"rendered":"<p>&nbsp;<\/p>\n<p>&nbsp;<\/p>\n<p>&nbsp;<\/p>","protected":false},"excerpt":{"rendered":"<p>Messu-osastoille esittelyk\u00e4ytt\u00f6\u00f6n suosittelemme kiinte\u00e4\u00e4 internet-liittym\u00e4\u00e4, jonka toimivuuden voimme taata. Kiinte\u00e4<br \/>\nliittym\u00e4 on mahdollista jakaa esim. osaston omalla WLAN-verkolla.<br \/>\nKiinte\u00e4 liittym\u00e4 on oikea valinta n\u00e4ytteilleasettajalle, joka haluaa esitell\u00e4 osastolla materiaalia internetist\u00e4.<\/p>\n<p>Hinta sis\u00e4lt\u00e4\u00e4:<br \/>\n&#8211; asennus ja purku sek\u00e4 liittymien perusmaksu.<br \/>\n&#8211; Taikalyhdyn v\u00e4litys- ja k\u00e4sittelykulut.<\/p>\n<p>Liittym\u00e4t asennetaan viimeisen\u00e4 rakennusp\u00e4iv\u00e4n\u00e4 ja puretaan ensimm\u00e4isen\u00e4 purkup\u00e4iv\u00e4n\u00e4.<\/p>","protected":false},"featured_media":881,"template":"","meta":{"_joinchat":[]},"product_brand":[],"product_cat":[75],"product_tag":[],"class_list":{"0":"post-831","1":"product","2":"type-product","3":"status-publish","4":"has-post-thumbnail","6":"product_cat-sote-atk-2026","8":"first","9":"instock","10":"shipping-taxable","11":"purchasable","12":"product-type-simple"},"_links":{"self":[{"href":"https:\/\/taikalyhty.fi\/en\/wp-json\/wp\/v2\/product\/831","targetHints":{"allow":["GET"]}}],"collection":[{"href":"https:\/\/taikalyhty.fi\/en\/wp-json\/wp\/v2\/product"}],"about":[{"href":"https:\/\/taikalyhty.fi\/en\/wp-json\/wp\/v2\/types\/product"}],"wp:featuredmedia":[{"embeddable":true,"href":"https:\/\/taikalyhty.fi\/en\/wp-json\/wp\/v2\/media\/881"}],"wp:attachment":[{"href":"https:\/\/taikalyhty.fi\/en\/wp-json\/wp\/v2\/media?parent=831"}],"wp:term":[{"taxonomy":"product_brand","embeddable":true,"href":"https:\/\/taikalyhty.fi\/en\/wp-json\/wp\/v2\/product_brand?post=831"},{"taxonomy":"product_cat","embeddable":true,"href":"https:\/\/taikalyhty.fi\/en\/wp-json\/wp\/v2\/product_cat?post=831"},{"taxonomy":"product_tag","embeddable":true,"href":"https:\/\/taikalyhty.fi\/en\/wp-json\/wp\/v2\/product_tag?post=831"}],"curies":[{"name":"wp","href":"https:\/\/api.w.org\/{rel}","templated":true}]}}