{"id":808,"date":"2023-04-11T14:36:24","date_gmt":"2023-04-11T11:36:24","guid":{"rendered":"https:\/\/taikalyhty.fi\/?post_type=product&#038;p=808"},"modified":"2025-12-09T11:08:17","modified_gmt":"2025-12-09T09:08:17","slug":"sahkoliittyma-16a-max-3kw","status":"publish","type":"product","link":"https:\/\/taikalyhty.fi\/en\/product\/sahkoliittyma-16a-max-3kw\/","title":{"rendered":"Pistorasia 1 x 16 A"},"content":{"rendered":"","protected":false},"excerpt":{"rendered":"<p>Valovirtaliittym\u00e4 1 x 16 A:iin asti (3600 W), sis. 1-os. pistorasian ja asennuksen.<\/p>\n<p>&nbsp;<\/p>\n<p>Alueen ja osastojen s\u00e4hk\u00f6t\u00f6ist\u00e4 vastaa Suomen Messut. Tuote on Taikalyhdyn v\u00e4litt\u00e4m\u00e4 palvelu.<\/p>\n<p>Hinta sis\u00e4lt\u00e4\u00e4 Taikalyhdyn v\u00e4litys- ja k\u00e4sittelykulun.<\/p>","protected":false},"featured_media":600,"template":"","meta":{"_joinchat":[]},"product_brand":[],"product_cat":[75],"product_tag":[],"class_list":{"0":"post-808","1":"product","2":"type-product","3":"status-publish","4":"has-post-thumbnail","6":"product_cat-sote-atk-2026","8":"first","9":"instock","10":"shipping-taxable","11":"purchasable","12":"product-type-simple"},"_links":{"self":[{"href":"https:\/\/taikalyhty.fi\/en\/wp-json\/wp\/v2\/product\/808","targetHints":{"allow":["GET"]}}],"collection":[{"href":"https:\/\/taikalyhty.fi\/en\/wp-json\/wp\/v2\/product"}],"about":[{"href":"https:\/\/taikalyhty.fi\/en\/wp-json\/wp\/v2\/types\/product"}],"wp:featuredmedia":[{"embeddable":true,"href":"https:\/\/taikalyhty.fi\/en\/wp-json\/wp\/v2\/media\/600"}],"wp:attachment":[{"href":"https:\/\/taikalyhty.fi\/en\/wp-json\/wp\/v2\/media?parent=808"}],"wp:term":[{"taxonomy":"product_brand","embeddable":true,"href":"https:\/\/taikalyhty.fi\/en\/wp-json\/wp\/v2\/product_brand?post=808"},{"taxonomy":"product_cat","embeddable":true,"href":"https:\/\/taikalyhty.fi\/en\/wp-json\/wp\/v2\/product_cat?post=808"},{"taxonomy":"product_tag","embeddable":true,"href":"https:\/\/taikalyhty.fi\/en\/wp-json\/wp\/v2\/product_tag?post=808"}],"curies":[{"name":"wp","href":"https:\/\/api.w.org\/{rel}","templated":true}]}}