{"id":806,"date":"2023-04-11T14:36:24","date_gmt":"2023-04-11T11:36:24","guid":{"rendered":"https:\/\/taikalyhty.fi\/?post_type=product&#038;p=806"},"modified":"2023-04-11T14:38:30","modified_gmt":"2023-04-11T11:38:30","slug":"nappaimisto-ja-hiiri-tietokoneelle-usb-liitannalla","status":"publish","type":"product","link":"https:\/\/taikalyhty.fi\/en\/product\/nappaimisto-ja-hiiri-tietokoneelle-usb-liitannalla\/","title":{"rendered":"N\u00e4pp\u00e4imist\u00f6 ja hiiri tietokoneelle USB-liit\u00e4nn\u00e4ll\u00e4"},"content":{"rendered":"","protected":false},"excerpt":{"rendered":"","protected":false},"featured_media":881,"template":"","meta":{"_joinchat":[]},"product_brand":[],"product_cat":[41],"product_tag":[],"class_list":{"0":"post-806","1":"product","2":"type-product","3":"status-publish","4":"has-post-thumbnail","6":"product_cat-muut","8":"first","9":"instock","10":"shipping-taxable","11":"purchasable","12":"product-type-simple"},"_links":{"self":[{"href":"https:\/\/taikalyhty.fi\/en\/wp-json\/wp\/v2\/product\/806","targetHints":{"allow":["GET"]}}],"collection":[{"href":"https:\/\/taikalyhty.fi\/en\/wp-json\/wp\/v2\/product"}],"about":[{"href":"https:\/\/taikalyhty.fi\/en\/wp-json\/wp\/v2\/types\/product"}],"wp:featuredmedia":[{"embeddable":true,"href":"https:\/\/taikalyhty.fi\/en\/wp-json\/wp\/v2\/media\/881"}],"wp:attachment":[{"href":"https:\/\/taikalyhty.fi\/en\/wp-json\/wp\/v2\/media?parent=806"}],"wp:term":[{"taxonomy":"product_brand","embeddable":true,"href":"https:\/\/taikalyhty.fi\/en\/wp-json\/wp\/v2\/product_brand?post=806"},{"taxonomy":"product_cat","embeddable":true,"href":"https:\/\/taikalyhty.fi\/en\/wp-json\/wp\/v2\/product_cat?post=806"},{"taxonomy":"product_tag","embeddable":true,"href":"https:\/\/taikalyhty.fi\/en\/wp-json\/wp\/v2\/product_tag?post=806"}],"curies":[{"name":"wp","href":"https:\/\/api.w.org\/{rel}","templated":true}]}}