{"id":805,"date":"2023-04-11T14:36:24","date_gmt":"2023-04-11T11:36:24","guid":{"rendered":"https:\/\/taikalyhty.fi\/?post_type=product&#038;p=805"},"modified":"2025-04-21T15:00:04","modified_gmt":"2025-04-21T12:00:04","slug":"teippaus-otsalautaan-tiskiin-seinaan-yms","status":"publish","type":"product","link":"https:\/\/taikalyhty.fi\/en\/product\/teippaus-otsalautaan-tiskiin-seinaan-yms\/","title":{"rendered":"Teippaus otsalautaan, tiskiin, sein\u00e4\u00e4n, yms."},"content":{"rendered":"","protected":false},"excerpt":{"rendered":"<p><em>&#8221;Logot ja sloganit n\u00e4pp\u00e4r\u00e4sti mukaan osastoon!&#8221;<\/em><\/p>\n<p>Teippaus otsalautaan, tiskiin, sein\u00e4\u00e4n tai muuhun tasaiseen pintaan. Hinta 80 \u20ac \/ alkava neli\u00f6 (m2).<\/p>","protected":false},"featured_media":11503,"template":"","meta":{"_joinchat":[]},"product_brand":[],"product_cat":[95],"product_tag":[],"class_list":{"0":"post-805","1":"product","2":"type-product","3":"status-publish","4":"has-post-thumbnail","6":"product_cat-teippaukset-ja-tulostukset","8":"first","9":"instock","10":"shipping-taxable","11":"purchasable","12":"product-type-simple"},"_links":{"self":[{"href":"https:\/\/taikalyhty.fi\/en\/wp-json\/wp\/v2\/product\/805","targetHints":{"allow":["GET"]}}],"collection":[{"href":"https:\/\/taikalyhty.fi\/en\/wp-json\/wp\/v2\/product"}],"about":[{"href":"https:\/\/taikalyhty.fi\/en\/wp-json\/wp\/v2\/types\/product"}],"wp:featuredmedia":[{"embeddable":true,"href":"https:\/\/taikalyhty.fi\/en\/wp-json\/wp\/v2\/media\/11503"}],"wp:attachment":[{"href":"https:\/\/taikalyhty.fi\/en\/wp-json\/wp\/v2\/media?parent=805"}],"wp:term":[{"taxonomy":"product_brand","embeddable":true,"href":"https:\/\/taikalyhty.fi\/en\/wp-json\/wp\/v2\/product_brand?post=805"},{"taxonomy":"product_cat","embeddable":true,"href":"https:\/\/taikalyhty.fi\/en\/wp-json\/wp\/v2\/product_cat?post=805"},{"taxonomy":"product_tag","embeddable":true,"href":"https:\/\/taikalyhty.fi\/en\/wp-json\/wp\/v2\/product_tag?post=805"}],"curies":[{"name":"wp","href":"https:\/\/api.w.org\/{rel}","templated":true}]}}