{"id":802,"date":"2023-04-11T14:36:24","date_gmt":"2023-04-11T11:36:24","guid":{"rendered":"https:\/\/taikalyhty.fi\/?post_type=product&#038;p=802"},"modified":"2026-03-05T10:35:17","modified_gmt":"2026-03-05T08:35:17","slug":"liukuovikaappi-k10-brandatylla-etulevylla","status":"publish","type":"product","link":"https:\/\/taikalyhty.fi\/en\/product\/liukuovikaappi-k10-brandatylla-etulevylla\/","title":{"rendered":"Liukuovikaappi K10 br\u00e4nd\u00e4tyll\u00e4 etulevyll\u00e4"},"content":{"rendered":"<p>Liukuovikaappi,<\/p>\n<ul>\n<li>korkeus 100 cm, leveys 103 cm, syvyys 53 cm<\/li>\n<li>kansi valkea melamiinipintainen &#8221;p\u00e4\u00e4llikansi&#8221; koko 56&#215;106 cm,<\/li>\n<li>etulevyn &#8221;n\u00e4kyv\u00e4 osa&#8221;; br\u00e4nd\u00e4tty viscom -levy pinta-asennuksena.<\/li>\n<\/ul>\n<p>Mainitsethan tilatessasi kassan &#8221;lis\u00e4tiedot&#8221; -osioon, mik\u00e4li haluat<\/p>\n<ul>\n<li>Br\u00e4nd\u00e4t\u00e4 tiskin p\u00e4\u00e4dyt (+60\u20ac)<\/li>\n<li>V\u00e4lihyllyn tiskin sis\u00e4\u00e4n (+10\u20ac)<\/li>\n<\/ul>\n<p><img fetchpriority=\"high\" decoding=\"async\" src=\"https:\/\/taikalyhty.fi\/wp-content\/uploads\/2022\/12\/IMG_9472-1-1-1024x768.jpg\" sizes=\"(max-width: 1024px) 100vw, 1024px\" srcset=\"https:\/\/taikalyhty.fi\/wp-content\/uploads\/2022\/12\/IMG_9472-1-1-1024x768.jpg 1024w, https:\/\/taikalyhty.fi\/wp-content\/uploads\/2022\/12\/IMG_9472-1-1-300x225.jpg 300w, https:\/\/taikalyhty.fi\/wp-content\/uploads\/2022\/12\/IMG_9472-1-1-768x576.jpg 768w, https:\/\/taikalyhty.fi\/wp-content\/uploads\/2022\/12\/IMG_9472-1-1-1536x1152.jpg 1536w, https:\/\/taikalyhty.fi\/wp-content\/uploads\/2022\/12\/IMG_9472-1-1-2048x1536.jpg 2048w, https:\/\/taikalyhty.fi\/wp-content\/uploads\/2022\/12\/IMG_9472-1-1-845x634.jpg 845w, https:\/\/taikalyhty.fi\/wp-content\/uploads\/2022\/12\/IMG_9472-1-1-600x450.jpg 600w\" alt=\"\" width=\"1024\" height=\"768\" \/><\/p>\n<figure><img decoding=\"async\" src=\"https:\/\/taikalyhty.fi\/wp-content\/uploads\/2022\/12\/2x2-1-e1669949309747-1024x706.jpg\" alt=\"taskuosasto 2 x 2 m InfraBIM 2023\" \/><\/figure>\n<figure><img decoding=\"async\" src=\"https:\/\/taikalyhty.fi\/wp-content\/uploads\/2022\/12\/IMG_9472-1-1-1024x768.jpg\" alt=\"IMG_9472 (1) (1)\" \/><\/figure>\n<figure><img decoding=\"async\" src=\"https:\/\/taikalyhty.fi\/wp-content\/uploads\/2022\/12\/3x2-1-e1669948736271-1024x597.jpg\" alt=\"3x2\" \/><\/figure>\n<figure><img decoding=\"async\" src=\"https:\/\/taikalyhty.fi\/wp-content\/uploads\/2022\/11\/Osastomalli-2b_Photo-3-1024x576.jpg\" alt=\"Osastomalli 2b_Photo - 3\" \/><\/figure>\n<p>Edellinen<br \/>\nSeuraava<\/p>","protected":false},"excerpt":{"rendered":"<p>Liukuovikaappi, br\u00e4nd\u00e4tyn etulevyn koko 103&#215;100 cm, kylkilevy 53&#215;100 cm, \u00a0alumiiniprofiilirunkoinen kaappi, korkeus 100 cm, leveys 103 cm, syvyys 53 cm, perustoimitus: kansi valkea p\u00e4\u00e4likansi koko 106&#215;55 cm. Kaapissa ei ole v\u00e4lihylly\u00e4 eik\u00e4 pohjalevy\u00e4, ruuvattavat s\u00e4\u00e4t\u00f6jalat.<\/p>","protected":false},"featured_media":861,"template":"","meta":{"_joinchat":[]},"product_brand":[],"product_cat":[58],"product_tag":[],"class_list":{"0":"post-802","1":"product","2":"type-product","3":"status-publish","4":"has-post-thumbnail","6":"product_cat-liukuovikaapit-ja-tiskit","8":"first","9":"instock","10":"shipping-taxable","11":"purchasable","12":"product-type-simple"},"_links":{"self":[{"href":"https:\/\/taikalyhty.fi\/en\/wp-json\/wp\/v2\/product\/802","targetHints":{"allow":["GET"]}}],"collection":[{"href":"https:\/\/taikalyhty.fi\/en\/wp-json\/wp\/v2\/product"}],"about":[{"href":"https:\/\/taikalyhty.fi\/en\/wp-json\/wp\/v2\/types\/product"}],"wp:featuredmedia":[{"embeddable":true,"href":"https:\/\/taikalyhty.fi\/en\/wp-json\/wp\/v2\/media\/861"}],"wp:attachment":[{"href":"https:\/\/taikalyhty.fi\/en\/wp-json\/wp\/v2\/media?parent=802"}],"wp:term":[{"taxonomy":"product_brand","embeddable":true,"href":"https:\/\/taikalyhty.fi\/en\/wp-json\/wp\/v2\/product_brand?post=802"},{"taxonomy":"product_cat","embeddable":true,"href":"https:\/\/taikalyhty.fi\/en\/wp-json\/wp\/v2\/product_cat?post=802"},{"taxonomy":"product_tag","embeddable":true,"href":"https:\/\/taikalyhty.fi\/en\/wp-json\/wp\/v2\/product_tag?post=802"}],"curies":[{"name":"wp","href":"https:\/\/api.w.org\/{rel}","templated":true}]}}