{"id":801,"date":"2023-04-11T14:36:23","date_gmt":"2023-04-11T11:36:23","guid":{"rendered":"https:\/\/taikalyhty.fi\/?post_type=product&#038;p=801"},"modified":"2023-04-11T14:37:27","modified_gmt":"2023-04-11T11:37:27","slug":"ripustettava-verkkolevy","status":"publish","type":"product","link":"https:\/\/taikalyhty.fi\/en\/product\/ripustettava-verkkolevy\/","title":{"rendered":"Hanging net plate"},"content":{"rendered":"<p>Musta, sein\u00e4levyn p\u00e4\u00e4lle ripustettava verkkolevy. Ruutukoko 15&#215;15 cm. Verkkolevy 90&#215;210 cm.<\/p>","protected":false},"excerpt":{"rendered":"<p>Musta, sein\u00e4levyn p\u00e4\u00e4lle ripustettava verkkolevy. Ruutukoko 15&#215;15 cm. Verkkolevy 90&#215;210 cm.<\/p>","protected":false},"featured_media":860,"template":"","meta":{"_joinchat":[]},"product_brand":[],"product_cat":[62],"product_tag":[],"class_list":{"0":"post-801","1":"product","2":"type-product","3":"status-publish","4":"has-post-thumbnail","6":"product_cat-consta","8":"first","9":"instock","10":"shipping-taxable","11":"purchasable","12":"product-type-simple"},"_links":{"self":[{"href":"https:\/\/taikalyhty.fi\/en\/wp-json\/wp\/v2\/product\/801","targetHints":{"allow":["GET"]}}],"collection":[{"href":"https:\/\/taikalyhty.fi\/en\/wp-json\/wp\/v2\/product"}],"about":[{"href":"https:\/\/taikalyhty.fi\/en\/wp-json\/wp\/v2\/types\/product"}],"wp:featuredmedia":[{"embeddable":true,"href":"https:\/\/taikalyhty.fi\/en\/wp-json\/wp\/v2\/media\/860"}],"wp:attachment":[{"href":"https:\/\/taikalyhty.fi\/en\/wp-json\/wp\/v2\/media?parent=801"}],"wp:term":[{"taxonomy":"product_brand","embeddable":true,"href":"https:\/\/taikalyhty.fi\/en\/wp-json\/wp\/v2\/product_brand?post=801"},{"taxonomy":"product_cat","embeddable":true,"href":"https:\/\/taikalyhty.fi\/en\/wp-json\/wp\/v2\/product_cat?post=801"},{"taxonomy":"product_tag","embeddable":true,"href":"https:\/\/taikalyhty.fi\/en\/wp-json\/wp\/v2\/product_tag?post=801"}],"curies":[{"name":"wp","href":"https:\/\/api.w.org\/{rel}","templated":true}]}}