{"id":799,"date":"2023-04-11T14:36:23","date_gmt":"2023-04-11T11:36:23","guid":{"rendered":"https:\/\/taikalyhty.fi\/?post_type=product&#038;p=799"},"modified":"2023-04-11T14:36:54","modified_gmt":"2023-04-11T11:36:54","slug":"putkitolpat","status":"publish","type":"product","link":"https:\/\/taikalyhty.fi\/en\/product\/putkitolpat\/","title":{"rendered":"Pipe poles"},"content":{"rendered":"<p>T\u00e4st\u00e4 tuotteesta on v\u00e4rivaihtoehtoja.<\/p>","protected":false},"excerpt":{"rendered":"<p>T\u00e4st\u00e4 tuotteesta on v\u00e4rivaihtoehtoja.<\/p>","protected":false},"featured_media":848,"template":"","meta":{"_joinchat":[]},"product_brand":[],"product_cat":[60],"product_tag":[],"class_list":{"0":"post-799","1":"product","2":"type-product","3":"status-publish","4":"has-post-thumbnail","6":"product_cat-reikapelti-ja-putkijarjestelma","8":"first","9":"instock","10":"shipping-taxable","11":"purchasable","12":"product-type-simple"},"_links":{"self":[{"href":"https:\/\/taikalyhty.fi\/en\/wp-json\/wp\/v2\/product\/799","targetHints":{"allow":["GET"]}}],"collection":[{"href":"https:\/\/taikalyhty.fi\/en\/wp-json\/wp\/v2\/product"}],"about":[{"href":"https:\/\/taikalyhty.fi\/en\/wp-json\/wp\/v2\/types\/product"}],"wp:featuredmedia":[{"embeddable":true,"href":"https:\/\/taikalyhty.fi\/en\/wp-json\/wp\/v2\/media\/848"}],"wp:attachment":[{"href":"https:\/\/taikalyhty.fi\/en\/wp-json\/wp\/v2\/media?parent=799"}],"wp:term":[{"taxonomy":"product_brand","embeddable":true,"href":"https:\/\/taikalyhty.fi\/en\/wp-json\/wp\/v2\/product_brand?post=799"},{"taxonomy":"product_cat","embeddable":true,"href":"https:\/\/taikalyhty.fi\/en\/wp-json\/wp\/v2\/product_cat?post=799"},{"taxonomy":"product_tag","embeddable":true,"href":"https:\/\/taikalyhty.fi\/en\/wp-json\/wp\/v2\/product_tag?post=799"}],"curies":[{"name":"wp","href":"https:\/\/api.w.org\/{rel}","templated":true}]}}