{"id":798,"date":"2023-04-11T14:36:23","date_gmt":"2023-04-11T11:36:23","guid":{"rendered":"https:\/\/taikalyhty.fi\/?post_type=product&#038;p=798"},"modified":"2024-12-11T15:05:09","modified_gmt":"2024-12-11T13:05:09","slug":"pyorea-neuvottelupoyta-k20","status":"publish","type":"product","link":"https:\/\/taikalyhty.fi\/en\/product\/pyorea-neuvottelupoyta-k20\/","title":{"rendered":"Py\u00f6re\u00e4 neuvottelup\u00f6yt\u00e4, K20"},"content":{"rendered":"<p>Metallijalkainen py\u00f6re\u00e4 p\u00f6yt\u00e4, metallikansi.<\/p>\n<p><strong>Halkaisija:<\/strong> 60 cm<br \/>\n<strong>Korkeus:<\/strong> 73 cm<\/p>\n<p><img fetchpriority=\"high\" decoding=\"async\" src=\"https:\/\/taikalyhty.fi\/wp-content\/uploads\/2014\/08\/pyorea_neuvottelupoytaK20.jpg\" sizes=\"(max-width: 283px) 100vw, 283px\" srcset=\"https:\/\/taikalyhty.fi\/wp-content\/uploads\/2014\/08\/pyorea_neuvottelupoytaK20.jpg 283w, https:\/\/taikalyhty.fi\/wp-content\/uploads\/2014\/08\/pyorea_neuvottelupoytaK20-200x300.jpg 200w\" alt=\"\" width=\"283\" height=\"425\" \/><\/p>","protected":false},"excerpt":{"rendered":"<p>Metallijalkainen py\u00f6re\u00e4 p\u00f6yt\u00e4, metallikansi.<br \/>\n<strong>Halkaisija:<\/strong> 60 cm<br \/>\n<strong>Korkeus:<\/strong> 73 cm<\/p>","protected":false},"featured_media":847,"template":"","meta":{"_joinchat":[]},"product_brand":[],"product_cat":[42,55],"product_tag":[],"class_list":{"0":"post-798","1":"product","2":"type-product","3":"status-publish","4":"has-post-thumbnail","6":"product_cat-perustuotteet-messuille","7":"product_cat-poydat","9":"first","10":"instock","11":"shipping-taxable","12":"purchasable","13":"product-type-simple"},"_links":{"self":[{"href":"https:\/\/taikalyhty.fi\/en\/wp-json\/wp\/v2\/product\/798","targetHints":{"allow":["GET"]}}],"collection":[{"href":"https:\/\/taikalyhty.fi\/en\/wp-json\/wp\/v2\/product"}],"about":[{"href":"https:\/\/taikalyhty.fi\/en\/wp-json\/wp\/v2\/types\/product"}],"wp:featuredmedia":[{"embeddable":true,"href":"https:\/\/taikalyhty.fi\/en\/wp-json\/wp\/v2\/media\/847"}],"wp:attachment":[{"href":"https:\/\/taikalyhty.fi\/en\/wp-json\/wp\/v2\/media?parent=798"}],"wp:term":[{"taxonomy":"product_brand","embeddable":true,"href":"https:\/\/taikalyhty.fi\/en\/wp-json\/wp\/v2\/product_brand?post=798"},{"taxonomy":"product_cat","embeddable":true,"href":"https:\/\/taikalyhty.fi\/en\/wp-json\/wp\/v2\/product_cat?post=798"},{"taxonomy":"product_tag","embeddable":true,"href":"https:\/\/taikalyhty.fi\/en\/wp-json\/wp\/v2\/product_tag?post=798"}],"curies":[{"name":"wp","href":"https:\/\/api.w.org\/{rel}","templated":true}]}}