{"id":796,"date":"2023-04-11T14:36:23","date_gmt":"2023-04-11T11:36:23","guid":{"rendered":"https:\/\/taikalyhty.fi\/?post_type=product&#038;p=796"},"modified":"2024-12-10T14:51:30","modified_gmt":"2024-12-10T12:51:30","slug":"k23-suorakulmainen-poyta","status":"publish","type":"product","link":"https:\/\/taikalyhty.fi\/en\/product\/k23-suorakulmainen-poyta\/","title":{"rendered":"K23, Suorakulmainen p\u00f6yt\u00e4"},"content":{"rendered":"<div data-elementor-type=\"wp-post\" data-elementor-id=\"796\" class=\"elementor elementor-796 elementor-bc-flex-widget\" data-elementor-post-type=\"product\">\n\t\t\t\t\t\t<section class=\"elementor-section elementor-top-section elementor-element elementor-element-2099dcdc elementor-section-boxed elementor-section-height-default elementor-section-height-default\" data-id=\"2099dcdc\" data-element_type=\"section\" data-e-type=\"section\">\n\t\t\t\t\t\t<div class=\"elementor-container elementor-column-gap-default\">\n\t\t\t\t\t<div class=\"elementor-column elementor-col-100 elementor-top-column elementor-element elementor-element-17581a63\" data-id=\"17581a63\" data-element_type=\"column\" data-e-type=\"column\">\n\t\t\t<div class=\"elementor-widget-wrap elementor-element-populated\">\n\t\t\t\t\t\t<div class=\"elementor-element elementor-element-3c53e532 elementor-widget elementor-widget-text-editor\" data-id=\"3c53e532\" data-element_type=\"widget\" data-e-type=\"widget\" data-widget_type=\"text-editor.default\">\n\t\t\t\t<div class=\"elementor-widget-container\">\n\t\t\t\t\t\t\t\t\t<p>Yksinkertainen ja k\u00e4tev\u00e4 profiilijalkainen p\u00f6yt\u00e4. Sopii hyvin esimerkiksi neuvottelup\u00f6yd\u00e4ksi.\t\t\t\t\t\t\t\t<\/div>\n\t\t\t\t<\/div>\n\t\t\t\t\t<\/div>\n\t\t<\/div>\n\t\t\t\t\t<\/div>\n\t\t<\/section>\n\t\t\t\t<\/div>","protected":false},"excerpt":{"rendered":"<p>&#8217;-P\u00f6yt\u00e4 k\u00e4sin ruuvattavilla jaloilla.<\/p>\n<p>-Kaksi kokoa: 60&#215;100 ja 60&#215;120.<\/p>\n<p>-Korkeus 70 cm.<\/p>\n<p>V\u00e4rivaihtoehdot: Valkoinen, musta ja puu<\/p>","protected":false},"featured_media":827,"template":"","meta":{"_joinchat":[]},"product_brand":[],"product_cat":[42,55],"product_tag":[45,93,94,92],"class_list":{"0":"post-796","1":"product","2":"type-product","3":"status-publish","4":"has-post-thumbnail","6":"product_cat-perustuotteet-messuille","7":"product_cat-poydat","8":"product_tag-musta","9":"product_tag-poyta","10":"product_tag-suorakulmainen","11":"product_tag-valkoinen","13":"first","14":"instock","15":"shipping-taxable","16":"purchasable","17":"product-type-simple"},"_links":{"self":[{"href":"https:\/\/taikalyhty.fi\/en\/wp-json\/wp\/v2\/product\/796","targetHints":{"allow":["GET"]}}],"collection":[{"href":"https:\/\/taikalyhty.fi\/en\/wp-json\/wp\/v2\/product"}],"about":[{"href":"https:\/\/taikalyhty.fi\/en\/wp-json\/wp\/v2\/types\/product"}],"wp:featuredmedia":[{"embeddable":true,"href":"https:\/\/taikalyhty.fi\/en\/wp-json\/wp\/v2\/media\/827"}],"wp:attachment":[{"href":"https:\/\/taikalyhty.fi\/en\/wp-json\/wp\/v2\/media?parent=796"}],"wp:term":[{"taxonomy":"product_brand","embeddable":true,"href":"https:\/\/taikalyhty.fi\/en\/wp-json\/wp\/v2\/product_brand?post=796"},{"taxonomy":"product_cat","embeddable":true,"href":"https:\/\/taikalyhty.fi\/en\/wp-json\/wp\/v2\/product_cat?post=796"},{"taxonomy":"product_tag","embeddable":true,"href":"https:\/\/taikalyhty.fi\/en\/wp-json\/wp\/v2\/product_tag?post=796"}],"curies":[{"name":"wp","href":"https:\/\/api.w.org\/{rel}","templated":true}]}}