{"id":793,"date":"2023-04-11T14:36:22","date_gmt":"2023-04-11T11:36:22","guid":{"rendered":"https:\/\/taikalyhty.fi\/?post_type=product&#038;p=793"},"modified":"2024-04-04T14:44:15","modified_gmt":"2024-04-04T11:44:15","slug":"k24k-pyoriva-pehmustettu-tuoli-5","status":"publish","type":"product","link":"https:\/\/taikalyhty.fi\/en\/product\/k24k-pyoriva-pehmustettu-tuoli-5\/","title":{"rendered":"K24K, Py\u00f6riv\u00e4 pehmustettu tuoli (5)"},"content":{"rendered":"<p>Kangasp\u00e4\u00e4lysteinen. Musta (12) ja punainen (5).<\/p>","protected":false},"excerpt":{"rendered":"<p>Kangasp\u00e4\u00e4lysteinen. Punainen, hyllyss\u00e4 5 kpl.<\/p>","protected":false},"featured_media":822,"template":"","meta":{"_joinchat":[]},"product_brand":[],"product_cat":[91],"product_tag":[],"class_list":{"0":"post-793","1":"product","2":"type-product","3":"status-publish","4":"has-post-thumbnail","6":"product_cat-tuolit","8":"first","9":"instock","10":"shipping-taxable","11":"purchasable","12":"product-type-simple"},"_links":{"self":[{"href":"https:\/\/taikalyhty.fi\/en\/wp-json\/wp\/v2\/product\/793","targetHints":{"allow":["GET"]}}],"collection":[{"href":"https:\/\/taikalyhty.fi\/en\/wp-json\/wp\/v2\/product"}],"about":[{"href":"https:\/\/taikalyhty.fi\/en\/wp-json\/wp\/v2\/types\/product"}],"wp:featuredmedia":[{"embeddable":true,"href":"https:\/\/taikalyhty.fi\/en\/wp-json\/wp\/v2\/media\/822"}],"wp:attachment":[{"href":"https:\/\/taikalyhty.fi\/en\/wp-json\/wp\/v2\/media?parent=793"}],"wp:term":[{"taxonomy":"product_brand","embeddable":true,"href":"https:\/\/taikalyhty.fi\/en\/wp-json\/wp\/v2\/product_brand?post=793"},{"taxonomy":"product_cat","embeddable":true,"href":"https:\/\/taikalyhty.fi\/en\/wp-json\/wp\/v2\/product_cat?post=793"},{"taxonomy":"product_tag","embeddable":true,"href":"https:\/\/taikalyhty.fi\/en\/wp-json\/wp\/v2\/product_tag?post=793"}],"curies":[{"name":"wp","href":"https:\/\/api.w.org\/{rel}","templated":true}]}}