{"id":791,"date":"2023-04-11T14:36:22","date_gmt":"2023-04-11T11:36:22","guid":{"rendered":"https:\/\/taikalyhty.fi\/?post_type=product&#038;p=791"},"modified":"2023-04-11T14:46:30","modified_gmt":"2023-04-11T11:46:30","slug":"k40d-delta-esittelyhyllykko-21","status":"publish","type":"product","link":"https:\/\/taikalyhty.fi\/en\/product\/k40d-delta-esittelyhyllykko-21\/","title":{"rendered":"K40D, Delta esittelyhyllykk\u00f6 (21)"},"content":{"rendered":"<p>Puu+metalli, taittuva, h=130cm, 4 tasoa, max A4 -esitteille. My\u00f6s myynniss\u00e4, 150 e sis\u00e4lt\u00e4en kantokassin.<\/p>","protected":false},"excerpt":{"rendered":"<p>Puu+metalli, taittuva, h=130cm, 4 tasoa, max A4 -esitteille. My\u00f6s myynniss\u00e4, 150 e sis\u00e4lt\u00e4en kantokassin.<\/p>","protected":false},"featured_media":819,"template":"","meta":{"_joinchat":[]},"product_brand":[],"product_cat":[65,90],"product_tag":[],"class_list":{"0":"post-791","1":"product","2":"type-product","3":"status-publish","4":"has-post-thumbnail","6":"product_cat-esitetelineet","7":"product_cat-poistotuotteet","9":"first","10":"instock","11":"shipping-taxable","12":"purchasable","13":"product-type-variable"},"_links":{"self":[{"href":"https:\/\/taikalyhty.fi\/en\/wp-json\/wp\/v2\/product\/791","targetHints":{"allow":["GET"]}}],"collection":[{"href":"https:\/\/taikalyhty.fi\/en\/wp-json\/wp\/v2\/product"}],"about":[{"href":"https:\/\/taikalyhty.fi\/en\/wp-json\/wp\/v2\/types\/product"}],"wp:featuredmedia":[{"embeddable":true,"href":"https:\/\/taikalyhty.fi\/en\/wp-json\/wp\/v2\/media\/819"}],"wp:attachment":[{"href":"https:\/\/taikalyhty.fi\/en\/wp-json\/wp\/v2\/media?parent=791"}],"wp:term":[{"taxonomy":"product_brand","embeddable":true,"href":"https:\/\/taikalyhty.fi\/en\/wp-json\/wp\/v2\/product_brand?post=791"},{"taxonomy":"product_cat","embeddable":true,"href":"https:\/\/taikalyhty.fi\/en\/wp-json\/wp\/v2\/product_cat?post=791"},{"taxonomy":"product_tag","embeddable":true,"href":"https:\/\/taikalyhty.fi\/en\/wp-json\/wp\/v2\/product_tag?post=791"}],"curies":[{"name":"wp","href":"https:\/\/api.w.org\/{rel}","templated":true}]}}