{"id":757,"date":"2023-04-11T14:35:57","date_gmt":"2023-04-11T11:35:57","guid":{"rendered":"https:\/\/taikalyhty.fi\/?post_type=product&#038;p=757"},"modified":"2023-04-11T14:36:28","modified_gmt":"2023-04-11T11:36:28","slug":"korkea-pystyvitriini","status":"publish","type":"product","link":"https:\/\/taikalyhty.fi\/en\/product\/korkea-pystyvitriini\/","title":{"rendered":"Tall vertical showcase"},"content":{"rendered":"<p>Korkea lasivitriini<\/p>","protected":false},"excerpt":{"rendered":"<p>Messuprofiilirakenteinen vitriini &#8211; korkeus muokattavissa. Ulkomitat 53&#215;53 cm. Lasihyllyt 47&#215;47 cm. Hyllyjen v\u00e4lit vapaasti m\u00e4\u00e4r\u00e4tt\u00e4viss\u00e4.<\/p>","protected":false},"featured_media":814,"template":"","meta":{"_joinchat":[]},"product_brand":[],"product_cat":[64],"product_tag":[],"class_list":{"0":"post-757","1":"product","2":"type-product","3":"status-publish","4":"has-post-thumbnail","6":"product_cat-vitriinit","8":"first","9":"instock","10":"shipping-taxable","11":"purchasable","12":"product-type-simple"},"_links":{"self":[{"href":"https:\/\/taikalyhty.fi\/en\/wp-json\/wp\/v2\/product\/757","targetHints":{"allow":["GET"]}}],"collection":[{"href":"https:\/\/taikalyhty.fi\/en\/wp-json\/wp\/v2\/product"}],"about":[{"href":"https:\/\/taikalyhty.fi\/en\/wp-json\/wp\/v2\/types\/product"}],"wp:featuredmedia":[{"embeddable":true,"href":"https:\/\/taikalyhty.fi\/en\/wp-json\/wp\/v2\/media\/814"}],"wp:attachment":[{"href":"https:\/\/taikalyhty.fi\/en\/wp-json\/wp\/v2\/media?parent=757"}],"wp:term":[{"taxonomy":"product_brand","embeddable":true,"href":"https:\/\/taikalyhty.fi\/en\/wp-json\/wp\/v2\/product_brand?post=757"},{"taxonomy":"product_cat","embeddable":true,"href":"https:\/\/taikalyhty.fi\/en\/wp-json\/wp\/v2\/product_cat?post=757"},{"taxonomy":"product_tag","embeddable":true,"href":"https:\/\/taikalyhty.fi\/en\/wp-json\/wp\/v2\/product_tag?post=757"}],"curies":[{"name":"wp","href":"https:\/\/api.w.org\/{rel}","templated":true}]}}