{"id":755,"date":"2023-04-11T14:35:56","date_gmt":"2023-04-11T11:35:56","guid":{"rendered":"https:\/\/taikalyhty.fi\/?post_type=product&#038;p=755"},"modified":"2023-04-11T14:36:27","modified_gmt":"2023-04-11T11:36:27","slug":"pystyvitriini-alalaatikostolla-1","status":"publish","type":"product","link":"https:\/\/taikalyhty.fi\/en\/product\/pystyvitriini-alalaatikostolla-1\/","title":{"rendered":"Vertical showcase with lower drawer unit (1)"},"content":{"rendered":"<p>Illuminated showcase vitrine with three shelfs. Logo arrays of 12 x 44 cm can be added on the four top sides in the top side, but are not included in the price.<\/p>","protected":false},"excerpt":{"rendered":"<p>Valaistu, kolmihyllyinen esittelyvitriini, 50 x 50 cm, korkeus 168 cm, alla kaksi vetolaatikkoa. Nelj\u00e4lle sivulle mahdollisuus lis\u00e4t\u00e4 taustavalaistu logotaulu 12 x 44 cm, logotulosteet eiv\u00e4t sis\u00e4lly hintaan (4 kpl = 60e). Ostettavissa omaksi &#8211; kysy!<\/p>","protected":false},"featured_media":812,"template":"","meta":{"_joinchat":[]},"product_brand":[],"product_cat":[64],"product_tag":[],"class_list":{"0":"post-755","1":"product","2":"type-product","3":"status-publish","4":"has-post-thumbnail","6":"product_cat-vitriinit","8":"first","9":"instock","10":"shipping-taxable","11":"purchasable","12":"product-type-simple"},"_links":{"self":[{"href":"https:\/\/taikalyhty.fi\/en\/wp-json\/wp\/v2\/product\/755","targetHints":{"allow":["GET"]}}],"collection":[{"href":"https:\/\/taikalyhty.fi\/en\/wp-json\/wp\/v2\/product"}],"about":[{"href":"https:\/\/taikalyhty.fi\/en\/wp-json\/wp\/v2\/types\/product"}],"wp:featuredmedia":[{"embeddable":true,"href":"https:\/\/taikalyhty.fi\/en\/wp-json\/wp\/v2\/media\/812"}],"wp:attachment":[{"href":"https:\/\/taikalyhty.fi\/en\/wp-json\/wp\/v2\/media?parent=755"}],"wp:term":[{"taxonomy":"product_brand","embeddable":true,"href":"https:\/\/taikalyhty.fi\/en\/wp-json\/wp\/v2\/product_brand?post=755"},{"taxonomy":"product_cat","embeddable":true,"href":"https:\/\/taikalyhty.fi\/en\/wp-json\/wp\/v2\/product_cat?post=755"},{"taxonomy":"product_tag","embeddable":true,"href":"https:\/\/taikalyhty.fi\/en\/wp-json\/wp\/v2\/product_tag?post=755"}],"curies":[{"name":"wp","href":"https:\/\/api.w.org\/{rel}","templated":true}]}}