{"id":742,"date":"2023-04-11T14:35:32","date_gmt":"2023-04-11T11:35:32","guid":{"rendered":"https:\/\/taikalyhty.fi\/?post_type=product&#038;p=742"},"modified":"2023-04-11T14:45:58","modified_gmt":"2023-04-11T11:45:58","slug":"vastauslaatikko-poytamalli","status":"publish","type":"product","link":"https:\/\/taikalyhty.fi\/en\/product\/vastauslaatikko-poytamalli\/","title":{"rendered":"Vastauslaatikko, p\u00f6yt\u00e4malli"},"content":{"rendered":"","protected":false},"excerpt":{"rendered":"<p class=\"p1\"><span class=\"s1\">Profiilirakenteinen, kuvassa 33 x 33 x 33 cm. Voidaan tehd\u00e4 my\u00f6s 53 x 53 cm kannella ja korkeuteen 50\/70\/100 cm. Eri kustannuksella koko ja levyjen v\u00e4ritys r\u00e4\u00e4t\u00e4l\u00f6it\u00e4viss\u00e4. L\u00f6ytyy my\u00f6s kirkkaasta akryylist\u00e4 tehtyj\u00e4.<\/span><\/p>","protected":false},"featured_media":787,"template":"","meta":{"_joinchat":[]},"product_brand":[],"product_cat":[76],"product_tag":[],"class_list":{"0":"post-742","1":"product","2":"type-product","3":"status-publish","4":"has-post-thumbnail","6":"product_cat-vastauslaatikot","8":"first","9":"instock","10":"shipping-taxable","11":"purchasable","12":"product-type-variable"},"_links":{"self":[{"href":"https:\/\/taikalyhty.fi\/en\/wp-json\/wp\/v2\/product\/742","targetHints":{"allow":["GET"]}}],"collection":[{"href":"https:\/\/taikalyhty.fi\/en\/wp-json\/wp\/v2\/product"}],"about":[{"href":"https:\/\/taikalyhty.fi\/en\/wp-json\/wp\/v2\/types\/product"}],"wp:featuredmedia":[{"embeddable":true,"href":"https:\/\/taikalyhty.fi\/en\/wp-json\/wp\/v2\/media\/787"}],"wp:attachment":[{"href":"https:\/\/taikalyhty.fi\/en\/wp-json\/wp\/v2\/media?parent=742"}],"wp:term":[{"taxonomy":"product_brand","embeddable":true,"href":"https:\/\/taikalyhty.fi\/en\/wp-json\/wp\/v2\/product_brand?post=742"},{"taxonomy":"product_cat","embeddable":true,"href":"https:\/\/taikalyhty.fi\/en\/wp-json\/wp\/v2\/product_cat?post=742"},{"taxonomy":"product_tag","embeddable":true,"href":"https:\/\/taikalyhty.fi\/en\/wp-json\/wp\/v2\/product_tag?post=742"}],"curies":[{"name":"wp","href":"https:\/\/api.w.org\/{rel}","templated":true}]}}