{"id":720,"date":"2023-04-11T14:34:15","date_gmt":"2023-04-11T11:34:15","guid":{"rendered":"https:\/\/taikalyhty.fi\/?post_type=product&#038;p=720"},"modified":"2023-04-11T14:36:11","modified_gmt":"2023-04-11T11:36:11","slug":"loisteputkivalo-valkea-tai-varillinen","status":"publish","type":"product","link":"https:\/\/taikalyhty.fi\/en\/product\/loisteputkivalo-valkea-tai-varillinen\/","title":{"rendered":"Loisteputkivalo, valkea tai v\u00e4rillinen"},"content":{"rendered":"<p>L\u00f6ytyy punaisella, keltaisella, vihre\u00e4ll\u00e4 ja sinisell\u00e4 valolla. Valaisimet ketjutettavissa toisiinsa<\/p>","protected":false},"excerpt":{"rendered":"<p>L\u00f6ytyy punaisella, keltaisella, vihre\u00e4ll\u00e4 ja sinisell\u00e4 valolla. Valaisimet ketjutettavissa toisiinsa<\/p>","protected":false},"featured_media":783,"template":"","meta":{"_joinchat":[]},"product_brand":[],"product_cat":[44],"product_tag":[82,83],"class_list":{"0":"post-720","1":"product","2":"type-product","3":"status-publish","4":"has-post-thumbnail","6":"product_cat-valot","7":"product_tag-loisteputkivalo","8":"product_tag-valkea","10":"first","11":"instock","12":"shipping-taxable","13":"purchasable","14":"product-type-simple"},"_links":{"self":[{"href":"https:\/\/taikalyhty.fi\/en\/wp-json\/wp\/v2\/product\/720","targetHints":{"allow":["GET"]}}],"collection":[{"href":"https:\/\/taikalyhty.fi\/en\/wp-json\/wp\/v2\/product"}],"about":[{"href":"https:\/\/taikalyhty.fi\/en\/wp-json\/wp\/v2\/types\/product"}],"wp:featuredmedia":[{"embeddable":true,"href":"https:\/\/taikalyhty.fi\/en\/wp-json\/wp\/v2\/media\/783"}],"wp:attachment":[{"href":"https:\/\/taikalyhty.fi\/en\/wp-json\/wp\/v2\/media?parent=720"}],"wp:term":[{"taxonomy":"product_brand","embeddable":true,"href":"https:\/\/taikalyhty.fi\/en\/wp-json\/wp\/v2\/product_brand?post=720"},{"taxonomy":"product_cat","embeddable":true,"href":"https:\/\/taikalyhty.fi\/en\/wp-json\/wp\/v2\/product_cat?post=720"},{"taxonomy":"product_tag","embeddable":true,"href":"https:\/\/taikalyhty.fi\/en\/wp-json\/wp\/v2\/product_tag?post=720"}],"curies":[{"name":"wp","href":"https:\/\/api.w.org\/{rel}","templated":true}]}}