{"id":717,"date":"2023-04-11T14:34:15","date_gmt":"2023-04-11T11:34:15","guid":{"rendered":"https:\/\/taikalyhty.fi\/?post_type=product&#038;p=717"},"modified":"2025-01-13T08:09:21","modified_gmt":"2025-01-13T06:09:21","slug":"jaa-viileakaappi-1","status":"publish","type":"product","link":"https:\/\/taikalyhty.fi\/en\/product\/jaa-viileakaappi-1\/","title":{"rendered":"J\u00e4\u00e4-\/viile\u00e4kaappi (1)"},"content":{"rendered":"<p>129 litran j\u00e4\u00e4-viile\u00e4kaappi (ei siis pakastinta). Kansi 55 cm leveys, 56 cm syvyys, 84 cm korkeus.<\/p>","protected":false},"excerpt":{"rendered":"<p>129 litran j\u00e4\u00e4-viile\u00e4kaappi (ei siis pakastinta). Kansi 55 cm leveys, 56 cm syvyys, 84 cm korkeus.<\/p>","protected":false},"featured_media":771,"template":"","meta":{"_joinchat":[]},"product_brand":[],"product_cat":[68],"product_tag":[],"class_list":{"0":"post-717","1":"product","2":"type-product","3":"status-publish","4":"has-post-thumbnail","6":"product_cat-jaakaapit","8":"first","9":"instock","10":"shipping-taxable","11":"purchasable","12":"product-type-simple"},"_links":{"self":[{"href":"https:\/\/taikalyhty.fi\/en\/wp-json\/wp\/v2\/product\/717","targetHints":{"allow":["GET"]}}],"collection":[{"href":"https:\/\/taikalyhty.fi\/en\/wp-json\/wp\/v2\/product"}],"about":[{"href":"https:\/\/taikalyhty.fi\/en\/wp-json\/wp\/v2\/types\/product"}],"wp:featuredmedia":[{"embeddable":true,"href":"https:\/\/taikalyhty.fi\/en\/wp-json\/wp\/v2\/media\/771"}],"wp:attachment":[{"href":"https:\/\/taikalyhty.fi\/en\/wp-json\/wp\/v2\/media?parent=717"}],"wp:term":[{"taxonomy":"product_brand","embeddable":true,"href":"https:\/\/taikalyhty.fi\/en\/wp-json\/wp\/v2\/product_brand?post=717"},{"taxonomy":"product_cat","embeddable":true,"href":"https:\/\/taikalyhty.fi\/en\/wp-json\/wp\/v2\/product_cat?post=717"},{"taxonomy":"product_tag","embeddable":true,"href":"https:\/\/taikalyhty.fi\/en\/wp-json\/wp\/v2\/product_tag?post=717"}],"curies":[{"name":"wp","href":"https:\/\/api.w.org\/{rel}","templated":true}]}}