{"id":700,"date":"2023-04-11T14:33:09","date_gmt":"2023-04-11T11:33:09","guid":{"rendered":"https:\/\/taikalyhty.fi\/?post_type=product&#038;p=700"},"modified":"2025-04-10T13:28:09","modified_gmt":"2025-04-10T10:28:09","slug":"esitehylly-k42","status":"publish","type":"product","link":"https:\/\/taikalyhty.fi\/en\/product\/esitehylly-k42\/","title":{"rendered":"Brochure shelf, K42"},"content":{"rendered":"<p>Konsolihylly messuj\u00e4rjestelm\u00e4\u00e4n, 30 cm x 100 cm, edellytt\u00e4\u00e4 rakenteissa kahta vapaata vierekk\u00e4ist\u00e4 pystyprofiilia, asennus suora tai 30 asteen vinous<\/p>","protected":false},"excerpt":{"rendered":"<p>Konsolihylly messuj\u00e4rjestelm\u00e4\u00e4n, 30 x 100 cm, edellytt\u00e4\u00e4 rakenteissa kahta vapaata vierekk\u00e4ist\u00e4 pystyprofiilia, asennus suora tai 30 asteen vinous<\/p>","protected":false},"featured_media":763,"template":"","meta":{"_joinchat":[]},"product_brand":[],"product_cat":[71,42],"product_tag":[],"class_list":{"0":"post-700","1":"product","2":"type-product","3":"status-publish","4":"has-post-thumbnail","6":"product_cat-hyllyt","7":"product_cat-perustuotteet-messuille","9":"first","10":"instock","11":"shipping-taxable","12":"purchasable","13":"product-type-simple"},"_links":{"self":[{"href":"https:\/\/taikalyhty.fi\/en\/wp-json\/wp\/v2\/product\/700","targetHints":{"allow":["GET"]}}],"collection":[{"href":"https:\/\/taikalyhty.fi\/en\/wp-json\/wp\/v2\/product"}],"about":[{"href":"https:\/\/taikalyhty.fi\/en\/wp-json\/wp\/v2\/types\/product"}],"wp:featuredmedia":[{"embeddable":true,"href":"https:\/\/taikalyhty.fi\/en\/wp-json\/wp\/v2\/media\/763"}],"wp:attachment":[{"href":"https:\/\/taikalyhty.fi\/en\/wp-json\/wp\/v2\/media?parent=700"}],"wp:term":[{"taxonomy":"product_brand","embeddable":true,"href":"https:\/\/taikalyhty.fi\/en\/wp-json\/wp\/v2\/product_brand?post=700"},{"taxonomy":"product_cat","embeddable":true,"href":"https:\/\/taikalyhty.fi\/en\/wp-json\/wp\/v2\/product_cat?post=700"},{"taxonomy":"product_tag","embeddable":true,"href":"https:\/\/taikalyhty.fi\/en\/wp-json\/wp\/v2\/product_tag?post=700"}],"curies":[{"name":"wp","href":"https:\/\/api.w.org\/{rel}","templated":true}]}}