{"id":688,"date":"2023-04-11T14:32:44","date_gmt":"2023-04-11T11:32:44","guid":{"rendered":"https:\/\/taikalyhty.fi\/?post_type=product&#038;p=688"},"modified":"2023-04-11T14:45:33","modified_gmt":"2023-04-11T11:45:33","slug":"tiskin-kaareva-kulmapala-k13","status":"publish","type":"product","link":"https:\/\/taikalyhty.fi\/en\/product\/tiskin-kaareva-kulmapala-k13\/","title":{"rendered":"Counter Curved Corner, K13"},"content":{"rendered":"<p>Kaarikulma-pala tiskeihin, 53 x 53 cm,korkeus 100 cm valkea valkea melamiinipintainen uppokansi kaaren etulevyn &#8221;n\u00e4kyv\u00e4 osa&#8221; 88 x 76,5 cm<\/p>","protected":false},"excerpt":{"rendered":"<p>Kaarikulma-pala tiskeihin, 53 x 53 cm,korkeus 100 cm valkea valkea melamiinipintainen uppokansi kaaren etulevyn &#8221;n\u00e4kyv\u00e4 osa&#8221; 88 x 76,5 cm<\/p>\n<div style=\"border: 1px solid #ddd; border-radius: 1px; position: relative; overflow: hidden; margin-bottom: 2em;\">\n<p><iframe style=\"width: 100%; height: 35.9em; display: block;\" src=\"https:\/\/3dwarehouse.sketchup.com\/embed.html?mid=u0d78d474-7a86-4fae-a4fc-41f002590468\" width=\"300\" height=\"150\" frameborder=\"0\" marginwidth=\"0\" marginheight=\"0\" scrolling=\"no\" allowfullscreen=\"allowfullscreen\"><\/iframe><\/p>\n<div style=\"background: #fff; position: absolute; box-shadow: 0 0 2px rgba(0,0,0,.5); font-family: sans-serif; text-align: center; font-size: .7em; right: 0; bottom: 0; left: 0; line-height: 1.7em; padding: 10px 0;\">Tartu kuvaan py\u00f6ritt\u00e4\u00e4ksesi sit\u00e4. Shift + kuvaan tarttuminen liikuttaa sit\u00e4 linjassa. Scroll = zoom.<br \/>\nCopyright by Taikalyhty Oy \u00a9 2016<\/div>\n<\/div>","protected":false},"featured_media":759,"template":"","meta":{"_joinchat":[]},"product_brand":[],"product_cat":[42,57],"product_tag":[],"class_list":{"0":"post-688","1":"product","2":"type-product","3":"status-publish","4":"has-post-thumbnail","6":"product_cat-perustuotteet-messuille","7":"product_cat-tasot-ja-kulmapalat","9":"first","10":"instock","11":"shipping-taxable","12":"purchasable","13":"product-type-variable"},"_links":{"self":[{"href":"https:\/\/taikalyhty.fi\/en\/wp-json\/wp\/v2\/product\/688","targetHints":{"allow":["GET"]}}],"collection":[{"href":"https:\/\/taikalyhty.fi\/en\/wp-json\/wp\/v2\/product"}],"about":[{"href":"https:\/\/taikalyhty.fi\/en\/wp-json\/wp\/v2\/types\/product"}],"wp:featuredmedia":[{"embeddable":true,"href":"https:\/\/taikalyhty.fi\/en\/wp-json\/wp\/v2\/media\/759"}],"wp:attachment":[{"href":"https:\/\/taikalyhty.fi\/en\/wp-json\/wp\/v2\/media?parent=688"}],"wp:term":[{"taxonomy":"product_brand","embeddable":true,"href":"https:\/\/taikalyhty.fi\/en\/wp-json\/wp\/v2\/product_brand?post=688"},{"taxonomy":"product_cat","embeddable":true,"href":"https:\/\/taikalyhty.fi\/en\/wp-json\/wp\/v2\/product_cat?post=688"},{"taxonomy":"product_tag","embeddable":true,"href":"https:\/\/taikalyhty.fi\/en\/wp-json\/wp\/v2\/product_tag?post=688"}],"curies":[{"name":"wp","href":"https:\/\/api.w.org\/{rel}","templated":true}]}}