{"id":684,"date":"2023-04-11T14:32:44","date_gmt":"2023-04-11T11:32:44","guid":{"rendered":"https:\/\/taikalyhty.fi\/?post_type=product&#038;p=684"},"modified":"2023-04-11T14:35:54","modified_gmt":"2023-04-11T11:35:54","slug":"trussijarjestelma-structura","status":"publish","type":"product","link":"https:\/\/taikalyhty.fi\/en\/product\/trussijarjestelma-structura\/","title":{"rendered":"Trussij\u00e4rjestelm\u00e4 Structura"},"content":{"rendered":"<div data-elementor-type=\"wp-post\" data-elementor-id=\"684\" class=\"elementor elementor-684 elementor-bc-flex-widget\" data-elementor-post-type=\"product\">\n\t\t\t\t\t\t<section class=\"elementor-section elementor-top-section elementor-element elementor-element-472b867d elementor-section-boxed elementor-section-height-default elementor-section-height-default\" data-id=\"472b867d\" data-element_type=\"section\" data-e-type=\"section\">\n\t\t\t\t\t\t<div class=\"elementor-container elementor-column-gap-default\">\n\t\t\t\t\t<div class=\"elementor-column elementor-col-100 elementor-top-column elementor-element elementor-element-689eb507\" data-id=\"689eb507\" data-element_type=\"column\" data-e-type=\"column\">\n\t\t\t<div class=\"elementor-widget-wrap elementor-element-populated\">\n\t\t\t\t\t\t<div class=\"elementor-element elementor-element-1587b517 elementor-widget elementor-widget-text-editor\" data-id=\"1587b517\" data-element_type=\"widget\" data-e-type=\"widget\" data-widget_type=\"text-editor.default\">\n\t\t\t\t<div class=\"elementor-widget-container\">\n\t\t\t\t\t\t\t\t\t<p>25\u20ac jm, metalli, valkea, poikkileikkausmitat 30 x 30 x 30 cm.<ul><li>Runsas m\u00e4\u00e4r\u00e4 hyllyss\u00e4<li>Palat 2000mm, 1000mm, 600mm, 400mm<li>Kulmapalat, risteyspalat, p\u00e4\u00e4tykolmiot hyllyss\u00e4\t\t\t\t\t\t\t\t<\/div>\n\t\t\t\t<\/div>\n\t\t\t\t\t<\/div>\n\t\t<\/div>\n\t\t\t\t\t<\/div>\n\t\t<\/section>\n\t\t\t\t<section class=\"elementor-section elementor-top-section elementor-element elementor-element-58e07ba elementor-section-boxed elementor-section-height-default elementor-section-height-default\" data-id=\"58e07ba\" data-element_type=\"section\" data-e-type=\"section\">\n\t\t\t\t\t\t<div class=\"elementor-container elementor-column-gap-default\">\n\t\t\t\t\t<div class=\"elementor-column elementor-col-100 elementor-top-column elementor-element elementor-element-677b829\" data-id=\"677b829\" data-element_type=\"column\" data-e-type=\"column\">\n\t\t\t<div class=\"elementor-widget-wrap elementor-element-populated\">\n\t\t\t\t\t\t<div class=\"elementor-element elementor-element-db7591c elementor-widget elementor-widget-image\" data-id=\"db7591c\" data-element_type=\"widget\" data-e-type=\"widget\" data-widget_type=\"image.default\">\n\t\t\t\t<div class=\"elementor-widget-container\">\n\t\t\t\t\t\t\t\t\t\t\t\t\t\t\t<img decoding=\"async\" src=\"https:\/\/taikalyhty.fi\/wp-content\/uploads\/2014\/08\/IMG_6873.jpg\" title=\"\" alt=\"\" loading=\"lazy\" \/>\t\t\t\t\t\t\t\t\t\t\t\t\t\t\t<\/div>\n\t\t\t\t<\/div>\n\t\t\t\t\t<\/div>\n\t\t<\/div>\n\t\t\t\t\t<\/div>\n\t\t<\/section>\n\t\t\t\t<section class=\"elementor-section elementor-top-section elementor-element elementor-element-399c77b elementor-section-boxed elementor-section-height-default elementor-section-height-default\" data-id=\"399c77b\" data-element_type=\"section\" data-e-type=\"section\">\n\t\t\t\t\t\t<div class=\"elementor-container elementor-column-gap-default\">\n\t\t\t\t\t<div class=\"elementor-column elementor-col-100 elementor-top-column elementor-element elementor-element-cf724dc\" data-id=\"cf724dc\" data-element_type=\"column\" data-e-type=\"column\">\n\t\t\t<div class=\"elementor-widget-wrap elementor-element-populated\">\n\t\t\t\t\t\t<div class=\"elementor-element elementor-element-b16b708 elementor-widget elementor-widget-image-gallery\" data-id=\"b16b708\" data-element_type=\"widget\" data-e-type=\"widget\" data-widget_type=\"image-gallery.default\">\n\t\t\t\t<div class=\"elementor-widget-container\">\n\t\t\t\t\t\t\t<div class=\"elementor-image-gallery\">\n\t\t\t<div id='gallery-1' class='gallery galleryid-684 gallery-columns-2 gallery-size-large'><figure class='gallery-item'>\n\t\t\t<div class='gallery-icon landscape'>\n\t\t\t\t<a data-elementor-open-lightbox=\"yes\" data-elementor-lightbox-slideshow=\"b16b708\" data-elementor-lightbox-title=\"2014-11-13-15.55.07.jpg\" data-e-action-hash=\"#elementor-action%3Aaction%3Dlightbox%26settings%3DeyJpZCI6ODY3LCJ1cmwiOiJodHRwczpcL1wvdGFpa2FseWh0eS5maVwvd3AtY29udGVudFwvdXBsb2Fkc1wvMjAyM1wvMDRcLzIwMTQtMTEtMTMtMTUuNTUuMDctc2NhbGVkLmpwZyIsInNsaWRlc2hvdyI6ImIxNmI3MDgifQ%3D%3D\" href='https:\/\/taikalyhty.fi\/wp-content\/uploads\/2023\/04\/2014-11-13-15.55.07-scaled.jpg'><img fetchpriority=\"high\" decoding=\"async\" width=\"800\" height=\"600\" src=\"https:\/\/taikalyhty.fi\/wp-content\/uploads\/2023\/04\/2014-11-13-15.55.07-1024x768.jpg\" class=\"attachment-large size-large\" alt=\"\" srcset=\"https:\/\/taikalyhty.fi\/wp-content\/uploads\/2023\/04\/2014-11-13-15.55.07-1024x768.jpg 1024w, https:\/\/taikalyhty.fi\/wp-content\/uploads\/2023\/04\/2014-11-13-15.55.07-scaled-400x300.jpg 400w, https:\/\/taikalyhty.fi\/wp-content\/uploads\/2023\/04\/2014-11-13-15.55.07-300x225.jpg 300w, https:\/\/taikalyhty.fi\/wp-content\/uploads\/2023\/04\/2014-11-13-15.55.07-768x576.jpg 768w, https:\/\/taikalyhty.fi\/wp-content\/uploads\/2023\/04\/2014-11-13-15.55.07-1536x1152.jpg 1536w, https:\/\/taikalyhty.fi\/wp-content\/uploads\/2023\/04\/2014-11-13-15.55.07-2048x1536.jpg 2048w, https:\/\/taikalyhty.fi\/wp-content\/uploads\/2023\/04\/2014-11-13-15.55.07-16x12.jpg 16w, https:\/\/taikalyhty.fi\/wp-content\/uploads\/2023\/04\/2014-11-13-15.55.07-scaled.jpg 1600w\" sizes=\"(max-width: 800px) 100vw, 800px\" \/><\/a>\n\t\t\t<\/div><\/figure><figure class='gallery-item'>\n\t\t\t<div class='gallery-icon portrait'>\n\t\t\t\t<a data-elementor-open-lightbox=\"yes\" data-elementor-lightbox-slideshow=\"b16b708\" data-elementor-lightbox-title=\"Tv-teline\" data-e-action-hash=\"#elementor-action%3Aaction%3Dlightbox%26settings%3DeyJpZCI6NzAzLCJ1cmwiOiJodHRwczpcL1wvdGFpa2FseWh0eS5maVwvd3AtY29udGVudFwvdXBsb2Fkc1wvMjAyM1wvMDRcL3R2dGVsaW5lLXNjYWxlZC5qcGciLCJzbGlkZXNob3ciOiJiMTZiNzA4In0%3D\" href='https:\/\/taikalyhty.fi\/wp-content\/uploads\/2023\/04\/tvteline-scaled.jpg'><img decoding=\"async\" width=\"685\" height=\"1024\" src=\"https:\/\/taikalyhty.fi\/wp-content\/uploads\/2023\/04\/tvteline-685x1024.jpg\" class=\"attachment-large size-large\" alt=\"\" srcset=\"https:\/\/taikalyhty.fi\/wp-content\/uploads\/2023\/04\/tvteline-685x1024.jpg 685w, https:\/\/taikalyhty.fi\/wp-content\/uploads\/2023\/04\/tvteline-scaled-268x400.jpg 268w, https:\/\/taikalyhty.fi\/wp-content\/uploads\/2023\/04\/tvteline-201x300.jpg 201w, https:\/\/taikalyhty.fi\/wp-content\/uploads\/2023\/04\/tvteline-768x1147.jpg 768w, https:\/\/taikalyhty.fi\/wp-content\/uploads\/2023\/04\/tvteline-1028x1536.jpg 1028w, https:\/\/taikalyhty.fi\/wp-content\/uploads\/2023\/04\/tvteline-1371x2048.jpg 1371w, https:\/\/taikalyhty.fi\/wp-content\/uploads\/2023\/04\/tvteline-8x12.jpg 8w, https:\/\/taikalyhty.fi\/wp-content\/uploads\/2023\/04\/tvteline-scaled.jpg 1071w\" sizes=\"(max-width: 685px) 100vw, 685px\" \/><\/a>\n\t\t\t<\/div><\/figure>\n\t\t<\/div>\n\t\t<\/div>\n\t\t\t\t\t\t<\/div>\n\t\t\t\t<\/div>\n\t\t\t\t\t<\/div>\n\t\t<\/div>\n\t\t\t\t\t<\/div>\n\t\t<\/section>\n\t\t\t\t<\/div>","protected":false},"excerpt":{"rendered":"<p>25\u20ac jm, metalli, valkea, poikkileikkausmitat 30 x 30 x 30 cm.<\/p>","protected":false},"featured_media":748,"template":"","meta":{"_joinchat":[]},"product_brand":[],"product_cat":[74],"product_tag":[],"class_list":{"0":"post-684","1":"product","2":"type-product","3":"status-publish","4":"has-post-thumbnail","6":"product_cat-trussi","8":"first","9":"instock","10":"shipping-taxable","11":"purchasable","12":"product-type-simple"},"_links":{"self":[{"href":"https:\/\/taikalyhty.fi\/en\/wp-json\/wp\/v2\/product\/684","targetHints":{"allow":["GET"]}}],"collection":[{"href":"https:\/\/taikalyhty.fi\/en\/wp-json\/wp\/v2\/product"}],"about":[{"href":"https:\/\/taikalyhty.fi\/en\/wp-json\/wp\/v2\/types\/product"}],"wp:featuredmedia":[{"embeddable":true,"href":"https:\/\/taikalyhty.fi\/en\/wp-json\/wp\/v2\/media\/748"}],"wp:attachment":[{"href":"https:\/\/taikalyhty.fi\/en\/wp-json\/wp\/v2\/media?parent=684"}],"wp:term":[{"taxonomy":"product_brand","embeddable":true,"href":"https:\/\/taikalyhty.fi\/en\/wp-json\/wp\/v2\/product_brand?post=684"},{"taxonomy":"product_cat","embeddable":true,"href":"https:\/\/taikalyhty.fi\/en\/wp-json\/wp\/v2\/product_cat?post=684"},{"taxonomy":"product_tag","embeddable":true,"href":"https:\/\/taikalyhty.fi\/en\/wp-json\/wp\/v2\/product_tag?post=684"}],"curies":[{"name":"wp","href":"https:\/\/api.w.org\/{rel}","templated":true}]}}