{"id":683,"date":"2023-04-11T14:32:44","date_gmt":"2023-04-11T11:32:44","guid":{"rendered":"https:\/\/taikalyhty.fi\/?post_type=product&#038;p=683"},"modified":"2023-04-11T14:35:51","modified_gmt":"2023-04-11T11:35:51","slug":"virtasyoton-tuonti-ulkotilaan-sulko-10-a","status":"publish","type":"product","link":"https:\/\/taikalyhty.fi\/en\/product\/virtasyoton-tuonti-ulkotilaan-sulko-10-a\/","title":{"rendered":"Virtasy\u00f6t\u00f6n tuonti ulkotilaan, sULKO, 10 A"},"content":{"rendered":"<p>HUOM: HINTA MINIMI. SAATAVUUS MESSUKOHTAISESTI RAJATTU. LIS\u00c4HINTA 50 % verrattuna normaaliin sis\u00e4tilan s\u00e4hk\u00f6sy\u00f6tt\u00f6\u00f6n.<\/p>","protected":false},"excerpt":{"rendered":"<p>HUOM: SAATAVUUS MESSUKOHTAISESTI RAJATTU. LIS\u00c4HINTA 50 % verrattuna normaaliin sis\u00e4tilan s\u00e4hk\u00f6sy\u00f6tt\u00f6\u00f6n.<\/p>","protected":false},"featured_media":600,"template":"","meta":{"_joinchat":[]},"product_brand":[],"product_cat":[42],"product_tag":[],"class_list":{"0":"post-683","1":"product","2":"type-product","3":"status-publish","4":"has-post-thumbnail","6":"product_cat-perustuotteet-messuille","8":"first","9":"instock","10":"shipping-taxable","11":"purchasable","12":"product-type-simple"},"_links":{"self":[{"href":"https:\/\/taikalyhty.fi\/en\/wp-json\/wp\/v2\/product\/683","targetHints":{"allow":["GET"]}}],"collection":[{"href":"https:\/\/taikalyhty.fi\/en\/wp-json\/wp\/v2\/product"}],"about":[{"href":"https:\/\/taikalyhty.fi\/en\/wp-json\/wp\/v2\/types\/product"}],"wp:featuredmedia":[{"embeddable":true,"href":"https:\/\/taikalyhty.fi\/en\/wp-json\/wp\/v2\/media\/600"}],"wp:attachment":[{"href":"https:\/\/taikalyhty.fi\/en\/wp-json\/wp\/v2\/media?parent=683"}],"wp:term":[{"taxonomy":"product_brand","embeddable":true,"href":"https:\/\/taikalyhty.fi\/en\/wp-json\/wp\/v2\/product_brand?post=683"},{"taxonomy":"product_cat","embeddable":true,"href":"https:\/\/taikalyhty.fi\/en\/wp-json\/wp\/v2\/product_cat?post=683"},{"taxonomy":"product_tag","embeddable":true,"href":"https:\/\/taikalyhty.fi\/en\/wp-json\/wp\/v2\/product_tag?post=683"}],"curies":[{"name":"wp","href":"https:\/\/api.w.org\/{rel}","templated":true}]}}