{"id":666,"date":"2023-04-11T14:32:17","date_gmt":"2023-04-11T11:32:17","guid":{"rendered":"https:\/\/taikalyhty.fi\/?post_type=product&#038;p=666"},"modified":"2023-04-11T14:35:51","modified_gmt":"2023-04-11T11:35:51","slug":"sahkotyo-messuille","status":"publish","type":"product","link":"https:\/\/taikalyhty.fi\/en\/product\/sahkotyo-messuille\/","title":{"rendered":"S\u00e4hk\u00f6ty\u00f6 Messuille"},"content":{"rendered":"<p>Asiakkaan valojen yms. laitteiden asennus. 50 \u20ac\/h<\/p>","protected":false},"excerpt":{"rendered":"<p>Asiakkaan valojen yms. laitteiden asennus. 50 \u20ac\/h<\/p>","protected":false},"featured_media":600,"template":"","meta":{"_joinchat":[]},"product_brand":[],"product_cat":[42],"product_tag":[],"class_list":{"0":"post-666","1":"product","2":"type-product","3":"status-publish","4":"has-post-thumbnail","6":"product_cat-perustuotteet-messuille","8":"first","9":"instock","10":"shipping-taxable","11":"purchasable","12":"product-type-simple"},"_links":{"self":[{"href":"https:\/\/taikalyhty.fi\/en\/wp-json\/wp\/v2\/product\/666","targetHints":{"allow":["GET"]}}],"collection":[{"href":"https:\/\/taikalyhty.fi\/en\/wp-json\/wp\/v2\/product"}],"about":[{"href":"https:\/\/taikalyhty.fi\/en\/wp-json\/wp\/v2\/types\/product"}],"wp:featuredmedia":[{"embeddable":true,"href":"https:\/\/taikalyhty.fi\/en\/wp-json\/wp\/v2\/media\/600"}],"wp:attachment":[{"href":"https:\/\/taikalyhty.fi\/en\/wp-json\/wp\/v2\/media?parent=666"}],"wp:term":[{"taxonomy":"product_brand","embeddable":true,"href":"https:\/\/taikalyhty.fi\/en\/wp-json\/wp\/v2\/product_brand?post=666"},{"taxonomy":"product_cat","embeddable":true,"href":"https:\/\/taikalyhty.fi\/en\/wp-json\/wp\/v2\/product_cat?post=666"},{"taxonomy":"product_tag","embeddable":true,"href":"https:\/\/taikalyhty.fi\/en\/wp-json\/wp\/v2\/product_tag?post=666"}],"curies":[{"name":"wp","href":"https:\/\/api.w.org\/{rel}","templated":true}]}}