{"id":665,"date":"2023-04-11T14:32:17","date_gmt":"2023-04-11T11:32:17","guid":{"rendered":"https:\/\/taikalyhty.fi\/?post_type=product&#038;p=665"},"modified":"2025-09-04T10:06:46","modified_gmt":"2025-09-04T07:06:46","slug":"taitettava-esiintymislava-240-x-188-cm","status":"publish","type":"product","link":"https:\/\/taikalyhty.fi\/en\/product\/taitettava-esiintymislava-240-x-188-cm\/","title":{"rendered":"Foldable Performance stage 240 x 188 cm"},"content":{"rendered":"","protected":false},"excerpt":{"rendered":"<div class=\"\">\n<p><span class=\"\">T\u00e4m\u00e4 esiintymislava on eritt\u00e4in kest\u00e4v\u00e4, ja soveltuu loistavasti tilanteisiin, jossa tarvitsette satunnaista esiintymistilaa.\u00a0Lava on p\u00e4\u00e4llystetty harmaalla matolla, ja sen runko on vasaralakattu. Kysy my\u00f6s rappusta ja reunakangasta. Lava k\u00e4ytett\u00e4viss\u00e4 my\u00f6s &#8221;puoliksi&#8221;, jolloin pystyyn taittuvasta osasta saa n\u00e4pp\u00e4r\u00e4sti taustan esiintyj\u00e4lle.<\/span><\/p>\n<p>Kuljetus hyvin saavutettaviin tiloihin. Lava painaa 155 kg.<\/p>\n<\/div>\n<p>Korkeus joko 40 tai 60cm.<\/p>","protected":false},"featured_media":747,"template":"","meta":{"_joinchat":[]},"product_brand":[],"product_cat":[73],"product_tag":[],"class_list":{"0":"post-665","1":"product","2":"type-product","3":"status-publish","4":"has-post-thumbnail","6":"product_cat-esiintymislavat","8":"first","9":"instock","10":"shipping-taxable","11":"purchasable","12":"product-type-simple"},"_links":{"self":[{"href":"https:\/\/taikalyhty.fi\/en\/wp-json\/wp\/v2\/product\/665","targetHints":{"allow":["GET"]}}],"collection":[{"href":"https:\/\/taikalyhty.fi\/en\/wp-json\/wp\/v2\/product"}],"about":[{"href":"https:\/\/taikalyhty.fi\/en\/wp-json\/wp\/v2\/types\/product"}],"wp:featuredmedia":[{"embeddable":true,"href":"https:\/\/taikalyhty.fi\/en\/wp-json\/wp\/v2\/media\/747"}],"wp:attachment":[{"href":"https:\/\/taikalyhty.fi\/en\/wp-json\/wp\/v2\/media?parent=665"}],"wp:term":[{"taxonomy":"product_brand","embeddable":true,"href":"https:\/\/taikalyhty.fi\/en\/wp-json\/wp\/v2\/product_brand?post=665"},{"taxonomy":"product_cat","embeddable":true,"href":"https:\/\/taikalyhty.fi\/en\/wp-json\/wp\/v2\/product_cat?post=665"},{"taxonomy":"product_tag","embeddable":true,"href":"https:\/\/taikalyhty.fi\/en\/wp-json\/wp\/v2\/product_tag?post=665"}],"curies":[{"name":"wp","href":"https:\/\/api.w.org\/{rel}","templated":true}]}}