{"id":662,"date":"2023-04-11T14:32:17","date_gmt":"2023-04-11T11:32:17","guid":{"rendered":"https:\/\/taikalyhty.fi\/?post_type=product&#038;p=662"},"modified":"2023-12-18T09:12:31","modified_gmt":"2023-12-18T07:12:31","slug":"naytto-led-55","status":"publish","type":"product","link":"https:\/\/taikalyhty.fi\/en\/product\/naytto-led-55\/","title":{"rendered":"N\u00e4ytt\u00f6 LED 55&#8221;"},"content":{"rendered":"<div data-elementor-type=\"wp-post\" data-elementor-id=\"662\" class=\"elementor elementor-662 elementor-bc-flex-widget\" data-elementor-post-type=\"product\">\n\t\t\t\t\t\t<section class=\"elementor-section elementor-top-section elementor-element elementor-element-bc1f807 elementor-section-boxed elementor-section-height-default elementor-section-height-default\" data-id=\"bc1f807\" data-element_type=\"section\" data-e-type=\"section\">\n\t\t\t\t\t\t<div class=\"elementor-container elementor-column-gap-default\">\n\t\t\t\t\t<div class=\"elementor-column elementor-col-100 elementor-top-column elementor-element elementor-element-abbaa43\" data-id=\"abbaa43\" data-element_type=\"column\" data-e-type=\"column\">\n\t\t\t<div class=\"elementor-widget-wrap elementor-element-populated\">\n\t\t\t\t\t\t<div class=\"elementor-element elementor-element-acf3e77 elementor-widget elementor-widget-text-editor\" data-id=\"acf3e77\" data-element_type=\"widget\" data-e-type=\"widget\" data-widget_type=\"text-editor.default\">\n\t\t\t\t<div class=\"elementor-widget-container\">\n\t\t\t\t\t\t\t\t\t<p>LG \/ Procaster 55&#8221; LED TV n\u00e4ytt\u00f6<ul><li>Liit\u00e4nn\u00e4t: 3 x HDMI, 3 x USB, komposiitti-\/komponenttivideo + audio, SCART, digitaalinen audio (optinen), LAN, kuulokeliit\u00e4nt\u00e4<li>Simplink (HDMI-CEC)<li>Mitat: 1243 x 725 x 56,8 mm (ilman jalustaa), 1243 x 772 x 255 mm (jalustalla)<li>Paino: 17,3 g (ilman jalustaa), 17,7 kg (jalustalla)<li>VESA-standardi: 400 x 400.<p>Toistaa esitykset suoraan USB-tikulta.\u00a0Ohjainasetukset saattavat esiinty\u00e4 videoiden alussa toistettaessa materiaalia USB-tikulta ilman mediaplayeria. Esitysten v\u00e4liss\u00e4 t\u00e4ll\u00f6in my\u00f6s n. 2 sekunnin mittainen musta ruutu. Mik\u00e4li haluat t\u00e4st\u00e4 eroon, tarvitset mediaplayerin n\u00e4yt\u00f6n ja tikun v\u00e4liin: https:\/\/taikalyhty.fi\/vuokraamo\/pc-laptop-tietokone\/<p>Saumattomat esitykset ilman mediaplayeria (ml. Office -tiedostot) Smart Signage -n\u00e4yt\u00f6ill\u00e4mme: https:\/\/taikalyhty.fi\/vuokraamo\/samsung-qm43r-ammattinaytto\/\t\t\t\t\t\t\t\t<\/div>\n\t\t\t\t<\/div>\n\t\t\t\t\t<\/div>\n\t\t<\/div>\n\t\t\t\t\t<\/div>\n\t\t<\/section>\n\t\t\t\t<section class=\"elementor-section elementor-top-section elementor-element elementor-element-7f7083b elementor-section-boxed elementor-section-height-default elementor-section-height-default\" data-id=\"7f7083b\" data-element_type=\"section\" data-e-type=\"section\">\n\t\t\t\t\t\t<div class=\"elementor-container elementor-column-gap-default\">\n\t\t\t\t\t<div class=\"elementor-column elementor-col-100 elementor-top-column elementor-element elementor-element-7b8be01\" data-id=\"7b8be01\" data-element_type=\"column\" data-e-type=\"column\">\n\t\t\t<div class=\"elementor-widget-wrap elementor-element-populated\">\n\t\t\t\t\t\t<div class=\"elementor-element elementor-element-0b61001 elementor-widget elementor-widget-image-gallery\" data-id=\"0b61001\" data-element_type=\"widget\" data-e-type=\"widget\" data-widget_type=\"image-gallery.default\">\n\t\t\t\t<div class=\"elementor-widget-container\">\n\t\t\t\t\t\t\t<div class=\"elementor-image-gallery\">\n\t\t\t<div id='gallery-1' class='gallery galleryid-662 gallery-columns-1 gallery-size-large'><figure class='gallery-item'>\n\t\t\t<div class='gallery-icon landscape'>\n\t\t\t\t<a data-elementor-open-lightbox=\"yes\" data-elementor-lightbox-slideshow=\"0b61001\" data-elementor-lightbox-title=\"3x6-kulma-bulk-lowres_Photo-5.jpg\" data-e-action-hash=\"#elementor-action%3Aaction%3Dlightbox%26settings%3DeyJpZCI6MTM3NSwidXJsIjoiaHR0cHM6XC9cL3RhaWthbHlodHkuZmlcL3dwLWNvbnRlbnRcL3VwbG9hZHNcLzIwMjNcLzA0XC8zeDYta3VsbWEtYnVsay1sb3dyZXNfUGhvdG8tNS5qcGciLCJzbGlkZXNob3ciOiIwYjYxMDAxIn0%3D\" href='https:\/\/taikalyhty.fi\/wp-content\/uploads\/2023\/04\/3x6-kulma-bulk-lowres_Photo-5.jpg'><img fetchpriority=\"high\" decoding=\"async\" width=\"800\" height=\"450\" src=\"https:\/\/taikalyhty.fi\/wp-content\/uploads\/2023\/04\/3x6-kulma-bulk-lowres_Photo-5-1024x576.jpg\" class=\"attachment-large size-large\" alt=\"\" srcset=\"https:\/\/taikalyhty.fi\/wp-content\/uploads\/2023\/04\/3x6-kulma-bulk-lowres_Photo-5-1024x576.jpg 1024w, https:\/\/taikalyhty.fi\/wp-content\/uploads\/2023\/04\/3x6-kulma-bulk-lowres_Photo-5-400x225.jpg 400w, https:\/\/taikalyhty.fi\/wp-content\/uploads\/2023\/04\/3x6-kulma-bulk-lowres_Photo-5-300x169.jpg 300w, https:\/\/taikalyhty.fi\/wp-content\/uploads\/2023\/04\/3x6-kulma-bulk-lowres_Photo-5-768x432.jpg 768w, https:\/\/taikalyhty.fi\/wp-content\/uploads\/2023\/04\/3x6-kulma-bulk-lowres_Photo-5-18x10.jpg 18w, https:\/\/taikalyhty.fi\/wp-content\/uploads\/2023\/04\/3x6-kulma-bulk-lowres_Photo-5.jpg 1280w\" sizes=\"(max-width: 800px) 100vw, 800px\" \/><\/a>\n\t\t\t<\/div><\/figure>\n\t\t<\/div>\n\t\t<\/div>\n\t\t\t\t\t\t<\/div>\n\t\t\t\t<\/div>\n\t\t\t\t\t<\/div>\n\t\t<\/div>\n\t\t\t\t\t<\/div>\n\t\t<\/section>\n\t\t\t\t<\/div>","protected":false},"excerpt":{"rendered":"<p><span class=\"s1\">LG 55&#8221; tuumainen n\u00e4ytt\u00f6.\u00a0Hintaan sis\u00e4ltyy alakaapilla varustettu\u00a0<a href=\"https:\/\/taikalyhty.fi\/en\/vuokraamo\/tv-tiski-pyorilla\/\" target=\"_blank\" rel=\"noopener noreferrer\">profiiliteline<\/a>.\u00a0Mahdollisuus my\u00f6s sein\u00e4kiinnitykseen. VGA-HDMI-adapteri lis\u00e4hinta 20 e.<\/span><\/p>","protected":false},"featured_media":735,"template":"","meta":{"_joinchat":[]},"product_brand":[],"product_cat":[90],"product_tag":[],"class_list":{"0":"post-662","1":"product","2":"type-product","3":"status-publish","4":"has-post-thumbnail","6":"product_cat-poistotuotteet","8":"first","9":"instock","10":"shipping-taxable","11":"purchasable","12":"product-type-simple"},"_links":{"self":[{"href":"https:\/\/taikalyhty.fi\/en\/wp-json\/wp\/v2\/product\/662","targetHints":{"allow":["GET"]}}],"collection":[{"href":"https:\/\/taikalyhty.fi\/en\/wp-json\/wp\/v2\/product"}],"about":[{"href":"https:\/\/taikalyhty.fi\/en\/wp-json\/wp\/v2\/types\/product"}],"wp:featuredmedia":[{"embeddable":true,"href":"https:\/\/taikalyhty.fi\/en\/wp-json\/wp\/v2\/media\/735"}],"wp:attachment":[{"href":"https:\/\/taikalyhty.fi\/en\/wp-json\/wp\/v2\/media?parent=662"}],"wp:term":[{"taxonomy":"product_brand","embeddable":true,"href":"https:\/\/taikalyhty.fi\/en\/wp-json\/wp\/v2\/product_brand?post=662"},{"taxonomy":"product_cat","embeddable":true,"href":"https:\/\/taikalyhty.fi\/en\/wp-json\/wp\/v2\/product_cat?post=662"},{"taxonomy":"product_tag","embeddable":true,"href":"https:\/\/taikalyhty.fi\/en\/wp-json\/wp\/v2\/product_tag?post=662"}],"curies":[{"name":"wp","href":"https:\/\/api.w.org\/{rel}","templated":true}]}}