{"id":660,"date":"2023-04-11T14:32:16","date_gmt":"2023-04-11T11:32:16","guid":{"rendered":"https:\/\/taikalyhty.fi\/?post_type=product&#038;p=660"},"modified":"2023-04-11T14:34:53","modified_gmt":"2023-04-11T11:34:53","slug":"kuormalavatiski","status":"publish","type":"product","link":"https:\/\/taikalyhty.fi\/en\/product\/kuormalavatiski\/","title":{"rendered":"Pallet counter"},"content":{"rendered":"","protected":false},"excerpt":{"rendered":"<p>Kuormalavan ja OSB -levy\u00e4 yhdistelem\u00e4ll\u00e4 syntyy tyylik\u00e4s ja autenttinen esittelytiski, jota on helppo muokata eri tarkoituksiin sopivaksi. Koko n. 140 x 70 x 100(h) cm<\/p>","protected":false},"featured_media":730,"template":"","meta":{"_joinchat":[]},"product_brand":[],"product_cat":[58],"product_tag":[],"class_list":{"0":"post-660","1":"product","2":"type-product","3":"status-publish","4":"has-post-thumbnail","6":"product_cat-liukuovikaapit-ja-tiskit","8":"first","9":"instock","10":"shipping-taxable","11":"purchasable","12":"product-type-simple"},"_links":{"self":[{"href":"https:\/\/taikalyhty.fi\/en\/wp-json\/wp\/v2\/product\/660","targetHints":{"allow":["GET"]}}],"collection":[{"href":"https:\/\/taikalyhty.fi\/en\/wp-json\/wp\/v2\/product"}],"about":[{"href":"https:\/\/taikalyhty.fi\/en\/wp-json\/wp\/v2\/types\/product"}],"wp:featuredmedia":[{"embeddable":true,"href":"https:\/\/taikalyhty.fi\/en\/wp-json\/wp\/v2\/media\/730"}],"wp:attachment":[{"href":"https:\/\/taikalyhty.fi\/en\/wp-json\/wp\/v2\/media?parent=660"}],"wp:term":[{"taxonomy":"product_brand","embeddable":true,"href":"https:\/\/taikalyhty.fi\/en\/wp-json\/wp\/v2\/product_brand?post=660"},{"taxonomy":"product_cat","embeddable":true,"href":"https:\/\/taikalyhty.fi\/en\/wp-json\/wp\/v2\/product_cat?post=660"},{"taxonomy":"product_tag","embeddable":true,"href":"https:\/\/taikalyhty.fi\/en\/wp-json\/wp\/v2\/product_tag?post=660"}],"curies":[{"name":"wp","href":"https:\/\/api.w.org\/{rel}","templated":true}]}}