{"id":637,"date":"2023-04-11T14:31:49","date_gmt":"2023-04-11T11:31:49","guid":{"rendered":"https:\/\/taikalyhty.fi\/?post_type=product&#038;p=637"},"modified":"2025-01-13T08:09:05","modified_gmt":"2025-01-13T06:09:05","slug":"viinikaappi","status":"publish","type":"product","link":"https:\/\/taikalyhty.fi\/en\/product\/viinikaappi\/","title":{"rendered":"Viinikaappi (1)"},"content":{"rendered":"","protected":false},"excerpt":{"rendered":"<p class=\"p1\"><span class=\"s1\">Samsung Wineschiller RW13EBSS. Mitat L=51 &#8211; S=58 &#8211; H=86 cm. 5 hylly\u00e4 \u00e1 5 pullopaikkaa = 25 pullolle. Lis\u00e4ksi alataso 4 pullolle. Hiljainen, 33 dB.<\/span><\/p>","protected":false},"featured_media":694,"template":"","meta":{"_joinchat":[]},"product_brand":[],"product_cat":[68],"product_tag":[],"class_list":{"0":"post-637","1":"product","2":"type-product","3":"status-publish","4":"has-post-thumbnail","6":"product_cat-jaakaapit","8":"first","9":"instock","10":"shipping-taxable","11":"purchasable","12":"product-type-simple"},"_links":{"self":[{"href":"https:\/\/taikalyhty.fi\/en\/wp-json\/wp\/v2\/product\/637","targetHints":{"allow":["GET"]}}],"collection":[{"href":"https:\/\/taikalyhty.fi\/en\/wp-json\/wp\/v2\/product"}],"about":[{"href":"https:\/\/taikalyhty.fi\/en\/wp-json\/wp\/v2\/types\/product"}],"wp:featuredmedia":[{"embeddable":true,"href":"https:\/\/taikalyhty.fi\/en\/wp-json\/wp\/v2\/media\/694"}],"wp:attachment":[{"href":"https:\/\/taikalyhty.fi\/en\/wp-json\/wp\/v2\/media?parent=637"}],"wp:term":[{"taxonomy":"product_brand","embeddable":true,"href":"https:\/\/taikalyhty.fi\/en\/wp-json\/wp\/v2\/product_brand?post=637"},{"taxonomy":"product_cat","embeddable":true,"href":"https:\/\/taikalyhty.fi\/en\/wp-json\/wp\/v2\/product_cat?post=637"},{"taxonomy":"product_tag","embeddable":true,"href":"https:\/\/taikalyhty.fi\/en\/wp-json\/wp\/v2\/product_tag?post=637"}],"curies":[{"name":"wp","href":"https:\/\/api.w.org\/{rel}","templated":true}]}}