{"id":636,"date":"2023-04-11T14:31:49","date_gmt":"2023-04-11T11:31:49","guid":{"rendered":"https:\/\/taikalyhty.fi\/?post_type=product&#038;p=636"},"modified":"2024-12-11T14:59:50","modified_gmt":"2024-12-11T12:59:50","slug":"liitutauluseina","status":"publish","type":"product","link":"https:\/\/taikalyhty.fi\/en\/product\/liitutauluseina\/","title":{"rendered":"Liitutaulusein\u00e4"},"content":{"rendered":"","protected":false},"excerpt":{"rendered":"<p>Tyylik\u00e4s musta liitutaulumaalilla p\u00e4\u00e4llystetty sein\u00e4. Kirjoita seinille vapaasti mit\u00e4 haluat tai k\u00e4yt\u00e4 sellaisinaan saumattomana mustana sein\u00e4ratkaisuna. Hinta per sein\u00e4metri h= max 250 cm (liitutaulu + tukikehikko). Kysy tarjous osastototeutuksesta!<\/p>","protected":false},"featured_media":680,"template":"","meta":{"_joinchat":[]},"product_brand":[],"product_cat":[62,41,59],"product_tag":[],"class_list":{"0":"post-636","1":"product","2":"type-product","3":"status-publish","4":"has-post-thumbnail","6":"product_cat-consta","7":"product_cat-muut","8":"product_cat-rakenteet","10":"first","11":"instock","12":"shipping-taxable","13":"purchasable","14":"product-type-simple"},"_links":{"self":[{"href":"https:\/\/taikalyhty.fi\/en\/wp-json\/wp\/v2\/product\/636","targetHints":{"allow":["GET"]}}],"collection":[{"href":"https:\/\/taikalyhty.fi\/en\/wp-json\/wp\/v2\/product"}],"about":[{"href":"https:\/\/taikalyhty.fi\/en\/wp-json\/wp\/v2\/types\/product"}],"wp:featuredmedia":[{"embeddable":true,"href":"https:\/\/taikalyhty.fi\/en\/wp-json\/wp\/v2\/media\/680"}],"wp:attachment":[{"href":"https:\/\/taikalyhty.fi\/en\/wp-json\/wp\/v2\/media?parent=636"}],"wp:term":[{"taxonomy":"product_brand","embeddable":true,"href":"https:\/\/taikalyhty.fi\/en\/wp-json\/wp\/v2\/product_brand?post=636"},{"taxonomy":"product_cat","embeddable":true,"href":"https:\/\/taikalyhty.fi\/en\/wp-json\/wp\/v2\/product_cat?post=636"},{"taxonomy":"product_tag","embeddable":true,"href":"https:\/\/taikalyhty.fi\/en\/wp-json\/wp\/v2\/product_tag?post=636"}],"curies":[{"name":"wp","href":"https:\/\/api.w.org\/{rel}","templated":true}]}}