{"id":634,"date":"2023-04-11T14:31:48","date_gmt":"2023-04-11T11:31:48","guid":{"rendered":"https:\/\/taikalyhty.fi\/?post_type=product&#038;p=634"},"modified":"2023-04-11T14:32:30","modified_gmt":"2023-04-11T11:32:30","slug":"mediaplayer-tietokone","status":"publish","type":"product","link":"https:\/\/taikalyhty.fi\/en\/product\/mediaplayer-tietokone\/","title":{"rendered":"Media player \/ computer"},"content":{"rendered":"<div data-elementor-type=\"wp-post\" data-elementor-id=\"634\" class=\"elementor elementor-634 elementor-bc-flex-widget\" data-elementor-post-type=\"product\">\n\t\t\t\t\t\t<section class=\"elementor-section elementor-top-section elementor-element elementor-element-4e7f89a elementor-section-boxed elementor-section-height-default elementor-section-height-default\" data-id=\"4e7f89a\" data-element_type=\"section\" data-e-type=\"section\">\n\t\t\t\t\t\t<div class=\"elementor-container elementor-column-gap-default\">\n\t\t\t\t\t<div class=\"elementor-column elementor-col-100 elementor-top-column elementor-element elementor-element-c5845f8\" data-id=\"c5845f8\" data-element_type=\"column\" data-e-type=\"column\">\n\t\t\t<div class=\"elementor-widget-wrap elementor-element-populated\">\n\t\t\t\t\t\t<div class=\"elementor-element elementor-element-98a8562 elementor-widget elementor-widget-text-editor\" data-id=\"98a8562\" data-element_type=\"widget\" data-e-type=\"widget\" data-widget_type=\"text-editor.default\">\n\t\t\t\t<div class=\"elementor-widget-container\">\n\t\t\t\t\t\t\t\t\t<p>Raspberry -mediaplayer toistaa videoita saumattomalla loopilla. Mediaplayeria k\u00e4ytett\u00e4ess\u00e4 TV:n omat ohjainasetukset pysyv\u00e4t piilossa, eiv\u00e4tk\u00e4 ilmesty h\u00e4iritsem\u00e4\u00e4n esityst\u00e4 videon alkaessa.<ul><li>Esitett\u00e4v\u00e4 materiaali codecilla H.264\u00a0<li>Ei toista Office -dokumentteja. Kysy tietokonettamme vuokralle, mik\u00e4li haluat n\u00e4it\u00e4 toistaa. Hinta sama kuin yo.<ul><li>Huomaathan, ett\u00e4 PowerPoint -esitys on k\u00e4\u00e4nnett\u00e4viss\u00e4 videotiedostoksi. Kysy rohkeasti apuamme asiassa.<li>N\u00e4pp\u00e4r\u00e4 virtan\u00e4pp\u00e4in\u00a0<li>Mik\u00e4li tapahtuman s\u00e4hk\u00f6t katkaistaan \u00f6isin, on mediaplayer sammutettava aina iltaisin. Mik\u00e4li t\u00e4t\u00e4 ei suoriteta, voi laite vaatia uudelleen konfiguroimisen. Taikalyhty ei vastaa \u00f6isen s\u00e4hk\u00f6n sulkemisen aiheuttamista h\u00e4iri\u00f6ist\u00e4 mik\u00e4li laite on j\u00e4tetty y\u00f6ksi p\u00e4\u00e4lle\t\t\t\t\t\t\t\t<\/div>\n\t\t\t\t<\/div>\n\t\t\t\t\t<\/div>\n\t\t<\/div>\n\t\t\t\t\t<\/div>\n\t\t<\/section>\n\t\t\t\t<\/div>","protected":false},"excerpt":{"rendered":"<p>Raspberry -mediaplayer toistaa videoita saumattomalla loopilla. Mediaplayeria k\u00e4ytett\u00e4ess\u00e4 TV:n omat ohjainasetukset pysyv\u00e4t piilossa, eiv\u00e4tk\u00e4 ilmesty h\u00e4iritsem\u00e4\u00e4n esityst\u00e4 videon alkaessa. Esitett\u00e4v\u00e4 materiaali codecilla H.264 Ei toista Office -dokumentteja. Kysy tietokonettamme vuokralle, mik\u00e4li haluat n\u00e4it\u00e4 toistaa. Hinta sama kuin yo. Huomaathan, ett\u00e4 PowerPoint -esitys on k\u00e4\u00e4nnett\u00e4viss\u00e4 videotiedostoksi. Kysy rohkeasti apuamme asiassa. N\u00e4pp\u00e4r\u00e4 virtan\u00e4pp\u00e4in Mik\u00e4li tapahtuman s\u00e4hk\u00f6t katkaistaan [&hellip;]<\/p>\n","protected":false},"featured_media":678,"template":"","meta":{"_joinchat":[]},"product_brand":[],"product_cat":[41,67,63],"product_tag":[],"class_list":{"0":"post-634","1":"product","2":"type-product","3":"status-publish","4":"has-post-thumbnail","6":"product_cat-muut","7":"product_cat-naytot","8":"product_cat-screenit-projektorit","10":"first","11":"instock","12":"shipping-taxable","13":"purchasable","14":"product-type-simple"},"_links":{"self":[{"href":"https:\/\/taikalyhty.fi\/en\/wp-json\/wp\/v2\/product\/634","targetHints":{"allow":["GET"]}}],"collection":[{"href":"https:\/\/taikalyhty.fi\/en\/wp-json\/wp\/v2\/product"}],"about":[{"href":"https:\/\/taikalyhty.fi\/en\/wp-json\/wp\/v2\/types\/product"}],"wp:featuredmedia":[{"embeddable":true,"href":"https:\/\/taikalyhty.fi\/en\/wp-json\/wp\/v2\/media\/678"}],"wp:attachment":[{"href":"https:\/\/taikalyhty.fi\/en\/wp-json\/wp\/v2\/media?parent=634"}],"wp:term":[{"taxonomy":"product_brand","embeddable":true,"href":"https:\/\/taikalyhty.fi\/en\/wp-json\/wp\/v2\/product_brand?post=634"},{"taxonomy":"product_cat","embeddable":true,"href":"https:\/\/taikalyhty.fi\/en\/wp-json\/wp\/v2\/product_cat?post=634"},{"taxonomy":"product_tag","embeddable":true,"href":"https:\/\/taikalyhty.fi\/en\/wp-json\/wp\/v2\/product_tag?post=634"}],"curies":[{"name":"wp","href":"https:\/\/api.w.org\/{rel}","templated":true}]}}