{"id":625,"date":"2023-04-11T14:31:47","date_gmt":"2023-04-11T11:31:47","guid":{"rendered":"https:\/\/taikalyhty.fi\/?post_type=product&#038;p=625"},"modified":"2023-12-18T09:13:15","modified_gmt":"2023-12-18T07:13:15","slug":"tv-naytto-42","status":"publish","type":"product","link":"https:\/\/taikalyhty.fi\/en\/product\/tv-naytto-42\/","title":{"rendered":"TV n\u00e4ytt\u00f6 42&#8221;"},"content":{"rendered":"<div data-elementor-type=\"wp-post\" data-elementor-id=\"625\" class=\"elementor elementor-625 elementor-bc-flex-widget\" data-elementor-post-type=\"product\">\n\t\t\t\t\t\t<section class=\"elementor-section elementor-top-section elementor-element elementor-element-2ccc7e83 elementor-section-boxed elementor-section-height-default elementor-section-height-default\" data-id=\"2ccc7e83\" data-element_type=\"section\" data-e-type=\"section\">\n\t\t\t\t\t\t<div class=\"elementor-container elementor-column-gap-default\">\n\t\t\t\t\t<div class=\"elementor-column elementor-col-100 elementor-top-column elementor-element elementor-element-5e65470a\" data-id=\"5e65470a\" data-element_type=\"column\" data-e-type=\"column\">\n\t\t\t<div class=\"elementor-widget-wrap elementor-element-populated\">\n\t\t\t\t\t\t<div class=\"elementor-element elementor-element-556571ba elementor-widget elementor-widget-text-editor\" data-id=\"556571ba\" data-element_type=\"widget\" data-e-type=\"widget\" data-widget_type=\"text-editor.default\">\n\t\t\t\t<div class=\"elementor-widget-container\">\n\t\t\t\t\t\t\t\t\t<p>42 tuumaa + HDMI- ja SCART-johdot. Sis\u00e4lt\u00e4\u00e4 alakaapin h=120cm tai sein\u00e4kiinnityksen.<ul><li>USB-mediatoistin (tuki mm: MP3, JPEG ja mkv -tiedostoille)<li>Liit\u00e4nn\u00e4t: 2 x HDMI, USB 2.0, SCART, komponenttitulo (YPrPr) + \u00e4\u00e4ni<li>Mitat: 1017 x 629 x 76.5 mm (ilman jalustaa), 1017 x 695 x 261 mm (jalustalla)\t\t\t\t\t\t\t\t<\/div>\n\t\t\t\t<\/div>\n\t\t\t\t\t<\/div>\n\t\t<\/div>\n\t\t\t\t\t<\/div>\n\t\t<\/section>\n\t\t\t\t<section class=\"elementor-section elementor-top-section elementor-element elementor-element-00f1250 elementor-section-boxed elementor-section-height-default elementor-section-height-default\" data-id=\"00f1250\" data-element_type=\"section\" data-e-type=\"section\">\n\t\t\t\t\t\t<div class=\"elementor-container elementor-column-gap-default\">\n\t\t\t\t\t<div class=\"elementor-column elementor-col-100 elementor-top-column elementor-element elementor-element-b395b42\" data-id=\"b395b42\" data-element_type=\"column\" data-e-type=\"column\">\n\t\t\t<div class=\"elementor-widget-wrap elementor-element-populated\">\n\t\t\t\t\t\t<div class=\"elementor-element elementor-element-442c2fe elementor-widget elementor-widget-image-gallery\" data-id=\"442c2fe\" data-element_type=\"widget\" data-e-type=\"widget\" data-widget_type=\"image-gallery.default\">\n\t\t\t\t<div class=\"elementor-widget-container\">\n\t\t\t\t\t\t\t<div class=\"elementor-image-gallery\">\n\t\t\t<div id='gallery-1' class='gallery galleryid-625 gallery-columns-1 gallery-size-large'><figure class='gallery-item'>\n\t\t\t<div class='gallery-icon landscape'>\n\t\t\t\t<a data-elementor-open-lightbox=\"yes\" data-elementor-lightbox-slideshow=\"442c2fe\" data-elementor-lightbox-title=\"3x6m-kulma-2-seinaa-brandattyna-lowres_Photo-9.jpg\" data-e-action-hash=\"#elementor-action%3Aaction%3Dlightbox%26settings%3DeyJpZCI6MTM4NSwidXJsIjoiaHR0cHM6XC9cL3RhaWthbHlodHkuZmlcL3dwLWNvbnRlbnRcL3VwbG9hZHNcLzIwMjNcLzA0XC8zeDZtLWt1bG1hLTItc2VpbmFhLWJyYW5kYXR0eW5hLWxvd3Jlc19QaG90by05LmpwZyIsInNsaWRlc2hvdyI6IjQ0MmMyZmUifQ%3D%3D\" href='https:\/\/taikalyhty.fi\/wp-content\/uploads\/2023\/04\/3x6m-kulma-2-seinaa-brandattyna-lowres_Photo-9.jpg'><img fetchpriority=\"high\" decoding=\"async\" width=\"800\" height=\"450\" src=\"https:\/\/taikalyhty.fi\/wp-content\/uploads\/2023\/04\/3x6m-kulma-2-seinaa-brandattyna-lowres_Photo-9-1024x576.jpg\" class=\"attachment-large size-large\" alt=\"\" srcset=\"https:\/\/taikalyhty.fi\/wp-content\/uploads\/2023\/04\/3x6m-kulma-2-seinaa-brandattyna-lowres_Photo-9-1024x576.jpg 1024w, https:\/\/taikalyhty.fi\/wp-content\/uploads\/2023\/04\/3x6m-kulma-2-seinaa-brandattyna-lowres_Photo-9-400x225.jpg 400w, https:\/\/taikalyhty.fi\/wp-content\/uploads\/2023\/04\/3x6m-kulma-2-seinaa-brandattyna-lowres_Photo-9-300x169.jpg 300w, https:\/\/taikalyhty.fi\/wp-content\/uploads\/2023\/04\/3x6m-kulma-2-seinaa-brandattyna-lowres_Photo-9-768x432.jpg 768w, https:\/\/taikalyhty.fi\/wp-content\/uploads\/2023\/04\/3x6m-kulma-2-seinaa-brandattyna-lowres_Photo-9-18x10.jpg 18w, https:\/\/taikalyhty.fi\/wp-content\/uploads\/2023\/04\/3x6m-kulma-2-seinaa-brandattyna-lowres_Photo-9.jpg 1280w\" sizes=\"(max-width: 800px) 100vw, 800px\" \/><\/a>\n\t\t\t<\/div><\/figure>\n\t\t<\/div>\n\t\t<\/div>\n\t\t\t\t\t\t<\/div>\n\t\t\t\t<\/div>\n\t\t\t\t\t<\/div>\n\t\t<\/div>\n\t\t\t\t\t<\/div>\n\t\t<\/section>\n\t\t\t\t<\/div>","protected":false},"excerpt":{"rendered":"<p class=\"p1\"><span class=\"s1\">42\u201d. Mukana 2 metrin hdmi-hdmi -ja hdmi-display -johdot. Mahdollisuus liitt\u00e4\u00e4 my\u00f6s vga-johto.\u00a0Hintaan sis\u00e4ltyy alakaapilla varustettu <a href=\"https:\/\/taikalyhty.fi\/en\/vuokraamo\/tv-tiski-pyorilla\/\" target=\"_blank\" rel=\"noopener noreferrer\">profiiliteline<\/a>.\u00a0Mahdollisuus my\u00f6s sein\u00e4kiinnitykseen.<\/span><\/p>","protected":false},"featured_media":655,"template":"","meta":{"_joinchat":[]},"product_brand":[],"product_cat":[90],"product_tag":[],"class_list":{"0":"post-625","1":"product","2":"type-product","3":"status-publish","4":"has-post-thumbnail","6":"product_cat-poistotuotteet","8":"first","9":"instock","10":"shipping-taxable","11":"purchasable","12":"product-type-simple"},"_links":{"self":[{"href":"https:\/\/taikalyhty.fi\/en\/wp-json\/wp\/v2\/product\/625","targetHints":{"allow":["GET"]}}],"collection":[{"href":"https:\/\/taikalyhty.fi\/en\/wp-json\/wp\/v2\/product"}],"about":[{"href":"https:\/\/taikalyhty.fi\/en\/wp-json\/wp\/v2\/types\/product"}],"wp:featuredmedia":[{"embeddable":true,"href":"https:\/\/taikalyhty.fi\/en\/wp-json\/wp\/v2\/media\/655"}],"wp:attachment":[{"href":"https:\/\/taikalyhty.fi\/en\/wp-json\/wp\/v2\/media?parent=625"}],"wp:term":[{"taxonomy":"product_brand","embeddable":true,"href":"https:\/\/taikalyhty.fi\/en\/wp-json\/wp\/v2\/product_brand?post=625"},{"taxonomy":"product_cat","embeddable":true,"href":"https:\/\/taikalyhty.fi\/en\/wp-json\/wp\/v2\/product_cat?post=625"},{"taxonomy":"product_tag","embeddable":true,"href":"https:\/\/taikalyhty.fi\/en\/wp-json\/wp\/v2\/product_tag?post=625"}],"curies":[{"name":"wp","href":"https:\/\/api.w.org\/{rel}","templated":true}]}}