{"id":624,"date":"2023-04-11T14:31:47","date_gmt":"2023-04-11T11:31:47","guid":{"rendered":"https:\/\/taikalyhty.fi\/?post_type=product&#038;p=624"},"modified":"2023-04-11T14:31:59","modified_gmt":"2023-04-11T11:31:59","slug":"seinaelementti-otsalauta-2","status":"publish","type":"product","link":"https:\/\/taikalyhty.fi\/en\/product\/seinaelementti-otsalauta-2\/","title":{"rendered":"Wall element + headboard"},"content":{"rendered":"<p>(katso v\u00e4rivaihtoehtoja)<\/p>\n<p>&nbsp;<\/p>\n<p>Sein\u00e4elementtej\u00e4 yhdistelem\u00e4ll\u00e4 pystymme rakentamaan pitki\u00e4 sein\u00e4kokonaisuuksia.<\/p>\n<p>Sein\u00e4elementti:\u00a0levyn koko 982 x 2412 mm,\u00a0n\u00e4kyv\u00e4 osa 970 x 2400 mm<br \/>\nOtsalauta:\u00a0levyn korkeus 212 mm,\u00a0n\u00e4kyv\u00e4 osa 200 mm<br \/>\nmateriaali: kennolevy<\/p>","protected":false},"excerpt":{"rendered":"<p>(katso v\u00e4rivaihtoehtoja)<\/p>\n<p>Sein\u00e4elementtej\u00e4 yhdistelem\u00e4ll\u00e4 pystymme rakentamaan pitki\u00e4 sein\u00e4kokonaisuuksia.<\/p>\n<p>Sein\u00e4elementti:\u00a0levyn koko 982 x 2412 mm,\u00a0n\u00e4kyv\u00e4 osa 970 x 2400 mm<br \/>\nOtsalauta:\u00a0levyn korkeus 212 mm,\u00a0n\u00e4kyv\u00e4 osa 200 mm<br \/>\nmateriaali: kennolevy<\/p>","protected":false},"featured_media":654,"template":"","meta":{"_joinchat":[]},"product_brand":[],"product_cat":[62],"product_tag":[],"class_list":{"0":"post-624","1":"product","2":"type-product","3":"status-publish","4":"has-post-thumbnail","6":"product_cat-consta","8":"first","9":"outofstock","10":"shipping-taxable","11":"product-type-variable"},"_links":{"self":[{"href":"https:\/\/taikalyhty.fi\/en\/wp-json\/wp\/v2\/product\/624","targetHints":{"allow":["GET"]}}],"collection":[{"href":"https:\/\/taikalyhty.fi\/en\/wp-json\/wp\/v2\/product"}],"about":[{"href":"https:\/\/taikalyhty.fi\/en\/wp-json\/wp\/v2\/types\/product"}],"wp:featuredmedia":[{"embeddable":true,"href":"https:\/\/taikalyhty.fi\/en\/wp-json\/wp\/v2\/media\/654"}],"wp:attachment":[{"href":"https:\/\/taikalyhty.fi\/en\/wp-json\/wp\/v2\/media?parent=624"}],"wp:term":[{"taxonomy":"product_brand","embeddable":true,"href":"https:\/\/taikalyhty.fi\/en\/wp-json\/wp\/v2\/product_brand?post=624"},{"taxonomy":"product_cat","embeddable":true,"href":"https:\/\/taikalyhty.fi\/en\/wp-json\/wp\/v2\/product_cat?post=624"},{"taxonomy":"product_tag","embeddable":true,"href":"https:\/\/taikalyhty.fi\/en\/wp-json\/wp\/v2\/product_tag?post=624"}],"curies":[{"name":"wp","href":"https:\/\/api.w.org\/{rel}","templated":true}]}}