{"id":586,"date":"2023-04-11T14:31:24","date_gmt":"2023-04-11T11:31:24","guid":{"rendered":"https:\/\/taikalyhty.fi\/?post_type=product&#038;p=586"},"modified":"2023-04-11T14:31:43","modified_gmt":"2023-04-11T11:31:43","slug":"liukuovikaappi-k11-matala","status":"publish","type":"product","link":"https:\/\/taikalyhty.fi\/en\/product\/liukuovikaappi-k11-matala\/","title":{"rendered":"Sliding door cabinet, K11, Low"},"content":{"rendered":"<p>Liukuovikaappi, alumiiniprofiilirunkoinen kaappi, korkeus 70cm, leveys 103 cm, syvyys 53 cm, perustoimitus: kansi: valkea melamiinipintainen &#8221;uppokansi&#8221;, koko 47&#215;97 cm, etulevyn &#8221;n\u00e4kyv\u00e4 osa&#8221;; tila johon voi kiinnitt\u00e4\u00e4 julisteen tai teipata logon \/ teksti\u00e4, korkeus 60 cm,leveys 97 cm. kylkilevyjen &#8221;n\u00e4kyv\u00e4 osa&#8221; ,korkeus 60 cm, leveys 47 cm, kaapissa ei ole v\u00e4lihylly\u00e4 eik\u00e4 pohjalevy\u00e4, ruuvattavat s\u00e4\u00e4t\u00f6jalat<\/p>","protected":false},"excerpt":{"rendered":"<p>Liukuovikaappi, alumiiniprofiilirunkoinen kaappi, korkeus 70cm, leveys 103 cm, syvyys 53 cm, perustoimitus: kansi: valkea melamiinipintainen &#8221;uppokansi&#8221;, koko 47&#215;97 cm, etulevyn &#8221;n\u00e4kyv\u00e4 osa&#8221;; tila johon voi kiinnitt\u00e4\u00e4 julisteen tai teipata logon \/ teksti\u00e4, korkeus 60 cm,leveys 97 cm. kylkilevyjen &#8221;n\u00e4kyv\u00e4 osa&#8221; ,korkeus 60 cm, leveys 47 cm, kaapissa ei ole v\u00e4lihylly\u00e4 eik\u00e4 pohjalevy\u00e4, ruuvattavat s\u00e4\u00e4t\u00f6jalat<\/p>\n<div style=\"border: 1px solid #ddd; border-radius: 1px; position: relative; overflow: hidden; margin-bottom: 2em;\">\n<p><iframe style=\"width: 100%; height: 35.9em; display: block;\" src=\"https:\/\/3dwarehouse.sketchup.com\/embed.html?mid=u34861bec-95bc-4d43-b0a8-265533fea4ca\" frameborder=\"0\" marginwidth=\"0\" marginheight=\"0\" scrolling=\"no\" allowfullscreen=\"allowfullscreen\"><\/iframe><\/p>\n<div style=\"background: #fff; position: absolute; box-shadow: 0 0 2px rgba(0,0,0,.5); font-family: sans-serif; text-align: center; font-size: .7em; right: 0; bottom: 0; left: 0; line-height: 1.7em; padding: 10px 0;\">Tartu kuvaan py\u00f6ritt\u00e4\u00e4ksesi sit\u00e4. Shift + kuvaan tarttuminen liikuttaa sit\u00e4 linjassa. Scroll = zoom.<br \/>\nCopyright by Taikalyhty Oy \u00a9 2016<\/div>\n<\/div>","protected":false},"featured_media":616,"template":"","meta":{"_joinchat":[]},"product_brand":[],"product_cat":[58,42],"product_tag":[],"class_list":{"0":"post-586","1":"product","2":"type-product","3":"status-publish","4":"has-post-thumbnail","6":"product_cat-liukuovikaapit-ja-tiskit","7":"product_cat-perustuotteet-messuille","9":"first","10":"instock","11":"shipping-taxable","12":"purchasable","13":"product-type-simple"},"_links":{"self":[{"href":"https:\/\/taikalyhty.fi\/en\/wp-json\/wp\/v2\/product\/586","targetHints":{"allow":["GET"]}}],"collection":[{"href":"https:\/\/taikalyhty.fi\/en\/wp-json\/wp\/v2\/product"}],"about":[{"href":"https:\/\/taikalyhty.fi\/en\/wp-json\/wp\/v2\/types\/product"}],"wp:featuredmedia":[{"embeddable":true,"href":"https:\/\/taikalyhty.fi\/en\/wp-json\/wp\/v2\/media\/616"}],"wp:attachment":[{"href":"https:\/\/taikalyhty.fi\/en\/wp-json\/wp\/v2\/media?parent=586"}],"wp:term":[{"taxonomy":"product_brand","embeddable":true,"href":"https:\/\/taikalyhty.fi\/en\/wp-json\/wp\/v2\/product_brand?post=586"},{"taxonomy":"product_cat","embeddable":true,"href":"https:\/\/taikalyhty.fi\/en\/wp-json\/wp\/v2\/product_cat?post=586"},{"taxonomy":"product_tag","embeddable":true,"href":"https:\/\/taikalyhty.fi\/en\/wp-json\/wp\/v2\/product_tag?post=586"}],"curies":[{"name":"wp","href":"https:\/\/api.w.org\/{rel}","templated":true}]}}