{"id":583,"date":"2023-04-11T14:31:23","date_gmt":"2023-04-11T11:31:23","guid":{"rendered":"https:\/\/taikalyhty.fi\/?post_type=product&#038;p=583"},"modified":"2026-02-20T14:56:12","modified_gmt":"2026-02-20T12:56:12","slug":"infotiski-k15","status":"publish","type":"product","link":"https:\/\/taikalyhty.fi\/en\/product\/infotiski-k15\/","title":{"rendered":"Information desk, K15"},"content":{"rendered":"<p>100 x 53 cm, h = 100 cm. V\u00e4litaso + ovet. Valkoinen ylitt\u00e4v\u00e4 p\u00e4\u00e4llikansi 106x56cm.<\/p>\n<p>&nbsp;<\/p>\n<p>Tiskin etupinta mahdollista br\u00e4nd\u00e4t\u00e4 lis\u00e4maksusta 80 \u20ac. P\u00e4\u00e4dyt 40 \u20ac \/ kpl.<\/p>\n<p>&nbsp;<\/p>","protected":false},"excerpt":{"rendered":"<p>100 x 53 cm, h = 100 cm. V\u00e4litaso + ovet Valkoinen ylitt\u00e4v\u00e4 p\u00e4\u00e4llikansi 106x56cm.<br \/>\n.<\/p>\n<p>&nbsp;<\/p>\n<p>Tiskin etupinta mahdollista br\u00e4nd\u00e4t\u00e4 lis\u00e4maksusta 80 \u20ac. P\u00e4\u00e4dyt 40 \u20ac \/ kpl.<\/p>","protected":false},"featured_media":11636,"template":"","meta":{"_joinchat":[]},"product_brand":[],"product_cat":[58,119,42,120,70],"product_tag":[],"class_list":{"0":"post-583","1":"product","2":"type-product","3":"status-publish","4":"has-post-thumbnail","6":"product_cat-liukuovikaapit-ja-tiskit","7":"product_cat-nuori2026","8":"product_cat-perustuotteet-messuille","9":"product_cat-pirkanmaan-taloyhtiopaiva-2025","10":"product_cat-tervesos-2026-hameenlinna","12":"first","13":"instock","14":"shipping-taxable","15":"purchasable","16":"product-type-simple"},"_links":{"self":[{"href":"https:\/\/taikalyhty.fi\/en\/wp-json\/wp\/v2\/product\/583","targetHints":{"allow":["GET"]}}],"collection":[{"href":"https:\/\/taikalyhty.fi\/en\/wp-json\/wp\/v2\/product"}],"about":[{"href":"https:\/\/taikalyhty.fi\/en\/wp-json\/wp\/v2\/types\/product"}],"wp:featuredmedia":[{"embeddable":true,"href":"https:\/\/taikalyhty.fi\/en\/wp-json\/wp\/v2\/media\/11636"}],"wp:attachment":[{"href":"https:\/\/taikalyhty.fi\/en\/wp-json\/wp\/v2\/media?parent=583"}],"wp:term":[{"taxonomy":"product_brand","embeddable":true,"href":"https:\/\/taikalyhty.fi\/en\/wp-json\/wp\/v2\/product_brand?post=583"},{"taxonomy":"product_cat","embeddable":true,"href":"https:\/\/taikalyhty.fi\/en\/wp-json\/wp\/v2\/product_cat?post=583"},{"taxonomy":"product_tag","embeddable":true,"href":"https:\/\/taikalyhty.fi\/en\/wp-json\/wp\/v2\/product_tag?post=583"}],"curies":[{"name":"wp","href":"https:\/\/api.w.org\/{rel}","templated":true}]}}