{"id":581,"date":"2023-04-11T14:31:23","date_gmt":"2023-04-11T11:31:23","guid":{"rendered":"https:\/\/taikalyhty.fi\/?post_type=product&#038;p=581"},"modified":"2023-04-11T14:31:40","modified_gmt":"2023-04-11T11:31:40","slug":"liukuovikaappi-k10-erikoismalli","status":"publish","type":"product","link":"https:\/\/taikalyhty.fi\/en\/product\/liukuovikaappi-k10-erikoismalli\/","title":{"rendered":"Sliding door cabinet, K10, special model"},"content":{"rendered":"<p>Alumiiniprofiilirunkoinen kaappi, etulevy ja kyljet: opaalikennolevy, kaapin sis\u00e4lle voidaan asettaa loisteputkivalo ja etulevyyn kiinnitt\u00e4\u00e4 logo\/teksti tai erillinen pleksilevy, jossa logo\/teksti korkeus 100 cm, leveys 103 cm, syvyys 53 cm, perustoimitus: kansi: valkea melamiinipintainen &#8221;uppokansi&#8221;, koko 47&#215;97 cm, etulevyn &#8221;n\u00e4kyv\u00e4 osa&#8221;; tila johon voi kiinnitt\u00e4\u00e4 julisteen tai teipata logon \/ teksti\u00e4, korkeus 89 cm,leveys 97 cm. kylkilevyjen &#8221;n\u00e4kyv\u00e4 osa&#8221; ,korkeus 89 cm, leveys 47 cm, kaapissa ei ole v\u00e4lihylly\u00e4 eik\u00e4 pohjalevy\u00e4, ruuvattavat s\u00e4\u00e4t\u00f6jalat<\/p>","protected":false},"excerpt":{"rendered":"<p>Alumiiniprofiilirunkoinen kaappi, etulevy ja kyljet: opaalikennolevy, kaapin sis\u00e4lle voidaan asettaa loisteputkivalo ja etulevyyn kiinnitt\u00e4\u00e4 logo\/teksti tai erillinen pleksilevy, jossa logo\/teksti korkeus 100 cm, leveys 103 cm, syvyys 53 cm, perustoimitus: kansi: valkea melamiinipintainen &#8221;uppokansi&#8221;, koko 47&#215;97 cm, etulevyn &#8221;n\u00e4kyv\u00e4 osa&#8221;; tila johon voi kiinnitt\u00e4\u00e4 julisteen tai teipata logon \/ teksti\u00e4, korkeus 89 cm,leveys 97 cm. kylkilevyjen &#8221;n\u00e4kyv\u00e4 osa&#8221; ,korkeus 89 cm, leveys 47 cm, kaapissa ei ole v\u00e4lihylly\u00e4 eik\u00e4 pohjalevy\u00e4, ruuvattavat s\u00e4\u00e4t\u00f6jalat<\/p>","protected":false},"featured_media":610,"template":"","meta":{"_joinchat":[]},"product_brand":[],"product_cat":[58],"product_tag":[],"class_list":{"0":"post-581","1":"product","2":"type-product","3":"status-publish","4":"has-post-thumbnail","6":"product_cat-liukuovikaapit-ja-tiskit","8":"first","9":"instock","10":"shipping-taxable","11":"purchasable","12":"product-type-simple"},"_links":{"self":[{"href":"https:\/\/taikalyhty.fi\/en\/wp-json\/wp\/v2\/product\/581","targetHints":{"allow":["GET"]}}],"collection":[{"href":"https:\/\/taikalyhty.fi\/en\/wp-json\/wp\/v2\/product"}],"about":[{"href":"https:\/\/taikalyhty.fi\/en\/wp-json\/wp\/v2\/types\/product"}],"wp:featuredmedia":[{"embeddable":true,"href":"https:\/\/taikalyhty.fi\/en\/wp-json\/wp\/v2\/media\/610"}],"wp:attachment":[{"href":"https:\/\/taikalyhty.fi\/en\/wp-json\/wp\/v2\/media?parent=581"}],"wp:term":[{"taxonomy":"product_brand","embeddable":true,"href":"https:\/\/taikalyhty.fi\/en\/wp-json\/wp\/v2\/product_brand?post=581"},{"taxonomy":"product_cat","embeddable":true,"href":"https:\/\/taikalyhty.fi\/en\/wp-json\/wp\/v2\/product_cat?post=581"},{"taxonomy":"product_tag","embeddable":true,"href":"https:\/\/taikalyhty.fi\/en\/wp-json\/wp\/v2\/product_tag?post=581"}],"curies":[{"name":"wp","href":"https:\/\/api.w.org\/{rel}","templated":true}]}}