{"id":578,"date":"2023-04-11T14:31:22","date_gmt":"2023-04-11T11:31:22","guid":{"rendered":"https:\/\/taikalyhty.fi\/?post_type=product&#038;p=578"},"modified":"2023-04-11T14:45:33","modified_gmt":"2023-04-11T11:45:33","slug":"tuotetaso-k14-varillinen","status":"publish","type":"product","link":"https:\/\/taikalyhty.fi\/en\/product\/tuotetaso-k14-varillinen\/","title":{"rendered":"Tuotetaso, K14, v\u00e4rillinen"},"content":{"rendered":"<p>Tuotetaso tai tiskin p\u00e4\u00e4ty- tai kulmakappale, 53 x 53 cm levy nelj\u00e4ll\u00e4 sivulla, sivulevyn n\u00e4kyv\u00e4 osa 47 x 88 cm. Melamiinipintainen uppokansi, valkea. S\u00e4\u00e4t\u00f6jalat. Kennolevyn vakiov\u00e4reill\u00e4: opaali, sininen, keltainen, punainen, harmaa, musta ja vihre\u00e4.<\/p>","protected":false},"excerpt":{"rendered":"<p>Tuotetaso tai tiskin p\u00e4\u00e4ty- tai kulmakappale, 53 x 53 cm levy nelj\u00e4ll\u00e4 sivulla, sivulevyn n\u00e4kyv\u00e4 osa 47 x 88 cm. Melamiinipintainen uppokansi, valkea. S\u00e4\u00e4t\u00f6jalat. Kennolevyn vakiov\u00e4reill\u00e4: opaali, sininen, keltainen, punainen, harmaa, musta ja vihre\u00e4.<\/p>","protected":false},"featured_media":607,"template":"","meta":{"_joinchat":[]},"product_brand":[],"product_cat":[57],"product_tag":[],"class_list":{"0":"post-578","1":"product","2":"type-product","3":"status-publish","4":"has-post-thumbnail","6":"product_cat-tasot-ja-kulmapalat","8":"first","9":"instock","10":"shipping-taxable","11":"purchasable","12":"product-type-variable"},"_links":{"self":[{"href":"https:\/\/taikalyhty.fi\/en\/wp-json\/wp\/v2\/product\/578","targetHints":{"allow":["GET"]}}],"collection":[{"href":"https:\/\/taikalyhty.fi\/en\/wp-json\/wp\/v2\/product"}],"about":[{"href":"https:\/\/taikalyhty.fi\/en\/wp-json\/wp\/v2\/types\/product"}],"wp:featuredmedia":[{"embeddable":true,"href":"https:\/\/taikalyhty.fi\/en\/wp-json\/wp\/v2\/media\/607"}],"wp:attachment":[{"href":"https:\/\/taikalyhty.fi\/en\/wp-json\/wp\/v2\/media?parent=578"}],"wp:term":[{"taxonomy":"product_brand","embeddable":true,"href":"https:\/\/taikalyhty.fi\/en\/wp-json\/wp\/v2\/product_brand?post=578"},{"taxonomy":"product_cat","embeddable":true,"href":"https:\/\/taikalyhty.fi\/en\/wp-json\/wp\/v2\/product_cat?post=578"},{"taxonomy":"product_tag","embeddable":true,"href":"https:\/\/taikalyhty.fi\/en\/wp-json\/wp\/v2\/product_tag?post=578"}],"curies":[{"name":"wp","href":"https:\/\/api.w.org\/{rel}","templated":true}]}}