{"id":575,"date":"2023-04-11T14:31:22","date_gmt":"2023-04-11T11:31:22","guid":{"rendered":"https:\/\/taikalyhty.fi\/?post_type=product&#038;p=575"},"modified":"2024-02-20T13:17:24","modified_gmt":"2024-02-20T11:17:24","slug":"baarituoli-k25","status":"publish","type":"product","link":"https:\/\/taikalyhty.fi\/en\/product\/baarituoli-k25\/","title":{"rendered":"Bar stool, K25"},"content":{"rendered":"<p><strong>Korkeus:<\/strong> 67 cm<\/p>\n<p><strong>V\u00e4rivaihtoehdot:<\/strong><br \/>\nMusta (12 kpl)<br \/>\nSininen (28 kpl)<br \/>\nPunainen (10 kpl)<\/p>\n<p><strong>Ilmoita v\u00e4ritoiveesi lis\u00e4toivomukset kentt\u00e4\u00e4n.<\/strong><\/p>","protected":false},"excerpt":{"rendered":"<p><strong>Korkeus:<\/strong> 67 cm<\/p>\n<p><strong>V\u00e4rivaihtoehdot:<\/strong><br \/>\nMusta (12 kpl)<br \/>\nSininen (28 kpl)<br \/>\nPunainen (10 kpl)<\/p>\n<p><strong>Ilmoita v\u00e4ritoiveesi lis\u00e4toivomukset kentt\u00e4\u00e4n.<\/strong><\/p>\n<div style=\"border: 1px solid #ddd; border-radius: 1px; position: relative; overflow: hidden; margin-bottom: 2em;\">\n<p><iframe style=\"width: 100%; height: 35.9em; display: block;\" src=\"https:\/\/3dwarehouse.sketchup.com\/embed.html?mid=uca0fc474-cfb9-4d7e-9f39-f0bcdf1dca76\" width=\"300\" height=\"150\" frameborder=\"0\" marginwidth=\"0\" marginheight=\"0\" scrolling=\"no\" allowfullscreen=\"allowfullscreen\"><\/iframe><\/p>\n<div style=\"background: #fff; position: absolute; box-shadow: 0 0 2px rgba(0,0,0,.5); font-family: sans-serif; text-align: center; font-size: .7em; right: 0; bottom: 0; left: 0; line-height: 1.7em; padding: 10px 0;\">Tartu kuvaan py\u00f6ritt\u00e4\u00e4ksesi sit\u00e4. Shift + kuvaan tarttuminen liikuttaa sit\u00e4 linjassa. Scroll = zoom.<br \/>\nCopyright by Taikalyhty Oy \u00a9 2016<\/div>\n<\/div>","protected":false},"featured_media":825,"template":"","meta":{"_joinchat":[]},"product_brand":[],"product_cat":[69,42],"product_tag":[],"class_list":{"0":"post-575","1":"product","2":"type-product","3":"status-publish","4":"has-post-thumbnail","6":"product_cat-baarituolit","7":"product_cat-perustuotteet-messuille","9":"first","10":"instock","11":"shipping-taxable","12":"purchasable","13":"product-type-simple"},"_links":{"self":[{"href":"https:\/\/taikalyhty.fi\/en\/wp-json\/wp\/v2\/product\/575","targetHints":{"allow":["GET"]}}],"collection":[{"href":"https:\/\/taikalyhty.fi\/en\/wp-json\/wp\/v2\/product"}],"about":[{"href":"https:\/\/taikalyhty.fi\/en\/wp-json\/wp\/v2\/types\/product"}],"wp:featuredmedia":[{"embeddable":true,"href":"https:\/\/taikalyhty.fi\/en\/wp-json\/wp\/v2\/media\/825"}],"wp:attachment":[{"href":"https:\/\/taikalyhty.fi\/en\/wp-json\/wp\/v2\/media?parent=575"}],"wp:term":[{"taxonomy":"product_brand","embeddable":true,"href":"https:\/\/taikalyhty.fi\/en\/wp-json\/wp\/v2\/product_brand?post=575"},{"taxonomy":"product_cat","embeddable":true,"href":"https:\/\/taikalyhty.fi\/en\/wp-json\/wp\/v2\/product_cat?post=575"},{"taxonomy":"product_tag","embeddable":true,"href":"https:\/\/taikalyhty.fi\/en\/wp-json\/wp\/v2\/product_tag?post=575"}],"curies":[{"name":"wp","href":"https:\/\/api.w.org\/{rel}","templated":true}]}}