{"id":573,"date":"2023-04-11T14:31:21","date_gmt":"2023-04-11T11:31:21","guid":{"rendered":"https:\/\/taikalyhty.fi\/?post_type=product&#038;p=573"},"modified":"2024-04-06T10:35:29","modified_gmt":"2024-04-06T07:35:29","slug":"k20a-saadettava-pikkupoyta-3","status":"publish","type":"product","link":"https:\/\/taikalyhty.fi\/en\/product\/k20a-saadettava-pikkupoyta-3\/","title":{"rendered":"K20A, S\u00e4\u00e4dett\u00e4v\u00e4 pikkup\u00f6yt\u00e4 (3)"},"content":{"rendered":"<p>Harmaa metalli, kannen \u00f8 noin 30 cm. Korkeus s\u00e4\u00e4dett\u00e4viss\u00e4. (3)<\/p>","protected":false},"excerpt":{"rendered":"<p>Harmaa metalli, kannen \u00f8 noin 30 cm. Korkeus s\u00e4\u00e4dett\u00e4viss\u00e4. (3)<\/p>","protected":false},"featured_media":605,"template":"","meta":{"_joinchat":[]},"product_brand":[],"product_cat":[55],"product_tag":[],"class_list":{"0":"post-573","1":"product","2":"type-product","3":"status-publish","4":"has-post-thumbnail","6":"product_cat-poydat","8":"first","9":"instock","10":"shipping-taxable","11":"purchasable","12":"product-type-simple"},"_links":{"self":[{"href":"https:\/\/taikalyhty.fi\/en\/wp-json\/wp\/v2\/product\/573","targetHints":{"allow":["GET"]}}],"collection":[{"href":"https:\/\/taikalyhty.fi\/en\/wp-json\/wp\/v2\/product"}],"about":[{"href":"https:\/\/taikalyhty.fi\/en\/wp-json\/wp\/v2\/types\/product"}],"wp:featuredmedia":[{"embeddable":true,"href":"https:\/\/taikalyhty.fi\/en\/wp-json\/wp\/v2\/media\/605"}],"wp:attachment":[{"href":"https:\/\/taikalyhty.fi\/en\/wp-json\/wp\/v2\/media?parent=573"}],"wp:term":[{"taxonomy":"product_brand","embeddable":true,"href":"https:\/\/taikalyhty.fi\/en\/wp-json\/wp\/v2\/product_brand?post=573"},{"taxonomy":"product_cat","embeddable":true,"href":"https:\/\/taikalyhty.fi\/en\/wp-json\/wp\/v2\/product_cat?post=573"},{"taxonomy":"product_tag","embeddable":true,"href":"https:\/\/taikalyhty.fi\/en\/wp-json\/wp\/v2\/product_tag?post=573"}],"curies":[{"name":"wp","href":"https:\/\/api.w.org\/{rel}","templated":true}]}}