{"id":571,"date":"2023-04-11T14:31:21","date_gmt":"2023-04-11T11:31:21","guid":{"rendered":"https:\/\/taikalyhty.fi\/?post_type=product&#038;p=571"},"modified":"2023-04-11T14:31:36","modified_gmt":"2023-04-11T11:31:36","slug":"varsihalogeenivalaisin-150w-musta","status":"publish","type":"product","link":"https:\/\/taikalyhty.fi\/en\/product\/varsihalogeenivalaisin-150w-musta\/","title":{"rendered":"Varsihalogeenivalaisin 150W, musta"},"content":{"rendered":"<div data-elementor-type=\"wp-post\" data-elementor-id=\"571\" class=\"elementor elementor-571 elementor-bc-flex-widget\" data-elementor-post-type=\"product\">\n\t\t\t\t\t\t<section class=\"elementor-section elementor-top-section elementor-element elementor-element-6bef4f3c elementor-section-boxed elementor-section-height-default elementor-section-height-default\" data-id=\"6bef4f3c\" data-element_type=\"section\" data-e-type=\"section\">\n\t\t\t\t\t\t<div class=\"elementor-container elementor-column-gap-default\">\n\t\t\t\t\t<div class=\"elementor-column elementor-col-100 elementor-top-column elementor-element elementor-element-3a9b3cde\" data-id=\"3a9b3cde\" data-element_type=\"column\" data-e-type=\"column\">\n\t\t\t<div class=\"elementor-widget-wrap elementor-element-populated\">\n\t\t\t\t\t\t<div class=\"elementor-element elementor-element-7644880e elementor-widget elementor-widget-text-editor\" data-id=\"7644880e\" data-element_type=\"widget\" data-e-type=\"widget\" data-widget_type=\"text-editor.default\">\n\t\t\t\t<div class=\"elementor-widget-container\">\n\t\t\t\t\t\t\t\t\t<p>Varsihalogeenivalaisin valaisee hyvin valaisualueen, mutta ei kuitenkaan liian kirkkaasti vaan se on juuri sopiva. Valaisimien suuntaa voi s\u00e4\u00e4t\u00e4\u00e4 yl\u00f6s tai alas, joten ne voidaan my\u00f6s kohdistaa tiettyyn kohtaan.\t\t\t\t\t\t\t\t<\/div>\n\t\t\t\t<\/div>\n\t\t\t\t\t<\/div>\n\t\t<\/div>\n\t\t\t\t\t<\/div>\n\t\t<\/section>\n\t\t\t\t<\/div>","protected":false},"excerpt":{"rendered":"<p>&#8217;-Musta<\/p>\n<p>-Kiinnitys vaakaprofiiliin<\/p>\n<p>-150W<\/p>","protected":false},"featured_media":603,"template":"","meta":{"_joinchat":[]},"product_brand":[],"product_cat":[44],"product_tag":[48,45,49,50],"class_list":{"0":"post-571","1":"product","2":"type-product","3":"status-publish","4":"has-post-thumbnail","6":"product_cat-valot","7":"product_tag-150w","8":"product_tag-musta","9":"product_tag-svav","10":"product_tag-varsihalogeenivalaisin","12":"first","13":"instock","14":"shipping-taxable","15":"purchasable","16":"product-type-simple"},"_links":{"self":[{"href":"https:\/\/taikalyhty.fi\/en\/wp-json\/wp\/v2\/product\/571","targetHints":{"allow":["GET"]}}],"collection":[{"href":"https:\/\/taikalyhty.fi\/en\/wp-json\/wp\/v2\/product"}],"about":[{"href":"https:\/\/taikalyhty.fi\/en\/wp-json\/wp\/v2\/types\/product"}],"wp:featuredmedia":[{"embeddable":true,"href":"https:\/\/taikalyhty.fi\/en\/wp-json\/wp\/v2\/media\/603"}],"wp:attachment":[{"href":"https:\/\/taikalyhty.fi\/en\/wp-json\/wp\/v2\/media?parent=571"}],"wp:term":[{"taxonomy":"product_brand","embeddable":true,"href":"https:\/\/taikalyhty.fi\/en\/wp-json\/wp\/v2\/product_brand?post=571"},{"taxonomy":"product_cat","embeddable":true,"href":"https:\/\/taikalyhty.fi\/en\/wp-json\/wp\/v2\/product_cat?post=571"},{"taxonomy":"product_tag","embeddable":true,"href":"https:\/\/taikalyhty.fi\/en\/wp-json\/wp\/v2\/product_tag?post=571"}],"curies":[{"name":"wp","href":"https:\/\/api.w.org\/{rel}","templated":true}]}}