{"id":568,"date":"2023-04-11T14:31:20","date_gmt":"2023-04-11T11:31:20","guid":{"rendered":"https:\/\/taikalyhty.fi\/?post_type=product&#038;p=568"},"modified":"2023-04-11T14:31:34","modified_gmt":"2023-04-11T11:31:34","slug":"virtasyotto-10-a-230-v-jatkuva-virta-s10aj","status":"publish","type":"product","link":"https:\/\/taikalyhty.fi\/en\/product\/virtasyotto-10-a-230-v-jatkuva-virta-s10aj\/","title":{"rendered":"Virtasy\u00f6tt\u00f6 10 A\/230 V, jatkuva virta, s10AJ"},"content":{"rendered":"<p>Sis\u00e4lt\u00e4\u00e4 3-osaisen pistorasian<\/p>","protected":false},"excerpt":{"rendered":"<p>Sis\u00e4lt\u00e4\u00e4 3-osaisen pistorasian<\/p>","protected":false},"featured_media":600,"template":"","meta":{"_joinchat":[]},"product_brand":[],"product_cat":[42],"product_tag":[],"class_list":{"0":"post-568","1":"product","2":"type-product","3":"status-publish","4":"has-post-thumbnail","6":"product_cat-perustuotteet-messuille","8":"first","9":"instock","10":"shipping-taxable","11":"purchasable","12":"product-type-simple"},"_links":{"self":[{"href":"https:\/\/taikalyhty.fi\/en\/wp-json\/wp\/v2\/product\/568","targetHints":{"allow":["GET"]}}],"collection":[{"href":"https:\/\/taikalyhty.fi\/en\/wp-json\/wp\/v2\/product"}],"about":[{"href":"https:\/\/taikalyhty.fi\/en\/wp-json\/wp\/v2\/types\/product"}],"wp:featuredmedia":[{"embeddable":true,"href":"https:\/\/taikalyhty.fi\/en\/wp-json\/wp\/v2\/media\/600"}],"wp:attachment":[{"href":"https:\/\/taikalyhty.fi\/en\/wp-json\/wp\/v2\/media?parent=568"}],"wp:term":[{"taxonomy":"product_brand","embeddable":true,"href":"https:\/\/taikalyhty.fi\/en\/wp-json\/wp\/v2\/product_brand?post=568"},{"taxonomy":"product_cat","embeddable":true,"href":"https:\/\/taikalyhty.fi\/en\/wp-json\/wp\/v2\/product_cat?post=568"},{"taxonomy":"product_tag","embeddable":true,"href":"https:\/\/taikalyhty.fi\/en\/wp-json\/wp\/v2\/product_tag?post=568"}],"curies":[{"name":"wp","href":"https:\/\/api.w.org\/{rel}","templated":true}]}}